{"id":239,"date":"2022-10-05T08:08:46","date_gmt":"2022-10-05T08:08:46","guid":{"rendered":"https:\/\/jesanaip.com\/?page_id=239"},"modified":"2023-11-02T15:25:27","modified_gmt":"2023-11-02T15:25:27","slug":"registro-patentes","status":"publish","type":"page","link":"https:\/\/jesanaip.com\/registro-patentes\/","title":{"rendered":"Patentes"},"content":{"rendered":"[vc_row column_spacing=\u00bb60&#8243; remove_bottom_col_margin=\u00bbtrue\u00bb local_scroll_id=\u00bbfeatures\u00bb css=\u00bb.vc_custom_1651709476342{padding-top: 100px !important;padding-bottom: 100px !important;}\u00bb][vc_column][vc_row_inner][vc_column_inner width=\u00bb5\/6&#8243;][vc_column_text font_size=\u00bb28px\u00bb width=\u00bb750px\u00bb text_align=\u00bbleft\u00bb color=\u00bb#383838&#8243; font_family=\u00bbLora\u00bb font_weight=\u00bb400&#8243;]<strong>\u00bfC\u00f3mo patentar un producto? \u00bfEn qu\u00e9 consiste el proceso de registro de patentes?<\/strong> Estas son cuestiones que desde <strong>Jesana IP<\/strong> te queremos resolver, poni\u00e9ndonos a tu disposici\u00f3n como agencia que cuenta con un equipo de <strong>especialistas en patentes<\/strong> en el caso de que requieras de ayuda para la solicitud, informes de viabilidad del proyecto o vigilancia tecnol\u00f3gica y protecci\u00f3n durante el periodo de vigencia.[\/vc_column_text]<div class=\"vcex-spacing wpex-w-100 wpex-clear\" style=\"height:20px;\"><\/div><div class=\"vcex-module vcex-divider vcex-divider-solid wpex-my-20 vcex-divider-left wpex-float-left wpex-max-w-100 wpex-mx-auto wpex-block wpex-h-0 wpex-border-b wpex-border-solid wpex-border-main\" style=\"width:50px;border-color:#383838;\"><\/div><div class=\"vcex-clear--divider wpex-clear\"><\/div>[\/vc_column_inner][vc_column_inner width=\u00bb1\/6&#8243;][\/vc_column_inner][\/vc_row_inner]<div class=\"vcex-spacing wpex-w-100 wpex-clear\" style=\"height:30px;\"><\/div>[\/vc_column][\/vc_row][vc_row full_width=\u00bbstretch_row\u00bb content_placement=\u00bbmiddle\u00bb column_spacing=\u00bb60&#8243; css=\u00bb.vc_custom_1657810113882{padding-top: 100px !important;padding-bottom: 30px !important;background-color: #eeeeee !important;}\u00bb][vc_column][vc_row_inner content_placement=\u00bbmiddle\u00bb][vc_column_inner width=\u00bb1\/2&#8243;]<figure class=\"vcex-image vcex-module wpex-clr\"><div class=\"vcex-image-inner wpex-relative wpex-inline-block\"><img decoding=\"async\" width=\"900\" height=\"600\" src=\"https:\/\/jesanaip.com\/wp-content\/uploads\/2022\/10\/que_es_patente.jpg\" class=\"wpex-align-middle wpex-shadow-2xl\" alt=\"qu\u00e9 es una patente\" loading=\"lazy\" srcset=\"https:\/\/jesanaip.com\/wp-content\/uploads\/2022\/10\/que_es_patente.jpg 900w, https:\/\/jesanaip.com\/wp-content\/uploads\/2022\/10\/que_es_patente-300x200.jpg 300w, https:\/\/jesanaip.com\/wp-content\/uploads\/2022\/10\/que_es_patente-768x512.jpg 768w\" sizes=\"auto, (max-width: 900px) 100vw, 900px\" \/><\/div><\/figure>[\/vc_column_inner][vc_column_inner width=\u00bb1\/2&#8243;]<h2 class=\"vcex-heading vcex-module wpex-text-2xl wpex-font-normal wpex-m-auto wpex-max-w-100 vcex-heading-plain wpex-block vc_custom_1664956853912\" style=\"font-family:Lora;font-size:30px;\"><span class=\"vcex-heading-inner wpex-inline-block wpex-clr\">\u00bfQu\u00e9 es una patente?<\/span><\/h2><div class=\"vcex-spacing wpex-w-100 wpex-clear\" style=\"height:10px;\"><\/div>[vc_column_text font_size=\u00bb15px\u00bb font_family=\u00bbLora\u00bb line_height=\u00bb2.0&#8243;]Una\u00a0patente\u00a0es un t\u00edtulo por el cual se otorga a su titular (por un tiempo m\u00e1ximo limitado a un total de veinte a\u00f1os, renovables de uno en uno), el derecho de impedir los actos de fabricaci\u00f3n, oferta, introducci\u00f3n en el mercado o su utilizaci\u00f3n. En resumen, lo que una patente (o un modelo de utilidad) concede a su titular es el\u00a0<strong>derecho de que nadie explote o utilice su invenci\u00f3n sin su consentimiento<\/strong>.[\/vc_column_text][\/vc_column_inner][\/vc_row_inner][\/vc_column][\/vc_row][vc_row column_spacing=\u00bb60&#8243; remove_bottom_col_margin=\u00bbtrue\u00bb local_scroll_id=\u00bbfeatures\u00bb css=\u00bb.vc_custom_1657813199693{margin-bottom: 50px !important;padding-top: 100px !important;padding-bottom: 40px !important;}\u00bb][vc_column][vc_row_inner][vc_column_inner width=\u00bb5\/6&#8243;]<style>.vcex_69de5f7296edb{gap:10px;}@media only screen and (min-width: 640px) {.vcex_69de5f7296edb .vcex-feature-box-media{width:25%;;}.vcex_69de5f7296edb .vcex-feature-box-content{width:75%;}}<\/style><div class=\"vcex-module vcex-feature-box wpex-flex wpex-flex-col wpex-sm-flex-row wpex-justify-between left-image-right-content vcex_69de5f7296edb\"><div class=\"vcex-feature-box-media\"><div class=\"vcex-feature-box-image wpex-relative wpex-sm-text-left\"><img decoding=\"async\" width=\"128\" height=\"128\" src=\"https:\/\/jesanaip.com\/wp-content\/uploads\/2022\/10\/patente_modelo_utilidad.png\" class=\"attachment-full size-full\" alt=\"patente o modelo de utilidad\" loading=\"lazy\" \/><\/div><\/div><div class=\"vcex-feature-box-content wpex-clr\"><h2 class=\"vcex-feature-box-heading wpex-heading wpex-text-lg wpex-mb-20\" style=\"font-family:Lora;font-size:32px;font-weight:700;\">\u00bfPatente o modelo de utilidad?<\/h2><div class=\"vcex-feature-box-text wpex-last-mb-0 wpex-clr\" style=\"font-size:16px;font-weight:400;\"><div class=\"fusion-text\">\n<p>Lo primero es tener claro qu\u00e9 necesitas. \u00bfTu invenci\u00f3n requiere de una patente o de un modelo de utilidad? Los requisitos pueden parecer iguales, pero en su aplicaci\u00f3n industrial tienen distintas caracter\u00edsticas. La patente requiere de\u00a0<strong>novedad\u00a0<\/strong>(que no hayan sido publicados antes similares proyectos),\u00a0<strong>actividad inventiva<\/strong>\u00a0(que no est\u00e9n dentro del llamado `estado de la t\u00e9cnica\u00b4 y que no sean soluciones obvias para un experto en la materia, implica innovaci\u00f3n) y, por supuesto,\u00a0<strong>que sean aplicables industrialmente<\/strong>\u00a0(es decir, que sean reproducibles a nivel industrial). Adem\u00e1s, no debe ir en contra de lo considerado como moralidad ni ir contra el orden p\u00fablico.<\/p>\n<p>Sin embargo, los modelos de utilidad, a la hora de evaluar esos requisitos, aunque la exigencia de novedad es la misma, se requiere una menor actividad inventiva y, adem\u00e1s, tienen ciertas particularidades: siempre ser\u00e1n objetos, aparatos, herramientas, compuestos qu\u00edmicos no farmac\u00e9uticos o peque\u00f1os dispositivos que supongan una ventaja o utilidad para su fabricaci\u00f3n y uso. Por eso, las invenciones que consistan en un nuevo m\u00e9todo o procedimiento no pueden protegerse como modelo de utilidad.<\/p>\n<div class=\"fusion-column-content-centered\">\n<div class=\"fusion-column-content\">\n<div class=\"fusion-text\">\n<p>Si su producto es una\u00a0<strong>invenci\u00f3n implementada por ordenador\u00a0<\/strong>(una invenci\u00f3n que consiste en un software o programa inform\u00e1tico) puede ser protegido mediante patente o modelo de utilidad bajo unas determinadas condiciones t\u00e9cnicas, esencialmente, que tengan una incidencia en una variable f\u00edsica. Aunque no se contempla para algunos casos dentro la Ley de Patentes actual o en el Real Decreto 316\/2017 publicado en el Bolet\u00edn Oficial del Estado y que ejecutaba a efectos legales toda la normativa con algunas modificaciones, existen formas de protecci\u00f3n para el resto de casos.<\/p>\n<p>En este caso, desde Jesana IP podemos ofrecer<strong>\u00a0un asesoramiento integral<\/strong>, recomend\u00e1ndole la mejor forma de protecci\u00f3n de su producto inform\u00e1tico, bien como patente, bien como modelo de utilidad y\/o y asesoramiento respecto a los derechos de autor y propiedad intelectual (registro del c\u00f3digo fuente del software).<\/p>\n<\/div>\n<\/div>\n<\/div>\n<\/div>\n<\/div><\/div><\/div>[\/vc_column_inner][vc_column_inner width=\u00bb1\/6&#8243;][\/vc_column_inner][\/vc_row_inner]<div class=\"vcex-spacing wpex-w-100 wpex-clear\" style=\"height:50px;\"><\/div>[vc_row_inner][vc_column_inner width=\u00bb1\/2&#8243;]<style>.vcex_69de5f7297625{gap:10px;}@media only screen and (min-width: 640px) {.vcex_69de5f7297625 .vcex-feature-box-media{width:25%;;}.vcex_69de5f7297625 .vcex-feature-box-content{width:75%;}}<\/style><div class=\"vcex-module vcex-feature-box wpex-flex wpex-flex-col wpex-sm-flex-row wpex-justify-between left-image-right-content vcex_69de5f7297625\"><div class=\"vcex-feature-box-media\"><div class=\"vcex-feature-box-image wpex-relative wpex-sm-text-left\"><img decoding=\"async\" width=\"128\" height=\"128\" src=\"https:\/\/jesanaip.com\/wp-content\/uploads\/2022\/10\/registro_patente_espana.png\" class=\"attachment-full size-full\" alt=\"registro de patente en Espa\u00f1a\" loading=\"lazy\" \/><\/div><\/div><div class=\"vcex-feature-box-content wpex-clr\"><h2 class=\"vcex-feature-box-heading wpex-heading wpex-text-lg wpex-mb-20\" style=\"font-family:Lora;font-size:32px;font-weight:700;\">\u00bfC\u00f3mo registrar una patente en Espa\u00f1a?<\/h2><div class=\"vcex-feature-box-text wpex-last-mb-0 wpex-clr\" style=\"font-size:16px;font-weight:400;\"><div class=\"fusion-text\">\n<p>La solicitud y registro se hace en la\u00a0<strong>Oficina Espa\u00f1ola de Patentes y Marcas (OEPM)<\/strong>\u00a0de forma telem\u00e1tica a trav\u00e9s de su sede electr\u00f3nica insertando los datos de acceso de la cuenta personal.<\/p>\n<p>Si vas a necesitar comercializar un producto en la Uni\u00f3n Europea, puede que te interese saber m\u00e1s sobre la obtenci\u00f3n de Patentes Europeas. Si tu intenci\u00f3n es adentrarte en el mercado internacional o en un lugar estrat\u00e9gico de otro continente, puede que ese lugar est\u00e9 dentro del PCT (Tratado de Cooperaci\u00f3n en materia de Patentes) y de esta manera tambi\u00e9n podr\u00e1s agilizar mucho tiempo y lograr una importante ventaja frente a otras empresas competidoras.<\/p>\n<\/div>\n<\/div><\/div><\/div>[\/vc_column_inner][vc_column_inner width=\u00bb1\/2&#8243;]<style>.vcex_69de5f7297b06{gap:10px;}@media only screen and (min-width: 640px) {.vcex_69de5f7297b06 .vcex-feature-box-media{width:25%;;}.vcex_69de5f7297b06 .vcex-feature-box-content{width:75%;}}<\/style><div class=\"vcex-module vcex-feature-box wpex-flex wpex-flex-col wpex-sm-flex-row wpex-justify-between left-image-right-content vcex_69de5f7297b06\"><div class=\"vcex-feature-box-media\"><div class=\"vcex-feature-box-image wpex-relative wpex-sm-text-left\"><img decoding=\"async\" width=\"128\" height=\"128\" src=\"https:\/\/jesanaip.com\/wp-content\/uploads\/2022\/10\/presentacion_solicitud_patente.png\" class=\"attachment-full size-full\" alt=\"presentar una solicitud de patente\" loading=\"lazy\" \/><\/div><\/div><div class=\"vcex-feature-box-content wpex-clr\"><h2 class=\"vcex-feature-box-heading wpex-heading wpex-text-lg wpex-mb-20\" style=\"font-family:Lora;font-size:32px;font-weight:700;\">Requisitos para la presentaci\u00f3n de la solicitud de patente<\/h2><div class=\"vcex-feature-box-text wpex-last-mb-0 wpex-clr\" style=\"font-size:16px;font-weight:400;\"><div class=\"fusion-text\">\n<p>Adem\u00e1s de los propios requisitos exigidos para poder obtener una patente, est\u00e1n los que se piden para formalizar la solicitud. En este sentido, se debe a\u00f1adir todos los <strong>datos personales del inventor y solicitante, una descripci\u00f3n detallada de la invenci\u00f3n y un resumen de menos de 150 palabras<\/strong> que incida en la idea principal del proyecto de patente. Adem\u00e1s, una o varias reivindicaciones explicando las caracter\u00edsticas t\u00e9cnicas por las que se solicita la patente y, los casos que lo requieran, tambi\u00e9n deber\u00e1n presentar planos de la invenci\u00f3n.<\/p>\n<p>Por supuesto, habr\u00e1 que hacer el pago de tasas oficiales. Aqu\u00ed dejamos los <a href=\"https:\/\/www.oepm.es\/es\/conoce-la-propiedad-industrial\/\"><strong>precios p\u00fablicos<\/strong><\/a> de las distintas patentes (solicitud internacional, nacional y otras formas de protecci\u00f3n), as\u00ed como el coste de registrar una marca, logo o nombre comercial, que muchas veces ser\u00e1 el siguiente paso para el desarrollo de un proyecto y poder a comenzar a beneficiarse directamente de los derechos obtenidos con la patente.<\/p>\n<\/div>\n<\/div><\/div><\/div>[\/vc_column_inner][\/vc_row_inner]<div class=\"vcex-spacing wpex-w-100 wpex-clear\" style=\"height:50px;\"><\/div>[vc_row_inner][vc_column_inner width=\u00bb5\/6&#8243;]<style>.vcex_69de5f72980dd{gap:10px;}@media only screen and (min-width: 640px) {.vcex_69de5f72980dd .vcex-feature-box-media{width:25%;;}.vcex_69de5f72980dd .vcex-feature-box-content{width:75%;}}<\/style><div class=\"vcex-module vcex-feature-box wpex-flex wpex-flex-col wpex-sm-flex-row wpex-justify-between left-image-right-content vcex_69de5f72980dd\"><div class=\"vcex-feature-box-media\"><div class=\"vcex-feature-box-image wpex-relative wpex-sm-text-left\"><img decoding=\"async\" width=\"128\" height=\"128\" src=\"https:\/\/jesanaip.com\/wp-content\/uploads\/2022\/10\/obtencion_patente_jesana.png\" class=\"attachment-full size-full\" alt=\"obtener una patente\" loading=\"lazy\" \/><\/div><\/div><div class=\"vcex-feature-box-content wpex-clr\"><h2 class=\"vcex-feature-box-heading wpex-heading wpex-text-lg wpex-mb-20\" style=\"font-family:Lora;font-size:32px;font-weight:700;\">\u00bfC\u00f3mo saber si es viable la obtenci\u00f3n de una patente?<\/h2><div class=\"vcex-feature-box-text wpex-last-mb-0 wpex-clr\" style=\"font-size:16px;font-weight:400;\"><p>Desde Jesana IP ofrecemos un estudio previo con informes para establecer valoraciones sobre la\u00a0<strong>viabilidad de una patente<\/strong>\u00a0y determinar as\u00ed su car\u00e1cter novedoso, inventivo y sus posibles aplicaciones industriales. Adem\u00e1s, te ofrecemos toda la protecci\u00f3n y vigilancia posterior necesaria para que no tengas que preocuparte por nada en lo que dura el periodo de vigencia de tu patente.<\/p>\n<\/div><\/div><\/div>[\/vc_column_inner][vc_column_inner width=\u00bb1\/6&#8243;][\/vc_column_inner][\/vc_row_inner]<div class=\"vcex-spacing wpex-w-100 wpex-clear\" style=\"height:30px;\"><\/div>[\/vc_column][\/vc_row][vc_row full_width=\u00bbstretch_row\u00bb wpex_bg_overlay=\u00bbdark\u00bb remove_bottom_col_margin=\u00bbtrue\u00bb wpex_fixed_bg=\u00bbfixed\u00bb css=\u00bb.vc_custom_1657815994469{padding-top: 100px !important;padding-bottom: 100px !important;background: #111111 url(https:\/\/jesanaip.com\/wp-content\/uploads\/2016\/04\/girl-phone.jpg?id=64) !important;background-position: center !important;background-repeat: no-repeat !important;background-size: cover !important;}\u00bb wpex_bg_overlay_opacity=\u00bb0.4&#8243;][vc_column css_animation=\u00bbfadeInDown\u00bb]<h2 class=\"vcex-heading vcex-module wpex-text-2xl wpex-font-normal wpex-m-auto wpex-max-w-100 vcex-heading-plain wpex-block wpex-text-center\" style=\"color:#ffffff;font-size:34px;\"><span class=\"vcex-heading-inner wpex-inline-block wpex-clr\">Cont\u00e1ctanos<\/span><\/h2><div class=\"vcex-spacing wpex-w-100 wpex-clear\" style=\"height:20px;\"><\/div>[vc_column_text font_size=\u00bb20px\u00bb color=\u00bb#ffffff\u00bb text_align=\u00bbcenter\u00bb font_weight=\u00bb400&#8243;]\n<div class=\"fusion-text\">\n<p>\u00bfQuiere patentar uno o varios dise\u00f1os industriales? \u00bfHablar con un agente de la Propiedad Industrial para otra forma de protecci\u00f3n? Disponemos de todos los recursos para que obtengas los derechos que te corresponden.<\/p>\n<p>Esperamos haberte aclarado algunas de las cuestiones respecto a c\u00f3mo patentar un producto o idea. Si est\u00e1s buscando <strong>una empresa de registro de patentes en Valencia<\/strong>, podemos ayudarte. Jesana IP es una agencia especializada en patentes, <strong>a nivel nacional, europeo e internacional (PCT)<\/strong>. Tambi\u00e9n somos especialistas en marcas y nombres comerciales.<\/p>\n<p>\u00a1Cons\u00faltanos y te ofrecemos toda la informaci\u00f3n necesaria para tu proyecto!<\/p>\n<\/div>\n[\/vc_column_text]<div class=\"vcex-spacing wpex-w-100 wpex-clear\" style=\"height:20px;\"><\/div><div class=\"theme-button-wrap textcenter wpex-clr\"><a href=\"\/contacto\/\" title=\"Con\u00f3cenos\" class=\"vcex-button theme-button flat black align-center active inline local-scroll-link\" style=\"background:#25afb4;padding-top:14px;padding-right:28px;padding-bottom:14px;padding-left:28px;color:#ffffff;font-size:12px;font-weight:600;border-radius:3px;margin-top:10px;margin-bottom:10px;text-transform:uppercase;\" data-wpex-hover='{&quot;background&quot;:&quot;#000000&quot;,&quot;color&quot;:&quot;#ffffff&quot;}'><span class=\"theme-button-inner\">Contacta Ahora<\/span><\/a><\/div> [\/vc_column][\/vc_row]\n","protected":false},"excerpt":{"rendered":"<p>[vc_row column_spacing=\u00bb60&#8243; remove_bottom_col_margin=\u00bbtrue\u00bb local_scroll_id=\u00bbfeatures\u00bb css=\u00bb.vc_custom_1651709476342{padding-top: 100px !important;padding-bottom: 100px !important;}\u00bb][vc_column][vc_row_inner][vc_column_inner width=\u00bb5\/6&#8243;][vc_column_text font_size=\u00bb28px\u00bb width=\u00bb750px\u00bb text_align=\u00bbleft\u00bb color=\u00bb#383838&#8243; font_family=\u00bbLora\u00bb font_weight=\u00bb400&#8243;]\u00bfC\u00f3mo patentar un producto? \u00bfEn qu\u00e9 consiste el proceso de registro de patentes? Estas son cuestiones que desde Jesana IP te queremos resolver, poni\u00e9ndonos a tu disposici\u00f3n como agencia que cuenta con un equipo de especialistas en patentes en el&hellip;<\/p>\n","protected":false},"author":1,"featured_media":0,"parent":0,"menu_order":0,"comment_status":"closed","ping_status":"closed","template":"","meta":{"footnotes":""},"class_list":["post-239","page","type-page","status-publish","hentry","entry","no-media"],"yoast_head":"<!-- This site is optimized with the Yoast SEO plugin v26.4 - https:\/\/yoast.com\/wordpress\/plugins\/seo\/ -->\n<title>Registro de patentes Valencia. \u00bfC\u00f3mo registrar una patente?<\/title>\n<meta name=\"description\" content=\"JESANA IP. \u00bfTe preguntas c\u00f3mo patentar una idea o producto? Somos una empresa de especialistas en patentes. \u00a1Cons\u00faltanos sin compromiso!\" \/>\n<meta name=\"robots\" content=\"index, follow, max-snippet:-1, max-image-preview:large, max-video-preview:-1\" \/>\n<link rel=\"canonical\" href=\"https:\/\/jesanaip.com\/registro-patentes\/\" \/>\n<meta property=\"og:locale\" content=\"es_ES\" \/>\n<meta property=\"og:type\" content=\"article\" \/>\n<meta property=\"og:title\" content=\"Registro de patentes Valencia. \u00bfC\u00f3mo registrar una patente?\" \/>\n<meta property=\"og:description\" content=\"JESANA IP. \u00bfTe preguntas c\u00f3mo patentar una idea o producto? Somos una empresa de especialistas en patentes. \u00a1Cons\u00faltanos sin compromiso!\" \/>\n<meta property=\"og:url\" content=\"https:\/\/jesanaip.com\/registro-patentes\/\" \/>\n<meta property=\"og:site_name\" content=\"JESANA IP\" \/>\n<meta property=\"article:publisher\" content=\"https:\/\/www.facebook.com\/people\/Jesana-IP\/100063718263842\/\" \/>\n<meta property=\"article:modified_time\" content=\"2023-11-02T15:25:27+00:00\" \/>\n<meta property=\"og:image\" content=\"https:\/\/jesanaip.com\/wp-content\/uploads\/2022\/07\/jesanaip_logo_horizontal.png\" \/>\n\t<meta property=\"og:image:width\" content=\"395\" \/>\n\t<meta property=\"og:image:height\" content=\"102\" \/>\n\t<meta property=\"og:image:type\" content=\"image\/png\" \/>\n<meta name=\"twitter:card\" content=\"summary_large_image\" \/>\n<meta name=\"twitter:site\" content=\"@jesanaip\" \/>\n<meta name=\"twitter:label1\" content=\"Tiempo de lectura\" \/>\n\t<meta name=\"twitter:data1\" content=\"5 minutos\" \/>\n<script type=\"application\/ld+json\" class=\"yoast-schema-graph\">{\"@context\":\"https:\/\/schema.org\",\"@graph\":[{\"@type\":\"WebPage\",\"@id\":\"https:\/\/jesanaip.com\/registro-patentes\/\",\"url\":\"https:\/\/jesanaip.com\/registro-patentes\/\",\"name\":\"Registro de patentes Valencia. \u00bfC\u00f3mo registrar una patente?\",\"isPartOf\":{\"@id\":\"https:\/\/jesanaip.com\/#website\"},\"datePublished\":\"2022-10-05T08:08:46+00:00\",\"dateModified\":\"2023-11-02T15:25:27+00:00\",\"description\":\"JESANA IP. \u00bfTe preguntas c\u00f3mo patentar una idea o producto? Somos una empresa de especialistas en patentes. \u00a1Cons\u00faltanos sin compromiso!\",\"breadcrumb\":{\"@id\":\"https:\/\/jesanaip.com\/registro-patentes\/#breadcrumb\"},\"inLanguage\":\"es\",\"potentialAction\":[{\"@type\":\"ReadAction\",\"target\":[\"https:\/\/jesanaip.com\/registro-patentes\/\"]}]},{\"@type\":\"BreadcrumbList\",\"@id\":\"https:\/\/jesanaip.com\/registro-patentes\/#breadcrumb\",\"itemListElement\":[{\"@type\":\"ListItem\",\"position\":1,\"name\":\"Portada\",\"item\":\"https:\/\/jesanaip.com\/\"},{\"@type\":\"ListItem\",\"position\":2,\"name\":\"Patentes\"}]},{\"@type\":\"WebSite\",\"@id\":\"https:\/\/jesanaip.com\/#website\",\"url\":\"https:\/\/jesanaip.com\/\",\"name\":\"JESANA IP\",\"description\":\"Consultores en Propiedad Industrial con +15 a\u00f1os de experiencia. Empresa de registro de Marcas y Patentes, Modelos de utilidad y Dise\u00f1os Industriales\",\"publisher\":{\"@id\":\"https:\/\/jesanaip.com\/#organization\"},\"alternateName\":\"JESANA IP\",\"potentialAction\":[{\"@type\":\"SearchAction\",\"target\":{\"@type\":\"EntryPoint\",\"urlTemplate\":\"https:\/\/jesanaip.com\/?s={search_term_string}\"},\"query-input\":{\"@type\":\"PropertyValueSpecification\",\"valueRequired\":true,\"valueName\":\"search_term_string\"}}],\"inLanguage\":\"es\"},{\"@type\":\"Organization\",\"@id\":\"https:\/\/jesanaip.com\/#organization\",\"name\":\"JESANA PATENTES SL\",\"url\":\"https:\/\/jesanaip.com\/\",\"logo\":{\"@type\":\"ImageObject\",\"inLanguage\":\"es\",\"@id\":\"https:\/\/jesanaip.com\/#\/schema\/logo\/image\/\",\"url\":\"https:\/\/jesanaip.com\/wp-content\/uploads\/2022\/07\/JesanaIP_logo_vertical.png\",\"contentUrl\":\"https:\/\/jesanaip.com\/wp-content\/uploads\/2022\/07\/JesanaIP_logo_vertical.png\",\"width\":300,\"height\":220,\"caption\":\"JESANA PATENTES SL\"},\"image\":{\"@id\":\"https:\/\/jesanaip.com\/#\/schema\/logo\/image\/\"},\"sameAs\":[\"https:\/\/www.facebook.com\/people\/Jesana-IP\/100063718263842\/\",\"https:\/\/x.com\/jesanaip\"]}]}<\/script>\n<!-- \/ Yoast SEO plugin. -->","yoast_head_json":{"title":"Registro de patentes Valencia. \u00bfC\u00f3mo registrar una patente?","description":"JESANA IP. \u00bfTe preguntas c\u00f3mo patentar una idea o producto? Somos una empresa de especialistas en patentes. \u00a1Cons\u00faltanos sin compromiso!","robots":{"index":"index","follow":"follow","max-snippet":"max-snippet:-1","max-image-preview":"max-image-preview:large","max-video-preview":"max-video-preview:-1"},"canonical":"https:\/\/jesanaip.com\/registro-patentes\/","og_locale":"es_ES","og_type":"article","og_title":"Registro de patentes Valencia. \u00bfC\u00f3mo registrar una patente?","og_description":"JESANA IP. \u00bfTe preguntas c\u00f3mo patentar una idea o producto? Somos una empresa de especialistas en patentes. \u00a1Cons\u00faltanos sin compromiso!","og_url":"https:\/\/jesanaip.com\/registro-patentes\/","og_site_name":"JESANA IP","article_publisher":"https:\/\/www.facebook.com\/people\/Jesana-IP\/100063718263842\/","article_modified_time":"2023-11-02T15:25:27+00:00","og_image":[{"width":395,"height":102,"url":"https:\/\/jesanaip.com\/wp-content\/uploads\/2022\/07\/jesanaip_logo_horizontal.png","type":"image\/png"}],"twitter_card":"summary_large_image","twitter_site":"@jesanaip","twitter_misc":{"Tiempo de lectura":"5 minutos"},"schema":{"@context":"https:\/\/schema.org","@graph":[{"@type":"WebPage","@id":"https:\/\/jesanaip.com\/registro-patentes\/","url":"https:\/\/jesanaip.com\/registro-patentes\/","name":"Registro de patentes Valencia. \u00bfC\u00f3mo registrar una patente?","isPartOf":{"@id":"https:\/\/jesanaip.com\/#website"},"datePublished":"2022-10-05T08:08:46+00:00","dateModified":"2023-11-02T15:25:27+00:00","description":"JESANA IP. \u00bfTe preguntas c\u00f3mo patentar una idea o producto? Somos una empresa de especialistas en patentes. \u00a1Cons\u00faltanos sin compromiso!","breadcrumb":{"@id":"https:\/\/jesanaip.com\/registro-patentes\/#breadcrumb"},"inLanguage":"es","potentialAction":[{"@type":"ReadAction","target":["https:\/\/jesanaip.com\/registro-patentes\/"]}]},{"@type":"BreadcrumbList","@id":"https:\/\/jesanaip.com\/registro-patentes\/#breadcrumb","itemListElement":[{"@type":"ListItem","position":1,"name":"Portada","item":"https:\/\/jesanaip.com\/"},{"@type":"ListItem","position":2,"name":"Patentes"}]},{"@type":"WebSite","@id":"https:\/\/jesanaip.com\/#website","url":"https:\/\/jesanaip.com\/","name":"JESANA IP","description":"Consultores en Propiedad Industrial con +15 a\u00f1os de experiencia. Empresa de registro de Marcas y Patentes, Modelos de utilidad y Dise\u00f1os Industriales","publisher":{"@id":"https:\/\/jesanaip.com\/#organization"},"alternateName":"JESANA IP","potentialAction":[{"@type":"SearchAction","target":{"@type":"EntryPoint","urlTemplate":"https:\/\/jesanaip.com\/?s={search_term_string}"},"query-input":{"@type":"PropertyValueSpecification","valueRequired":true,"valueName":"search_term_string"}}],"inLanguage":"es"},{"@type":"Organization","@id":"https:\/\/jesanaip.com\/#organization","name":"JESANA PATENTES SL","url":"https:\/\/jesanaip.com\/","logo":{"@type":"ImageObject","inLanguage":"es","@id":"https:\/\/jesanaip.com\/#\/schema\/logo\/image\/","url":"https:\/\/jesanaip.com\/wp-content\/uploads\/2022\/07\/JesanaIP_logo_vertical.png","contentUrl":"https:\/\/jesanaip.com\/wp-content\/uploads\/2022\/07\/JesanaIP_logo_vertical.png","width":300,"height":220,"caption":"JESANA PATENTES SL"},"image":{"@id":"https:\/\/jesanaip.com\/#\/schema\/logo\/image\/"},"sameAs":["https:\/\/www.facebook.com\/people\/Jesana-IP\/100063718263842\/","https:\/\/x.com\/jesanaip"]}]}},"_links":{"self":[{"href":"https:\/\/jesanaip.com\/wp-json\/wp\/v2\/pages\/239","targetHints":{"allow":["GET"]}}],"collection":[{"href":"https:\/\/jesanaip.com\/wp-json\/wp\/v2\/pages"}],"about":[{"href":"https:\/\/jesanaip.com\/wp-json\/wp\/v2\/types\/page"}],"author":[{"embeddable":true,"href":"https:\/\/jesanaip.com\/wp-json\/wp\/v2\/users\/1"}],"replies":[{"embeddable":true,"href":"https:\/\/jesanaip.com\/wp-json\/wp\/v2\/comments?post=239"}],"version-history":[{"count":18,"href":"https:\/\/jesanaip.com\/wp-json\/wp\/v2\/pages\/239\/revisions"}],"predecessor-version":[{"id":676,"href":"https:\/\/jesanaip.com\/wp-json\/wp\/v2\/pages\/239\/revisions\/676"}],"wp:attachment":[{"href":"https:\/\/jesanaip.com\/wp-json\/wp\/v2\/media?parent=239"}],"curies":[{"name":"wp","href":"https:\/\/api.w.org\/{rel}","templated":true}]}}