{"id":263,"date":"2022-10-05T09:10:51","date_gmt":"2022-10-05T09:10:51","guid":{"rendered":"https:\/\/jesanaip.com\/?page_id=263"},"modified":"2022-10-05T11:44:42","modified_gmt":"2022-10-05T11:44:42","slug":"patente-europea","status":"publish","type":"page","link":"https:\/\/jesanaip.com\/patente-europea\/","title":{"rendered":"Patente europea"},"content":{"rendered":"[vc_row column_spacing=\u00bb60&#8243; remove_bottom_col_margin=\u00bbtrue\u00bb local_scroll_id=\u00bbfeatures\u00bb css=\u00bb.vc_custom_1651709476342{padding-top: 100px !important;padding-bottom: 100px !important;}\u00bb][vc_column][vc_row_inner][vc_column_inner width=\u00bb5\/6&#8243;][vc_column_text font_size=\u00bb28px\u00bb width=\u00bb750px\u00bb text_align=\u00bbleft\u00bb color=\u00bb#383838&#8243; font_family=\u00bbLora\u00bb font_weight=\u00bb400&#8243;]El <strong>Convenio de la Patente Europea (CPE)<\/strong> adoptado tras la conferencia de M\u00fanich en 1973 se plasm\u00f3 en un tratado internacional al que Espa\u00f1a se adhiri\u00f3 en octubre de 1986. Desde ese mismo momento hasta hoy en d\u00eda, en Espa\u00f1a cualquier persona natural o jur\u00eddica puede solicitar una Patente Europea.[\/vc_column_text]<div class=\"vcex-spacing wpex-w-100 wpex-clear\" style=\"height:20px;\"><\/div><div class=\"vcex-module vcex-divider vcex-divider-solid wpex-my-20 vcex-divider-left wpex-float-left wpex-max-w-100 wpex-mx-auto wpex-block wpex-h-0 wpex-border-b wpex-border-solid wpex-border-main\" style=\"width:50px;border-color:#383838;\"><\/div><div class=\"vcex-clear--divider wpex-clear\"><\/div>[\/vc_column_inner][vc_column_inner width=\u00bb1\/6&#8243;][\/vc_column_inner][\/vc_row_inner]<div class=\"vcex-spacing wpex-w-100 wpex-clear\" style=\"height:30px;\"><\/div>[\/vc_column][\/vc_row][vc_row full_width=\u00bbstretch_row\u00bb content_placement=\u00bbmiddle\u00bb column_spacing=\u00bb60&#8243; css=\u00bb.vc_custom_1657810113882{padding-top: 100px !important;padding-bottom: 30px !important;background-color: #eeeeee !important;}\u00bb][vc_column][vc_row_inner content_placement=\u00bbmiddle\u00bb][vc_column_inner width=\u00bb1\/2&#8243;]<figure class=\"vcex-image vcex-module wpex-clr\"><div class=\"vcex-image-inner wpex-relative wpex-inline-block\"><img decoding=\"async\" width=\"900\" height=\"601\" src=\"https:\/\/jesanaip.com\/wp-content\/uploads\/2022\/10\/patente_europea.jpg\" class=\"wpex-align-middle wpex-shadow-2xl\" alt=\"patente europea\" loading=\"lazy\" srcset=\"https:\/\/jesanaip.com\/wp-content\/uploads\/2022\/10\/patente_europea.jpg 900w, https:\/\/jesanaip.com\/wp-content\/uploads\/2022\/10\/patente_europea-300x200.jpg 300w, https:\/\/jesanaip.com\/wp-content\/uploads\/2022\/10\/patente_europea-768x513.jpg 768w\" sizes=\"auto, (max-width: 900px) 100vw, 900px\" \/><\/div><\/figure>[\/vc_column_inner][vc_column_inner width=\u00bb1\/2&#8243;][vc_column_text font_size=\u00bb15px\u00bb font_family=\u00bbLora\u00bb line_height=\u00bb2.0&#8243;]\n<div class=\"fusion-column-content-centered\">\n<div class=\"fusion-column-content\">\n<div class=\"fusion-text\">\n<p>Fue a partir de ese Convenio cuando tom\u00f3 forma la Organizaci\u00f3n Europea de Patentes, fruto de la voluntad colectiva de los pa\u00edses miembros de establecer un sistema uniforme de patentes para Europa. Posteriormente, con el auge de la Uni\u00f3n Europea, las cosas se fueron facilitando todav\u00eda m\u00e1s.<\/p>\n<p>De la gesti\u00f3n de cada solicitud y concesi\u00f3n se encarga la\u00a0<strong>Oficina Europea de Patentes<\/strong>, aunque en Espa\u00f1a tambi\u00e9n se puede solicitar la Patente Europea a trav\u00e9s de la Oficina Espa\u00f1ola de Patentes y Marcas (OEPM).<\/p>\n<\/div>\n<\/div>\n<\/div>\n[\/vc_column_text][\/vc_column_inner][\/vc_row_inner][\/vc_column][\/vc_row][vc_row column_spacing=\u00bb60&#8243; remove_bottom_col_margin=\u00bbtrue\u00bb local_scroll_id=\u00bbfeatures\u00bb css=\u00bb.vc_custom_1657813199693{margin-bottom: 50px !important;padding-top: 100px !important;padding-bottom: 40px !important;}\u00bb][vc_column][vc_row_inner][vc_column_inner width=\u00bb5\/6&#8243;]<style>.vcex_69dba040eb0f8{gap:10px;}@media only screen and (min-width: 640px) {.vcex_69dba040eb0f8 .vcex-feature-box-media{width:25%;;}.vcex_69dba040eb0f8 .vcex-feature-box-content{width:75%;}}<\/style><div class=\"vcex-module vcex-feature-box wpex-flex wpex-flex-col wpex-sm-flex-row wpex-justify-between left-image-right-content vcex_69dba040eb0f8\"><div class=\"vcex-feature-box-media\"><div class=\"vcex-feature-box-image wpex-relative wpex-sm-text-left\"><img decoding=\"async\" width=\"128\" height=\"128\" src=\"https:\/\/jesanaip.com\/wp-content\/uploads\/2022\/10\/derecho_de_patente.png\" class=\"attachment-full size-full\" alt=\"derecho de patente\" loading=\"lazy\" \/><\/div><\/div><div class=\"vcex-feature-box-content wpex-clr\"><h2 class=\"vcex-feature-box-heading wpex-heading wpex-text-lg wpex-mb-20\" style=\"font-family:Lora;font-size:32px;font-weight:700;\">A tener en cuenta sobre los derechos<\/h2><div class=\"vcex-feature-box-text wpex-last-mb-0 wpex-clr\" style=\"font-size:16px;font-weight:400;\"><div class=\"fusion-text\">\n<p>Es importante se\u00f1alar algunos aspectos sobre qui\u00e9n puede acceder a esos derechos que conlleva contar con una patente europea en casos muy concretos como los siguientes:<\/p>\n<ul>\n<li>Una solicitud puede ser presentada por varios solicitantes de manera conjunta.<\/li>\n<li>El derecho de Patente Europea pertenece al propio inventor o, si los hubiese, sus causahabientes. En el caso de que el inventor sea empleador del solicitante, se debe acudir a la legislaci\u00f3n del Estado en el que se ejerza la actividad por parte del empleado.<\/li>\n<li>Si una misma invenci\u00f3n es realizada por m\u00e1s de una persona de forma totalmente independiente, el derecho siempre pertenecer\u00e1 a aquel que haya hecho la solicitud con la fecha anterior siempre y cuando haya sido publicada.<\/li>\n<\/ul>\n<\/div>\n<\/div><\/div><\/div>[\/vc_column_inner][vc_column_inner width=\u00bb1\/6&#8243;][\/vc_column_inner][\/vc_row_inner]<div class=\"vcex-spacing wpex-w-100 wpex-clear\" style=\"height:50px;\"><\/div>[vc_row_inner css=\u00bb.vc_custom_1664961349889{padding-top: 40px !important;padding-bottom: 50px !important;background-color: #f7f7f7 !important;}\u00bb][vc_column_inner width=\u00bb1\/2&#8243;]<style>.vcex_69dba040ebc5e{gap:10px;}@media only screen and (min-width: 640px) {.vcex_69dba040ebc5e .vcex-feature-box-media{width:0%;;}.vcex_69dba040ebc5e .vcex-feature-box-content{width:90%;}}<\/style><div class=\"vcex-module vcex-feature-box wpex-flex wpex-flex-col wpex-sm-flex-row wpex-justify-between left-image-right-content vcex_69dba040ebc5e\"><div class=\"vcex-feature-box-media\"><div class=\"vcex-feature-box-image wpex-relative wpex-sm-text-left\"><img decoding=\"async\" src=\"https:\/\/jesanaip.com\/wp-content\/themes\/Total\/assets\/images\/placeholder.jpg\"><\/div><\/div><div class=\"vcex-feature-box-content wpex-clr\"><h2 class=\"vcex-feature-box-heading wpex-heading wpex-text-lg wpex-mb-20\" style=\"font-family:Lora;font-size:32px;font-weight:700;\">\u00bfPor qu\u00e9 puede ser interesante su obtenci\u00f3n?<\/h2><div class=\"vcex-feature-box-text wpex-last-mb-0 wpex-clr\" style=\"font-size:16px;font-weight:400;\"><p>Facilita y agiliza mucho la tarea si pretendemos\u00a0<strong>comercializar un producto fuera de las fronteras nacionales, en territorio europeo<\/strong>. Empresas competidoras se ver\u00e1n imposibilitadas a la hora de entrar con un producto en ciertos lugares estrat\u00e9gicos. Obtener un monopolio sobre un producto en un pa\u00eds es una clara ventaja competitiva y, por eso, es importante eliminar al m\u00e1ximo las barreras existentes en t\u00e9rminos burocr\u00e1ticos o administrativos. Adem\u00e1s, tendremos la tranquilidad de que nadie se va a aprovechar de una invenci\u00f3n propia.<\/p>\n<\/div><\/div><\/div>[\/vc_column_inner][vc_column_inner width=\u00bb1\/2&#8243;]<style>.vcex_69dba040ebfd6{gap:10px;}@media only screen and (min-width: 640px) {.vcex_69dba040ebfd6 .vcex-feature-box-media{width:0%;;}.vcex_69dba040ebfd6 .vcex-feature-box-content{width:90%;}}<\/style><div class=\"vcex-module vcex-feature-box wpex-flex wpex-flex-col wpex-sm-flex-row wpex-justify-between left-image-right-content vcex_69dba040ebfd6\"><div class=\"vcex-feature-box-media\"><div class=\"vcex-feature-box-image wpex-relative wpex-sm-text-left\"><img decoding=\"async\" src=\"https:\/\/jesanaip.com\/wp-content\/themes\/Total\/assets\/images\/placeholder.jpg\"><\/div><\/div><div class=\"vcex-feature-box-content wpex-clr\"><h2 class=\"vcex-feature-box-heading wpex-heading wpex-text-lg wpex-mb-20\" style=\"font-family:Lora;font-size:32px;font-weight:700;\">Requisitos para la concesi\u00f3n de patentes<\/h2><div class=\"vcex-feature-box-text wpex-last-mb-0 wpex-clr\" style=\"font-size:16px;font-weight:400;\"><p>B\u00e1sicamente, los requisitos para poder obtener una patente son tres: que tengan aplicaci\u00f3n industrial (dise\u00f1os industriales), que impliquen actividad inventiva (invenciones) y que supongan una novedad a nivel t\u00e9cnico o tecnol\u00f3gico. De esta manera, en la Ley de Patentes se dejan de lado, por ejemplo, los programas inform\u00e1ticos o software. Sin embargo, se puede acudir a la Propiedad Intelectual para proteger este tipo de invenciones.<\/p>\n<\/div><\/div><\/div>[\/vc_column_inner][\/vc_row_inner]<div class=\"vcex-spacing wpex-w-100 wpex-clear\" style=\"height:50px;\"><\/div>[vc_row_inner][vc_column_inner width=\u00bb5\/6&#8243;]<style>.vcex_69dba040ec42e{gap:10px;}@media only screen and (min-width: 640px) {.vcex_69dba040ec42e .vcex-feature-box-media{width:0%;;}.vcex_69dba040ec42e .vcex-feature-box-content{width:90%;}}<\/style><div class=\"vcex-module vcex-feature-box wpex-flex wpex-flex-col wpex-sm-flex-row wpex-justify-between left-image-right-content vcex_69dba040ec42e\"><div class=\"vcex-feature-box-media\"><div class=\"vcex-feature-box-image wpex-relative wpex-sm-text-left\"><img decoding=\"async\" src=\"https:\/\/jesanaip.com\/wp-content\/themes\/Total\/assets\/images\/placeholder.jpg\"><\/div><\/div><div class=\"vcex-feature-box-content wpex-clr\"><h2 class=\"vcex-feature-box-heading wpex-heading wpex-text-lg wpex-mb-20\" style=\"font-family:Lora;font-size:32px;font-weight:700;\">Solicitud de patente europea<\/h2><div class=\"vcex-feature-box-text wpex-last-mb-0 wpex-clr\" style=\"font-size:16px;font-weight:400;\"><div class=\"fusion-text\">\n<p>Una solicitud de patente europea se puede presentar de forma electr\u00f3nica, presencial, por correo o por fax. \u00bfD\u00f3nde? Present\u00e1ndose en persona o enviando la documentaci\u00f3n a una oficina de la OEP (est\u00e1n en Berl\u00edn, la Haya y M\u00fanich) o en las oficinas nacionales de los estados miembros de la Uni\u00f3n Europea adheridos al Convenio Europeo.<\/p>\n<p>El procedimiento de solicitud, para su tramitaci\u00f3n, debe incluir un texto descriptivo, una traducci\u00f3n del texto al ingl\u00e9s, alem\u00e1n o franc\u00e9s si est\u00e1 en otro idioma e identificar el solicitante e inventor, adem\u00e1s del pago de las tasas oficiales para una patente europea, que debe hacerse en los 6 meses posteriores a la publicaci\u00f3n de la patente. En algunos casos muy concretos, se exige alguna documentaci\u00f3n adicional.<\/p>\n<p>Las patentes europeas <strong>se publican 18 meses despu\u00e9s de la presentaci\u00f3n de la solicitud<\/strong>. Una vez concedida la patente, el solicitante debe realizar el <strong>procedimiento de validaci\u00f3n<\/strong> en cada uno de los pa\u00edses correspondientes en los que se desea tener los derechos de protecci\u00f3n de las invenciones. De esta manera, podemos saltarnos el paso de solicitar una patente nacional una por una.<\/p>\n<\/div>\n<\/div><\/div><\/div>[\/vc_column_inner][vc_column_inner width=\u00bb1\/6&#8243;][\/vc_column_inner][\/vc_row_inner]<div class=\"vcex-spacing wpex-w-100 wpex-clear\" style=\"height:30px;\"><\/div>[\/vc_column][\/vc_row][vc_row full_width=\u00bbstretch_row\u00bb wpex_bg_overlay=\u00bbdark\u00bb remove_bottom_col_margin=\u00bbtrue\u00bb wpex_fixed_bg=\u00bbfixed\u00bb css=\u00bb.vc_custom_1657815994469{padding-top: 100px !important;padding-bottom: 100px !important;background: #111111 url(https:\/\/jesanaip.com\/wp-content\/uploads\/2016\/04\/girl-phone.jpg?id=64) !important;background-position: center !important;background-repeat: no-repeat !important;background-size: cover !important;}\u00bb wpex_bg_overlay_opacity=\u00bb0.4&#8243;][vc_column css_animation=\u00bbfadeInDown\u00bb]<h2 class=\"vcex-heading vcex-module wpex-text-2xl wpex-font-normal wpex-m-auto wpex-max-w-100 vcex-heading-plain wpex-block wpex-text-center\" style=\"color:#ffffff;font-size:34px;\"><span class=\"vcex-heading-inner wpex-inline-block wpex-clr\">Contacta con nosotros<\/span><\/h2><div class=\"vcex-spacing wpex-w-100 wpex-clear\" style=\"height:20px;\"><\/div>[vc_column_text font_size=\u00bb20px\u00bb color=\u00bb#ffffff\u00bb text_align=\u00bbcenter\u00bb font_weight=\u00bb400&#8243;]\n<div class=\"fusion-text\">\n<p>\u00bfTe est\u00e1s preguntando cu\u00e1l es el precio de una patente europea? \u00bfQu\u00e9 gestiones son necesarias para hacer una solicitud correcta y sin errores? \u00bfNecesitas otro tipo de informaci\u00f3n? Cont\u00e1ctanos y resolvemos todas tus dudas. Adem\u00e1s, nos ponemos a tu disposici\u00f3n si quieres contar con nuestros servicios para obtener una concesi\u00f3n de patente europea. Podemos hacernos cargo de todo el proceso que conlleva.<\/p>\n<p>En Jesana IP somos especialistas en patentes europeas y patentes conforme al PCT, adem\u00e1s de poder ayudarte tambi\u00e9n en la b\u00fasqueda, registro y protecci\u00f3n de una marca, de un dise\u00f1o industrial o de un modelo de utilidad, incluyendo en los casos necesarios el servicio de traducci\u00f3n si es necesario.<\/p>\n<\/div>\n[\/vc_column_text]<div class=\"vcex-spacing wpex-w-100 wpex-clear\" style=\"height:20px;\"><\/div><div class=\"theme-button-wrap textcenter wpex-clr\"><a href=\"\/contacto\/\" title=\"Con\u00f3cenos\" class=\"vcex-button theme-button flat black align-center active inline local-scroll-link\" style=\"background:#25afb4;padding-top:14px;padding-right:28px;padding-bottom:14px;padding-left:28px;color:#ffffff;font-size:12px;font-weight:600;border-radius:3px;margin-top:10px;margin-bottom:10px;text-transform:uppercase;\" data-wpex-hover='{&quot;background&quot;:&quot;#000000&quot;,&quot;color&quot;:&quot;#ffffff&quot;}'><span class=\"theme-button-inner\">Contacta Ahora<\/span><\/a><\/div> [\/vc_column][\/vc_row]\n","protected":false},"excerpt":{"rendered":"<p>[vc_row column_spacing=\u00bb60&#8243; remove_bottom_col_margin=\u00bbtrue\u00bb local_scroll_id=\u00bbfeatures\u00bb css=\u00bb.vc_custom_1651709476342{padding-top: 100px !important;padding-bottom: 100px !important;}\u00bb][vc_column][vc_row_inner][vc_column_inner width=\u00bb5\/6&#8243;][vc_column_text font_size=\u00bb28px\u00bb width=\u00bb750px\u00bb text_align=\u00bbleft\u00bb color=\u00bb#383838&#8243; font_family=\u00bbLora\u00bb font_weight=\u00bb400&#8243;]El Convenio de la Patente Europea (CPE) adoptado tras la conferencia de M\u00fanich en 1973 se plasm\u00f3 en un tratado internacional al que Espa\u00f1a se adhiri\u00f3 en octubre de 1986. Desde ese mismo momento hasta hoy en d\u00eda, en Espa\u00f1a&hellip;<\/p>\n","protected":false},"author":1,"featured_media":0,"parent":0,"menu_order":0,"comment_status":"closed","ping_status":"closed","template":"","meta":{"footnotes":""},"class_list":["post-263","page","type-page","status-publish","hentry","entry","no-media"],"yoast_head":"<!-- This site is optimized with the Yoast SEO plugin v26.4 - https:\/\/yoast.com\/wordpress\/plugins\/seo\/ -->\n<title>Patente Europea. Especialistas en patentes europeas<\/title>\n<meta name=\"description\" content=\"JESANA IP. Somos especialistas en Patentes Europeas. \u00bfQuieres saber el precio de una Patente Europea? \u00a1Cons\u00faltanos sin compromiso!\" \/>\n<meta name=\"robots\" content=\"index, follow, max-snippet:-1, max-image-preview:large, max-video-preview:-1\" \/>\n<link rel=\"canonical\" href=\"https:\/\/jesanaip.com\/patente-europea\/\" \/>\n<meta property=\"og:locale\" content=\"es_ES\" \/>\n<meta property=\"og:type\" content=\"article\" \/>\n<meta property=\"og:title\" content=\"Patente Europea. Especialistas en patentes europeas\" \/>\n<meta property=\"og:description\" content=\"JESANA IP. Somos especialistas en Patentes Europeas. \u00bfQuieres saber el precio de una Patente Europea? \u00a1Cons\u00faltanos sin compromiso!\" \/>\n<meta property=\"og:url\" content=\"https:\/\/jesanaip.com\/patente-europea\/\" \/>\n<meta property=\"og:site_name\" content=\"JESANA IP\" \/>\n<meta property=\"article:publisher\" content=\"https:\/\/www.facebook.com\/people\/Jesana-IP\/100063718263842\/\" \/>\n<meta property=\"article:modified_time\" content=\"2022-10-05T11:44:42+00:00\" \/>\n<meta property=\"og:image\" content=\"https:\/\/jesanaip.com\/wp-content\/uploads\/2022\/07\/jesanaip_logo_horizontal.png\" \/>\n\t<meta property=\"og:image:width\" content=\"395\" \/>\n\t<meta property=\"og:image:height\" content=\"102\" \/>\n\t<meta property=\"og:image:type\" content=\"image\/png\" \/>\n<meta name=\"twitter:card\" content=\"summary_large_image\" \/>\n<meta name=\"twitter:site\" content=\"@jesanaip\" \/>\n<meta name=\"twitter:label1\" content=\"Tiempo de lectura\" \/>\n\t<meta name=\"twitter:data1\" content=\"5 minutos\" \/>\n<script type=\"application\/ld+json\" class=\"yoast-schema-graph\">{\"@context\":\"https:\/\/schema.org\",\"@graph\":[{\"@type\":\"WebPage\",\"@id\":\"https:\/\/jesanaip.com\/patente-europea\/\",\"url\":\"https:\/\/jesanaip.com\/patente-europea\/\",\"name\":\"Patente Europea. Especialistas en patentes europeas\",\"isPartOf\":{\"@id\":\"https:\/\/jesanaip.com\/#website\"},\"datePublished\":\"2022-10-05T09:10:51+00:00\",\"dateModified\":\"2022-10-05T11:44:42+00:00\",\"description\":\"JESANA IP. Somos especialistas en Patentes Europeas. \u00bfQuieres saber el precio de una Patente Europea? \u00a1Cons\u00faltanos sin compromiso!\",\"breadcrumb\":{\"@id\":\"https:\/\/jesanaip.com\/patente-europea\/#breadcrumb\"},\"inLanguage\":\"es\",\"potentialAction\":[{\"@type\":\"ReadAction\",\"target\":[\"https:\/\/jesanaip.com\/patente-europea\/\"]}]},{\"@type\":\"BreadcrumbList\",\"@id\":\"https:\/\/jesanaip.com\/patente-europea\/#breadcrumb\",\"itemListElement\":[{\"@type\":\"ListItem\",\"position\":1,\"name\":\"Portada\",\"item\":\"https:\/\/jesanaip.com\/\"},{\"@type\":\"ListItem\",\"position\":2,\"name\":\"Patente europea\"}]},{\"@type\":\"WebSite\",\"@id\":\"https:\/\/jesanaip.com\/#website\",\"url\":\"https:\/\/jesanaip.com\/\",\"name\":\"JESANA IP\",\"description\":\"Consultores en Propiedad Industrial con +15 a\u00f1os de experiencia. Empresa de registro de Marcas y Patentes, Modelos de utilidad y Dise\u00f1os Industriales\",\"publisher\":{\"@id\":\"https:\/\/jesanaip.com\/#organization\"},\"alternateName\":\"JESANA IP\",\"potentialAction\":[{\"@type\":\"SearchAction\",\"target\":{\"@type\":\"EntryPoint\",\"urlTemplate\":\"https:\/\/jesanaip.com\/?s={search_term_string}\"},\"query-input\":{\"@type\":\"PropertyValueSpecification\",\"valueRequired\":true,\"valueName\":\"search_term_string\"}}],\"inLanguage\":\"es\"},{\"@type\":\"Organization\",\"@id\":\"https:\/\/jesanaip.com\/#organization\",\"name\":\"JESANA PATENTES SL\",\"url\":\"https:\/\/jesanaip.com\/\",\"logo\":{\"@type\":\"ImageObject\",\"inLanguage\":\"es\",\"@id\":\"https:\/\/jesanaip.com\/#\/schema\/logo\/image\/\",\"url\":\"https:\/\/jesanaip.com\/wp-content\/uploads\/2022\/07\/JesanaIP_logo_vertical.png\",\"contentUrl\":\"https:\/\/jesanaip.com\/wp-content\/uploads\/2022\/07\/JesanaIP_logo_vertical.png\",\"width\":300,\"height\":220,\"caption\":\"JESANA PATENTES SL\"},\"image\":{\"@id\":\"https:\/\/jesanaip.com\/#\/schema\/logo\/image\/\"},\"sameAs\":[\"https:\/\/www.facebook.com\/people\/Jesana-IP\/100063718263842\/\",\"https:\/\/x.com\/jesanaip\"]}]}<\/script>\n<!-- \/ Yoast SEO plugin. -->","yoast_head_json":{"title":"Patente Europea. Especialistas en patentes europeas","description":"JESANA IP. Somos especialistas en Patentes Europeas. \u00bfQuieres saber el precio de una Patente Europea? \u00a1Cons\u00faltanos sin compromiso!","robots":{"index":"index","follow":"follow","max-snippet":"max-snippet:-1","max-image-preview":"max-image-preview:large","max-video-preview":"max-video-preview:-1"},"canonical":"https:\/\/jesanaip.com\/patente-europea\/","og_locale":"es_ES","og_type":"article","og_title":"Patente Europea. Especialistas en patentes europeas","og_description":"JESANA IP. Somos especialistas en Patentes Europeas. \u00bfQuieres saber el precio de una Patente Europea? \u00a1Cons\u00faltanos sin compromiso!","og_url":"https:\/\/jesanaip.com\/patente-europea\/","og_site_name":"JESANA IP","article_publisher":"https:\/\/www.facebook.com\/people\/Jesana-IP\/100063718263842\/","article_modified_time":"2022-10-05T11:44:42+00:00","og_image":[{"width":395,"height":102,"url":"https:\/\/jesanaip.com\/wp-content\/uploads\/2022\/07\/jesanaip_logo_horizontal.png","type":"image\/png"}],"twitter_card":"summary_large_image","twitter_site":"@jesanaip","twitter_misc":{"Tiempo de lectura":"5 minutos"},"schema":{"@context":"https:\/\/schema.org","@graph":[{"@type":"WebPage","@id":"https:\/\/jesanaip.com\/patente-europea\/","url":"https:\/\/jesanaip.com\/patente-europea\/","name":"Patente Europea. Especialistas en patentes europeas","isPartOf":{"@id":"https:\/\/jesanaip.com\/#website"},"datePublished":"2022-10-05T09:10:51+00:00","dateModified":"2022-10-05T11:44:42+00:00","description":"JESANA IP. Somos especialistas en Patentes Europeas. \u00bfQuieres saber el precio de una Patente Europea? \u00a1Cons\u00faltanos sin compromiso!","breadcrumb":{"@id":"https:\/\/jesanaip.com\/patente-europea\/#breadcrumb"},"inLanguage":"es","potentialAction":[{"@type":"ReadAction","target":["https:\/\/jesanaip.com\/patente-europea\/"]}]},{"@type":"BreadcrumbList","@id":"https:\/\/jesanaip.com\/patente-europea\/#breadcrumb","itemListElement":[{"@type":"ListItem","position":1,"name":"Portada","item":"https:\/\/jesanaip.com\/"},{"@type":"ListItem","position":2,"name":"Patente europea"}]},{"@type":"WebSite","@id":"https:\/\/jesanaip.com\/#website","url":"https:\/\/jesanaip.com\/","name":"JESANA IP","description":"Consultores en Propiedad Industrial con +15 a\u00f1os de experiencia. Empresa de registro de Marcas y Patentes, Modelos de utilidad y Dise\u00f1os Industriales","publisher":{"@id":"https:\/\/jesanaip.com\/#organization"},"alternateName":"JESANA IP","potentialAction":[{"@type":"SearchAction","target":{"@type":"EntryPoint","urlTemplate":"https:\/\/jesanaip.com\/?s={search_term_string}"},"query-input":{"@type":"PropertyValueSpecification","valueRequired":true,"valueName":"search_term_string"}}],"inLanguage":"es"},{"@type":"Organization","@id":"https:\/\/jesanaip.com\/#organization","name":"JESANA PATENTES SL","url":"https:\/\/jesanaip.com\/","logo":{"@type":"ImageObject","inLanguage":"es","@id":"https:\/\/jesanaip.com\/#\/schema\/logo\/image\/","url":"https:\/\/jesanaip.com\/wp-content\/uploads\/2022\/07\/JesanaIP_logo_vertical.png","contentUrl":"https:\/\/jesanaip.com\/wp-content\/uploads\/2022\/07\/JesanaIP_logo_vertical.png","width":300,"height":220,"caption":"JESANA PATENTES SL"},"image":{"@id":"https:\/\/jesanaip.com\/#\/schema\/logo\/image\/"},"sameAs":["https:\/\/www.facebook.com\/people\/Jesana-IP\/100063718263842\/","https:\/\/x.com\/jesanaip"]}]}},"_links":{"self":[{"href":"https:\/\/jesanaip.com\/wp-json\/wp\/v2\/pages\/263","targetHints":{"allow":["GET"]}}],"collection":[{"href":"https:\/\/jesanaip.com\/wp-json\/wp\/v2\/pages"}],"about":[{"href":"https:\/\/jesanaip.com\/wp-json\/wp\/v2\/types\/page"}],"author":[{"embeddable":true,"href":"https:\/\/jesanaip.com\/wp-json\/wp\/v2\/users\/1"}],"replies":[{"embeddable":true,"href":"https:\/\/jesanaip.com\/wp-json\/wp\/v2\/comments?post=263"}],"version-history":[{"count":7,"href":"https:\/\/jesanaip.com\/wp-json\/wp\/v2\/pages\/263\/revisions"}],"predecessor-version":[{"id":321,"href":"https:\/\/jesanaip.com\/wp-json\/wp\/v2\/pages\/263\/revisions\/321"}],"wp:attachment":[{"href":"https:\/\/jesanaip.com\/wp-json\/wp\/v2\/media?parent=263"}],"curies":[{"name":"wp","href":"https:\/\/api.w.org\/{rel}","templated":true}]}}