{"id":272,"date":"2022-10-05T09:30:13","date_gmt":"2022-10-05T09:30:13","guid":{"rendered":"https:\/\/jesanaip.com\/?page_id=272"},"modified":"2023-11-21T11:14:33","modified_gmt":"2023-11-21T11:14:33","slug":"patentes-software","status":"publish","type":"page","link":"https:\/\/jesanaip.com\/patentes-software\/","title":{"rendered":"Patentes de software"},"content":{"rendered":"[vc_row column_spacing=\u00bb60&#8243; remove_bottom_col_margin=\u00bbtrue\u00bb local_scroll_id=\u00bbfeatures\u00bb css=\u00bb.vc_custom_1651709476342{padding-top: 100px !important;padding-bottom: 100px !important;}\u00bb][vc_column][vc_row_inner][vc_column_inner width=\u00bb5\/6&#8243;][vc_column_text font_size=\u00bb28px\u00bb width=\u00bb750px\u00bb text_align=\u00bbleft\u00bb color=\u00bb#383838&#8243; font_family=\u00bbLora\u00bb font_weight=\u00bb400&#8243;]\u00bfTe has preguntado <strong>c\u00f3mo patentar un software o programas inform\u00e1ticos de ordenador<\/strong>? \u00bfEs posible el registro de <strong>patente de un software<\/strong>? Este es un tema muy complejo en el que tenemos que diferenciar entre el registro de la \u201cfuncionalidad del software\u201d, que en determinados casos puede ser susceptible de ser registrado como patente o modelo de utilidad y el registro del \u201cc\u00f3digo fuente\u201d donde se protege la implementaci\u00f3n pr\u00e1ctica de un determinado software, sin importar su funcionalidad final (es decir, no se protege \u201cun software para\u201d sino \u201ccomo est\u00e1 escrito el software\u201d).[\/vc_column_text]<div class=\"vcex-spacing wpex-w-100 wpex-clear\" style=\"height:20px;\"><\/div><div class=\"vcex-module vcex-divider vcex-divider-solid wpex-my-20 vcex-divider-left wpex-float-left wpex-max-w-100 wpex-mx-auto wpex-block wpex-h-0 wpex-border-b wpex-border-solid wpex-border-main\" style=\"width:50px;border-color:#383838;\"><\/div><div class=\"vcex-clear--divider wpex-clear\"><\/div>[\/vc_column_inner][vc_column_inner width=\u00bb1\/6&#8243;][\/vc_column_inner][\/vc_row_inner]<div class=\"vcex-spacing wpex-w-100 wpex-clear\" style=\"height:30px;\"><\/div>[\/vc_column][\/vc_row][vc_row full_width=\u00bbstretch_row\u00bb content_placement=\u00bbmiddle\u00bb column_spacing=\u00bb60&#8243; css=\u00bb.vc_custom_1657810113882{padding-top: 100px !important;padding-bottom: 30px !important;background-color: #eeeeee !important;}\u00bb][vc_column][vc_row_inner content_placement=\u00bbmiddle\u00bb][vc_column_inner width=\u00bb1\/2&#8243;]<figure class=\"vcex-image vcex-module wpex-clr\"><div class=\"vcex-image-inner wpex-relative wpex-inline-block\"><img decoding=\"async\" width=\"900\" height=\"600\" src=\"https:\/\/jesanaip.com\/wp-content\/uploads\/2022\/10\/patentes_software_consenso.jpg\" class=\"wpex-align-middle wpex-shadow-2xl\" alt=\"patente de software\" loading=\"lazy\" srcset=\"https:\/\/jesanaip.com\/wp-content\/uploads\/2022\/10\/patentes_software_consenso.jpg 900w, https:\/\/jesanaip.com\/wp-content\/uploads\/2022\/10\/patentes_software_consenso-300x200.jpg 300w, https:\/\/jesanaip.com\/wp-content\/uploads\/2022\/10\/patentes_software_consenso-768x512.jpg 768w\" sizes=\"auto, (max-width: 900px) 100vw, 900px\" \/><\/div><\/figure>[\/vc_column_inner][vc_column_inner width=\u00bb1\/2&#8243;]<h2 class=\"vcex-heading vcex-module wpex-text-2xl wpex-font-normal wpex-m-auto wpex-max-w-100 vcex-heading-plain wpex-block vc_custom_1664961844401\" style=\"font-family:Lora;font-size:30px;\"><span class=\"vcex-heading-inner wpex-inline-block wpex-clr\">Consenso sobre la protecci\u00f3n jur\u00eddica del software<\/span><\/h2><div class=\"vcex-spacing wpex-w-100 wpex-clear\" style=\"height:10px;\"><\/div>[vc_column_text font_size=\u00bb15px\u00bb font_family=\u00bbLora\u00bb line_height=\u00bb2.0&#8243;]Ante la falta de consenso internacional sobre c\u00f3mo proteger un software, muchos pa\u00edses han optado por hacer su propio marco jur\u00eddico y forma de protecci\u00f3n. Por ejemplo, en Jap\u00f3n, Estados Unidos, la Oficina Europea de Patentes y la Oficina Espa\u00f1ola de Patentes y Marcas admiten la patentabilidad del software bajo determinadas condiciones (las conocidas como invenciones implementadas por computador). No obstante, adem\u00e1s de lo anterior en Espa\u00f1a es posible la protecci\u00f3n del c\u00f3digo fuente de un determinado software mediante la\u00a0<strong>Ley de Propiedad Intelectual, en el t\u00edtulo VII<\/strong>\u00a0que hace referencia a los programas de ordenador, m\u00e1s concretamente entre los art\u00edculos 95 y 104. No as\u00ed en la Ley de Patentes del a\u00f1o 2015; todo lo contrario, ya que los programas digitales se se\u00f1alan como no aptos para ser patentados.[\/vc_column_text][\/vc_column_inner][\/vc_row_inner][\/vc_column][\/vc_row][vc_row column_spacing=\u00bb60&#8243; remove_bottom_col_margin=\u00bbtrue\u00bb local_scroll_id=\u00bbfeatures\u00bb css=\u00bb.vc_custom_1657813199693{margin-bottom: 50px !important;padding-top: 100px !important;padding-bottom: 40px !important;}\u00bb][vc_column][vc_row_inner][vc_column_inner width=\u00bb5\/6&#8243;]<style>.vcex_69e5ec54b30ed{gap:10px;}@media only screen and (min-width: 640px) {.vcex_69e5ec54b30ed .vcex-feature-box-media{width:25%;;}.vcex_69e5ec54b30ed .vcex-feature-box-content{width:75%;}}<\/style><div class=\"vcex-module vcex-feature-box wpex-flex wpex-flex-col wpex-sm-flex-row wpex-justify-between left-image-right-content vcex_69e5ec54b30ed\"><div class=\"vcex-feature-box-media\"><div class=\"vcex-feature-box-image wpex-relative wpex-sm-text-left\"><img decoding=\"async\" width=\"128\" height=\"128\" src=\"https:\/\/jesanaip.com\/wp-content\/uploads\/2022\/10\/ventajas_patentar_software.png\" class=\"attachment-full size-full\" alt=\"ventajas de patentar tu software\" loading=\"lazy\" \/><\/div><\/div><div class=\"vcex-feature-box-content wpex-clr\"><h2 class=\"vcex-feature-box-heading wpex-heading wpex-text-lg wpex-mb-20\" style=\"font-family:Lora;font-size:32px;font-weight:700;\">Ventajas<\/h2><div class=\"vcex-feature-box-text wpex-last-mb-0 wpex-clr\" style=\"font-size:16px;font-weight:400;\"><p>A pesar de que nadie duda de que un software o programa de ordenador es producto del intelecto y de la creatividad de un autor (car\u00e1cter t\u00e9cnico elevado y alto valor creativo),\u00a0<strong>es m\u00e1s dif\u00edcil definir el concepto de car\u00e1cter original y actividad inventiva<\/strong>\u00a0frente a otras obras anteriores similares o de la misma \u00e1rea de la inform\u00e1tica. Por eso, en Espa\u00f1a, la Oficina Espa\u00f1ola de Patentes y Marcas sigue el criterio jurisprudencial de la Oficina de <a href=\"https:\/\/jesanaip.com\/patente-europea\/\">Patentes Europeas<\/a> y s\u00f3lo admite el registro de los programas de ordenador con una determinada funcionalidad que implique una incidencia en una variable f\u00edsica (ser\u00eda patentable, por ejemplo, un software que optimizase la velocidad de acceso a una base de datos, pero no la base de datos en s\u00ed).<\/p>\n<p>Por otro lado, todo c\u00f3digo fuente se asimila a una obra literaria o cient\u00edfica y puede ser protegida bajo los criterios de la Propiedad Intelectual y no de la Propiedad Industrial. En cualquier caso, ambas protecciones no son excluyentes, sino complementarias, puesto que, como patente, no se protege el c\u00f3digo fuente, sino que protegemos la funcionalidad que permite resolver un determinado problema t\u00e9cnico, mientras que el registro del c\u00f3digo fuente lo que hacemos es proteger la plasmaci\u00f3n f\u00edsica de la idea en una determinada secuencia de instrucciones.<\/p>\n<\/div><\/div><\/div>[\/vc_column_inner][vc_column_inner width=\u00bb1\/6&#8243;][\/vc_column_inner][\/vc_row_inner]<div class=\"vcex-spacing wpex-w-100 wpex-clear\" style=\"height:50px;\"><\/div>[vc_row_inner][vc_column_inner width=\u00bb5\/6&#8243;]<style>.vcex_69e5ec54b37cf{gap:10px;}@media only screen and (min-width: 640px) {.vcex_69e5ec54b37cf .vcex-feature-box-media{width:25%;;}.vcex_69e5ec54b37cf .vcex-feature-box-content{width:75%;}}<\/style><div class=\"vcex-module vcex-feature-box wpex-flex wpex-flex-col wpex-sm-flex-row wpex-justify-between left-image-right-content vcex_69e5ec54b37cf\"><div class=\"vcex-feature-box-media\"><div class=\"vcex-feature-box-image wpex-relative wpex-sm-text-left\"><img decoding=\"async\" width=\"128\" height=\"128\" src=\"https:\/\/jesanaip.com\/wp-content\/uploads\/2022\/10\/protege_propiedad_intelectual.png\" class=\"attachment-full size-full\" alt=\"que puedes proteger como propiedad intelectual\" loading=\"lazy\" \/><\/div><\/div><div class=\"vcex-feature-box-content wpex-clr\"><h2 class=\"vcex-feature-box-heading wpex-heading wpex-text-lg wpex-mb-20\" style=\"font-family:Lora;font-size:32px;font-weight:700;\">\u00bfQu\u00e9 se puede proteger como Propiedad Intelectual?<\/h2><div class=\"vcex-feature-box-text wpex-last-mb-0 wpex-clr\" style=\"font-size:16px;font-weight:400;\"><p>Se protege lo relativo a las instrucciones t\u00e9cnicas que le dan forma y lo configuran, es decir, el\u00a0<strong>c\u00f3digo fuente<\/strong>, siempre que tenga un <strong>efecto t\u00e9cnico adicional<\/strong>, un grado de innovaci\u00f3n implementada, que suponga una novedad y que sea de <strong>aplicaci\u00f3n industrial<\/strong>. Esos son los requisitos para registrar un software y obtener la protecci\u00f3n de derechos mediante patente. Pero tambi\u00e9n se protege la documentaci\u00f3n previa necesaria para su programaci\u00f3n y desarrollo, as\u00ed como cualquier manual o gu\u00eda de usuario y tambi\u00e9n las siguientes versiones o actualizaciones de software.<\/p>\n<p>Lo que no se puede proteger es la idea, un principio o un boceto de lo que ser\u00e1 el proyecto, as\u00ed como su funcionalidad intr\u00ednseca (que otro autor realice un software con la misma funci\u00f3n pero distinto c\u00f3digo fuente, se considera totalmente l\u00edcito). Es por eso que, a la hora de exponer nuestro proyecto a cualquier persona o ente durante la fase previa de desarrollo, es muy aconsejable firmar un\u00a0<strong>acuerdo de confidencialidad<\/strong>\u00a0para que estas terceras personas no hagan uso de esa idea o principio que a\u00fan no se ha desarrollado.<\/p>\n<p>El problema surge que el software y programas de ordenador son productos intangibles y est\u00e1n desarrollados en peque\u00f1os soportes inform\u00e1ticos, por lo que los derechos pueden ser infringidos de una forma relativamente sencilla.<\/p>\n<\/div><\/div><\/div>[\/vc_column_inner][vc_column_inner width=\u00bb1\/6&#8243;][\/vc_column_inner][\/vc_row_inner]<div class=\"vcex-spacing wpex-w-100 wpex-clear\" style=\"height:50px;\"><\/div>[vc_row_inner][vc_column_inner width=\u00bb5\/6&#8243;]<style>.vcex_69e5ec54b3dec{gap:10px;}@media only screen and (min-width: 640px) {.vcex_69e5ec54b3dec .vcex-feature-box-media{width:0%;;}.vcex_69e5ec54b3dec .vcex-feature-box-content{width:90%;}}<\/style><div class=\"vcex-module vcex-feature-box wpex-flex wpex-flex-col wpex-sm-flex-row wpex-justify-between left-image-right-content vcex_69e5ec54b3dec\"><div class=\"vcex-feature-box-media\"><div class=\"vcex-feature-box-image wpex-relative wpex-sm-text-left\"><img decoding=\"async\" src=\"https:\/\/jesanaip.com\/wp-content\/themes\/Total\/assets\/images\/placeholder.jpg\"><\/div><\/div><div class=\"vcex-feature-box-content wpex-clr\"><h2 class=\"vcex-feature-box-heading wpex-heading wpex-text-lg wpex-mb-20\" style=\"font-family:Lora;font-size:32px;font-weight:700;\">Solicitud de patente de software<\/h2><div class=\"vcex-feature-box-text wpex-last-mb-0 wpex-clr\" style=\"font-size:16px;font-weight:400;\"><p>\u00bfC\u00f3mo registrar un software y obtener la patente? Se debe realizar en el Registro de la Propiedad Intelectual. Esta base de datos es responsabilidad del Ministerio de Cultura y Deporte. Se puede acudir al Registro Central o a los Registros Territoriales de cada Comunidad Aut\u00f3noma y los tr\u00e1mites se pueden realizar de forma telem\u00e1tica o presencialmente.<\/p>\n<p>Se debe presentar todo el c\u00f3digo fuente en soporte digital y, opcionalmente, se puede redactar una memoria con una descripci\u00f3n del software, el lenguaje de programaci\u00f3n que se ha usado para dar forma al programa inform\u00e1tico operativo, un diagrama de flujo, sistema operativo y el listado de ficheros empleado.<\/p>\n<\/div><\/div><\/div>[\/vc_column_inner][vc_column_inner width=\u00bb1\/6&#8243;][\/vc_column_inner][\/vc_row_inner]<div class=\"vcex-spacing wpex-w-100 wpex-clear\" style=\"height:30px;\"><\/div>[\/vc_column][\/vc_row][vc_row full_width=\u00bbstretch_row\u00bb wpex_bg_overlay=\u00bbdark\u00bb remove_bottom_col_margin=\u00bbtrue\u00bb wpex_fixed_bg=\u00bbfixed\u00bb css=\u00bb.vc_custom_1657815994469{padding-top: 100px !important;padding-bottom: 100px !important;background: #111111 url(https:\/\/jesanaip.com\/wp-content\/uploads\/2016\/04\/girl-phone.jpg?id=64) !important;background-position: center !important;background-repeat: no-repeat !important;background-size: cover !important;}\u00bb wpex_bg_overlay_opacity=\u00bb0.4&#8243;][vc_column css_animation=\u00bbfadeInDown\u00bb]<h2 class=\"vcex-heading vcex-module wpex-text-2xl wpex-font-normal wpex-m-auto wpex-max-w-100 vcex-heading-plain wpex-block wpex-text-center\" style=\"color:#ffffff;font-size:34px;\"><span class=\"vcex-heading-inner wpex-inline-block wpex-clr\">Entonces, \u00bfc\u00f3mo proteger el software?<\/span><\/h2><div class=\"vcex-spacing wpex-w-100 wpex-clear\" style=\"height:20px;\"><\/div>[vc_column_text font_size=\u00bb20px\u00bb color=\u00bb#ffffff\u00bb text_align=\u00bbcenter\u00bb font_weight=\u00bb400&#8243;]\u00bfPensando en proteger mediante patente un programa inform\u00e1tico o software? Lo mejor es dejarlo en manos de consultores profesionales y con la suficiente experiencia como para detectar y actuar ante este tipo de infracciones.<\/p>\n<p>En Jesana IP nos ponemos a tu disposici\u00f3n cont\u00e1ctanos para informarte sobre nuestro servicio de protecci\u00f3n de software y programas inform\u00e1ticos. Adem\u00e1s, como puedes comprobar en nuestra p\u00e1gina web, disponemos de m\u00e1s servicios que pueden serle de utilidad en un futuro cercano como, por ejemplo, el proceso para el <a href=\"https:\/\/jesanaip.com\/registro-marcas\/\">registro de marcas<\/a> o de un nombre comercial. Puede solicitar m\u00e1s informaci\u00f3n a trav\u00e9s de nuestro correo electr\u00f3nico y muy pronto obtendr\u00e1 respuesta.[\/vc_column_text]<div class=\"vcex-spacing wpex-w-100 wpex-clear\" style=\"height:20px;\"><\/div><div class=\"theme-button-wrap textcenter wpex-clr\"><a href=\"\/contacto\/\" title=\"Con\u00f3cenos\" class=\"vcex-button theme-button flat black align-center active inline local-scroll-link\" style=\"background:#25afb4;padding-top:14px;padding-right:28px;padding-bottom:14px;padding-left:28px;color:#ffffff;font-size:12px;font-weight:600;border-radius:3px;margin-top:10px;margin-bottom:10px;text-transform:uppercase;\" data-wpex-hover='{&quot;background&quot;:&quot;#000000&quot;,&quot;color&quot;:&quot;#ffffff&quot;}'><span class=\"theme-button-inner\">Contacta Ahora<\/span><\/a><\/div> [\/vc_column][\/vc_row]\n","protected":false},"excerpt":{"rendered":"<p>[vc_row column_spacing=\u00bb60&#8243; remove_bottom_col_margin=\u00bbtrue\u00bb local_scroll_id=\u00bbfeatures\u00bb css=\u00bb.vc_custom_1651709476342{padding-top: 100px !important;padding-bottom: 100px !important;}\u00bb][vc_column][vc_row_inner][vc_column_inner width=\u00bb5\/6&#8243;][vc_column_text font_size=\u00bb28px\u00bb width=\u00bb750px\u00bb text_align=\u00bbleft\u00bb color=\u00bb#383838&#8243; font_family=\u00bbLora\u00bb font_weight=\u00bb400&#8243;]\u00bfTe has preguntado c\u00f3mo patentar un software o programas inform\u00e1ticos de ordenador? \u00bfEs posible el registro de patente de un software? Este es un tema muy complejo en el que tenemos que diferenciar entre el registro de la \u201cfuncionalidad del&hellip;<\/p>\n","protected":false},"author":1,"featured_media":0,"parent":0,"menu_order":0,"comment_status":"closed","ping_status":"closed","template":"","meta":{"footnotes":""},"class_list":["post-272","page","type-page","status-publish","hentry","entry","no-media"],"yoast_head":"<!-- This site is optimized with the Yoast SEO plugin v26.4 - https:\/\/yoast.com\/wordpress\/plugins\/seo\/ -->\n<title>Patentar software. Registro patente software<\/title>\n<meta name=\"description\" content=\"JESANA IP. Servicios para Patentes de Software y protecci\u00f3n jur\u00eddica del software. M\u00e1s de 15 a\u00f1os de experiencia en Propiedad Industrial\" \/>\n<meta name=\"robots\" content=\"index, follow, max-snippet:-1, max-image-preview:large, max-video-preview:-1\" \/>\n<link rel=\"canonical\" href=\"https:\/\/jesanaip.com\/patentes-software\/\" \/>\n<meta property=\"og:locale\" content=\"es_ES\" \/>\n<meta property=\"og:type\" content=\"article\" \/>\n<meta property=\"og:title\" content=\"Patentar software. Registro patente software\" \/>\n<meta property=\"og:description\" content=\"JESANA IP. Servicios para Patentes de Software y protecci\u00f3n jur\u00eddica del software. M\u00e1s de 15 a\u00f1os de experiencia en Propiedad Industrial\" \/>\n<meta property=\"og:url\" content=\"https:\/\/jesanaip.com\/patentes-software\/\" \/>\n<meta property=\"og:site_name\" content=\"JESANA IP\" \/>\n<meta property=\"article:publisher\" content=\"https:\/\/www.facebook.com\/people\/Jesana-IP\/100063718263842\/\" \/>\n<meta property=\"article:modified_time\" content=\"2023-11-21T11:14:33+00:00\" \/>\n<meta property=\"og:image\" content=\"https:\/\/jesanaip.com\/wp-content\/uploads\/2022\/07\/jesanaip_logo_horizontal.png\" \/>\n\t<meta property=\"og:image:width\" content=\"395\" \/>\n\t<meta property=\"og:image:height\" content=\"102\" \/>\n\t<meta property=\"og:image:type\" content=\"image\/png\" \/>\n<meta name=\"twitter:card\" content=\"summary_large_image\" \/>\n<meta name=\"twitter:site\" content=\"@jesanaip\" \/>\n<meta name=\"twitter:label1\" content=\"Tiempo de lectura\" \/>\n\t<meta name=\"twitter:data1\" content=\"5 minutos\" \/>\n<script type=\"application\/ld+json\" class=\"yoast-schema-graph\">{\"@context\":\"https:\/\/schema.org\",\"@graph\":[{\"@type\":\"WebPage\",\"@id\":\"https:\/\/jesanaip.com\/patentes-software\/\",\"url\":\"https:\/\/jesanaip.com\/patentes-software\/\",\"name\":\"Patentar software. Registro patente software\",\"isPartOf\":{\"@id\":\"https:\/\/jesanaip.com\/#website\"},\"datePublished\":\"2022-10-05T09:30:13+00:00\",\"dateModified\":\"2023-11-21T11:14:33+00:00\",\"description\":\"JESANA IP. Servicios para Patentes de Software y protecci\u00f3n jur\u00eddica del software. M\u00e1s de 15 a\u00f1os de experiencia en Propiedad Industrial\",\"breadcrumb\":{\"@id\":\"https:\/\/jesanaip.com\/patentes-software\/#breadcrumb\"},\"inLanguage\":\"es\",\"potentialAction\":[{\"@type\":\"ReadAction\",\"target\":[\"https:\/\/jesanaip.com\/patentes-software\/\"]}]},{\"@type\":\"BreadcrumbList\",\"@id\":\"https:\/\/jesanaip.com\/patentes-software\/#breadcrumb\",\"itemListElement\":[{\"@type\":\"ListItem\",\"position\":1,\"name\":\"Portada\",\"item\":\"https:\/\/jesanaip.com\/\"},{\"@type\":\"ListItem\",\"position\":2,\"name\":\"Patentes de software\"}]},{\"@type\":\"WebSite\",\"@id\":\"https:\/\/jesanaip.com\/#website\",\"url\":\"https:\/\/jesanaip.com\/\",\"name\":\"JESANA IP\",\"description\":\"Consultores en Propiedad Industrial con +15 a\u00f1os de experiencia. Empresa de registro de Marcas y Patentes, Modelos de utilidad y Dise\u00f1os Industriales\",\"publisher\":{\"@id\":\"https:\/\/jesanaip.com\/#organization\"},\"alternateName\":\"JESANA IP\",\"potentialAction\":[{\"@type\":\"SearchAction\",\"target\":{\"@type\":\"EntryPoint\",\"urlTemplate\":\"https:\/\/jesanaip.com\/?s={search_term_string}\"},\"query-input\":{\"@type\":\"PropertyValueSpecification\",\"valueRequired\":true,\"valueName\":\"search_term_string\"}}],\"inLanguage\":\"es\"},{\"@type\":\"Organization\",\"@id\":\"https:\/\/jesanaip.com\/#organization\",\"name\":\"JESANA PATENTES SL\",\"url\":\"https:\/\/jesanaip.com\/\",\"logo\":{\"@type\":\"ImageObject\",\"inLanguage\":\"es\",\"@id\":\"https:\/\/jesanaip.com\/#\/schema\/logo\/image\/\",\"url\":\"https:\/\/jesanaip.com\/wp-content\/uploads\/2022\/07\/JesanaIP_logo_vertical.png\",\"contentUrl\":\"https:\/\/jesanaip.com\/wp-content\/uploads\/2022\/07\/JesanaIP_logo_vertical.png\",\"width\":300,\"height\":220,\"caption\":\"JESANA PATENTES SL\"},\"image\":{\"@id\":\"https:\/\/jesanaip.com\/#\/schema\/logo\/image\/\"},\"sameAs\":[\"https:\/\/www.facebook.com\/people\/Jesana-IP\/100063718263842\/\",\"https:\/\/x.com\/jesanaip\"]}]}<\/script>\n<!-- \/ Yoast SEO plugin. -->","yoast_head_json":{"title":"Patentar software. Registro patente software","description":"JESANA IP. Servicios para Patentes de Software y protecci\u00f3n jur\u00eddica del software. M\u00e1s de 15 a\u00f1os de experiencia en Propiedad Industrial","robots":{"index":"index","follow":"follow","max-snippet":"max-snippet:-1","max-image-preview":"max-image-preview:large","max-video-preview":"max-video-preview:-1"},"canonical":"https:\/\/jesanaip.com\/patentes-software\/","og_locale":"es_ES","og_type":"article","og_title":"Patentar software. Registro patente software","og_description":"JESANA IP. Servicios para Patentes de Software y protecci\u00f3n jur\u00eddica del software. M\u00e1s de 15 a\u00f1os de experiencia en Propiedad Industrial","og_url":"https:\/\/jesanaip.com\/patentes-software\/","og_site_name":"JESANA IP","article_publisher":"https:\/\/www.facebook.com\/people\/Jesana-IP\/100063718263842\/","article_modified_time":"2023-11-21T11:14:33+00:00","og_image":[{"width":395,"height":102,"url":"https:\/\/jesanaip.com\/wp-content\/uploads\/2022\/07\/jesanaip_logo_horizontal.png","type":"image\/png"}],"twitter_card":"summary_large_image","twitter_site":"@jesanaip","twitter_misc":{"Tiempo de lectura":"5 minutos"},"schema":{"@context":"https:\/\/schema.org","@graph":[{"@type":"WebPage","@id":"https:\/\/jesanaip.com\/patentes-software\/","url":"https:\/\/jesanaip.com\/patentes-software\/","name":"Patentar software. Registro patente software","isPartOf":{"@id":"https:\/\/jesanaip.com\/#website"},"datePublished":"2022-10-05T09:30:13+00:00","dateModified":"2023-11-21T11:14:33+00:00","description":"JESANA IP. Servicios para Patentes de Software y protecci\u00f3n jur\u00eddica del software. M\u00e1s de 15 a\u00f1os de experiencia en Propiedad Industrial","breadcrumb":{"@id":"https:\/\/jesanaip.com\/patentes-software\/#breadcrumb"},"inLanguage":"es","potentialAction":[{"@type":"ReadAction","target":["https:\/\/jesanaip.com\/patentes-software\/"]}]},{"@type":"BreadcrumbList","@id":"https:\/\/jesanaip.com\/patentes-software\/#breadcrumb","itemListElement":[{"@type":"ListItem","position":1,"name":"Portada","item":"https:\/\/jesanaip.com\/"},{"@type":"ListItem","position":2,"name":"Patentes de software"}]},{"@type":"WebSite","@id":"https:\/\/jesanaip.com\/#website","url":"https:\/\/jesanaip.com\/","name":"JESANA IP","description":"Consultores en Propiedad Industrial con +15 a\u00f1os de experiencia. Empresa de registro de Marcas y Patentes, Modelos de utilidad y Dise\u00f1os Industriales","publisher":{"@id":"https:\/\/jesanaip.com\/#organization"},"alternateName":"JESANA IP","potentialAction":[{"@type":"SearchAction","target":{"@type":"EntryPoint","urlTemplate":"https:\/\/jesanaip.com\/?s={search_term_string}"},"query-input":{"@type":"PropertyValueSpecification","valueRequired":true,"valueName":"search_term_string"}}],"inLanguage":"es"},{"@type":"Organization","@id":"https:\/\/jesanaip.com\/#organization","name":"JESANA PATENTES SL","url":"https:\/\/jesanaip.com\/","logo":{"@type":"ImageObject","inLanguage":"es","@id":"https:\/\/jesanaip.com\/#\/schema\/logo\/image\/","url":"https:\/\/jesanaip.com\/wp-content\/uploads\/2022\/07\/JesanaIP_logo_vertical.png","contentUrl":"https:\/\/jesanaip.com\/wp-content\/uploads\/2022\/07\/JesanaIP_logo_vertical.png","width":300,"height":220,"caption":"JESANA PATENTES SL"},"image":{"@id":"https:\/\/jesanaip.com\/#\/schema\/logo\/image\/"},"sameAs":["https:\/\/www.facebook.com\/people\/Jesana-IP\/100063718263842\/","https:\/\/x.com\/jesanaip"]}]}},"_links":{"self":[{"href":"https:\/\/jesanaip.com\/wp-json\/wp\/v2\/pages\/272","targetHints":{"allow":["GET"]}}],"collection":[{"href":"https:\/\/jesanaip.com\/wp-json\/wp\/v2\/pages"}],"about":[{"href":"https:\/\/jesanaip.com\/wp-json\/wp\/v2\/types\/page"}],"author":[{"embeddable":true,"href":"https:\/\/jesanaip.com\/wp-json\/wp\/v2\/users\/1"}],"replies":[{"embeddable":true,"href":"https:\/\/jesanaip.com\/wp-json\/wp\/v2\/comments?post=272"}],"version-history":[{"count":6,"href":"https:\/\/jesanaip.com\/wp-json\/wp\/v2\/pages\/272\/revisions"}],"predecessor-version":[{"id":688,"href":"https:\/\/jesanaip.com\/wp-json\/wp\/v2\/pages\/272\/revisions\/688"}],"wp:attachment":[{"href":"https:\/\/jesanaip.com\/wp-json\/wp\/v2\/media?parent=272"}],"curies":[{"name":"wp","href":"https:\/\/api.w.org\/{rel}","templated":true}]}}