{"id":280,"date":"2022-10-05T10:50:21","date_gmt":"2022-10-05T10:50:21","guid":{"rendered":"https:\/\/jesanaip.com\/?page_id=280"},"modified":"2022-10-05T11:46:41","modified_gmt":"2022-10-05T11:46:41","slug":"patentes-electronicas","status":"publish","type":"page","link":"https:\/\/jesanaip.com\/patentes-electronicas\/","title":{"rendered":"Patentes Electr\u00f3nicas"},"content":{"rendered":"[vc_row column_spacing=\u00bb60&#8243; remove_bottom_col_margin=\u00bbtrue\u00bb local_scroll_id=\u00bbfeatures\u00bb css=\u00bb.vc_custom_1651709476342{padding-top: 100px !important;padding-bottom: 100px !important;}\u00bb][vc_column][vc_row_inner][vc_column_inner width=\u00bb5\/6&#8243;][vc_column_text font_size=\u00bb28px\u00bb width=\u00bb750px\u00bb text_align=\u00bbleft\u00bb color=\u00bb#383838&#8243; font_family=\u00bbLora\u00bb font_weight=\u00bb400&#8243;]A la hora de intentar un registro de una patente electr\u00f3nica, es decir, intentar patentar un producto con base en tecnolog\u00eda electr\u00f3nica, son muchos los retos que se plantean sobre como hacerlo correctamente.[\/vc_column_text]<div class=\"vcex-spacing wpex-w-100 wpex-clear\" style=\"height:20px;\"><\/div><div class=\"vcex-module vcex-divider vcex-divider-solid wpex-my-20 vcex-divider-left wpex-float-left wpex-max-w-100 wpex-mx-auto wpex-block wpex-h-0 wpex-border-b wpex-border-solid wpex-border-main\" style=\"width:50px;border-color:#383838;\"><\/div><div class=\"vcex-clear--divider wpex-clear\"><\/div>[\/vc_column_inner][vc_column_inner width=\u00bb1\/6&#8243;][\/vc_column_inner][\/vc_row_inner]<div class=\"vcex-spacing wpex-w-100 wpex-clear\" style=\"height:30px;\"><\/div>[\/vc_column][\/vc_row][vc_row full_width=\u00bbstretch_row\u00bb content_placement=\u00bbmiddle\u00bb column_spacing=\u00bb60&#8243; css=\u00bb.vc_custom_1657810113882{padding-top: 100px !important;padding-bottom: 30px !important;background-color: #eeeeee !important;}\u00bb][vc_column][vc_row_inner content_placement=\u00bbmiddle\u00bb][vc_column_inner width=\u00bb1\/2&#8243;]<figure class=\"vcex-image vcex-module wpex-clr\"><div class=\"vcex-image-inner wpex-relative wpex-inline-block\"><img decoding=\"async\" width=\"900\" height=\"600\" src=\"https:\/\/jesanaip.com\/wp-content\/uploads\/2022\/10\/patente_electronica.jpg\" class=\"wpex-align-middle wpex-shadow-2xl\" alt=\"patente electr\u00f3nica\" loading=\"lazy\" srcset=\"https:\/\/jesanaip.com\/wp-content\/uploads\/2022\/10\/patente_electronica.jpg 900w, https:\/\/jesanaip.com\/wp-content\/uploads\/2022\/10\/patente_electronica-300x200.jpg 300w, https:\/\/jesanaip.com\/wp-content\/uploads\/2022\/10\/patente_electronica-768x512.jpg 768w\" sizes=\"auto, (max-width: 900px) 100vw, 900px\" \/><\/div><\/figure>[\/vc_column_inner][vc_column_inner width=\u00bb1\/2&#8243;][vc_column_text font_size=\u00bb15px\u00bb font_family=\u00bbLora\u00bb line_height=\u00bb2.0&#8243;]La complejidad del sector t\u00e9cnico en el que se encuadra, y los avances continuos que en dicho campo se producen continuamente, provoca una necesidad en los inventores y\/o empresas de tecnolog\u00eda con base electr\u00f3nica, a proteger sus desarrollos de la manera m\u00e1s r\u00e1pida y eficaz posible, generalmente de forma telem\u00e1tica a trav\u00e9s de la sede electr\u00f3nica de la Oficina Espa\u00f1ola de Patentes y Marcas o bien, en la Oficina de Patentes Europea (European Patent Office, EPO).[\/vc_column_text][\/vc_column_inner][\/vc_row_inner][\/vc_column][\/vc_row][vc_row column_spacing=\u00bb60&#8243; remove_bottom_col_margin=\u00bbtrue\u00bb local_scroll_id=\u00bbfeatures\u00bb css=\u00bb.vc_custom_1657813199693{margin-bottom: 50px !important;padding-top: 100px !important;padding-bottom: 40px !important;}\u00bb][vc_column][vc_row_inner][vc_column_inner width=\u00bb5\/6&#8243;]<style>.vcex_69f0ee0f81997{gap:10px;}@media only screen and (min-width: 640px) {.vcex_69f0ee0f81997 .vcex-feature-box-media{width:25%;;}.vcex_69f0ee0f81997 .vcex-feature-box-content{width:75%;}}<\/style><div class=\"vcex-module vcex-feature-box wpex-flex wpex-flex-col wpex-sm-flex-row wpex-justify-between left-image-right-content vcex_69f0ee0f81997\"><div class=\"vcex-feature-box-media\"><div class=\"vcex-feature-box-image wpex-relative wpex-sm-text-left\"><img decoding=\"async\" width=\"128\" height=\"128\" src=\"https:\/\/jesanaip.com\/wp-content\/uploads\/2022\/10\/estrategia_propiedad_intelectual.png\" class=\"attachment-full size-full\" alt=\"especialistas en patentes electr\u00f3nicas\" loading=\"lazy\" \/><\/div><\/div><div class=\"vcex-feature-box-content wpex-clr\"><div class=\"vcex-feature-box-text wpex-last-mb-0 wpex-clr\" style=\"font-size:16px;font-weight:400;\"><p>Por ello, una buena estrategia en Propiedad Industrial puede convertirse en el elemento diferenciador que proporcione el impulso necesario al producto, para diferenciarse del resto de elementos del estado de la t\u00e9cnica.<\/p>\n<p>Por eso, plasmar en una memoria t\u00e9cnica cual o cuales han sido los avances t\u00e9cnicos que proporcionan una especial idiosincrasia al dise\u00f1o del producto electr\u00f3nico, destinado a ser patentado, cobra vital importancia.<\/p>\n<p>Desde Jesana IP podemos ayudarte a lograr una correcta protecci\u00f3n de tus dispositivos o productos, poniendo a tu servicio toda la experiencia acumulada durante toda nuestra experiencia en propiedad industrial, sumado a los conocimientos t\u00e9cnicos aportados en dicho sector, como consecuencia de las titulaciones y experiencia en el \u00e1mbito laboral en dicho sector de los componentes de Jesana IP.<\/p>\n<\/div><\/div><\/div>[\/vc_column_inner][vc_column_inner width=\u00bb1\/6&#8243;][\/vc_column_inner][\/vc_row_inner]<div class=\"vcex-spacing wpex-w-100 wpex-clear\" style=\"height:50px;\"><\/div>[vc_row_inner][vc_column_inner width=\u00bb5\/6&#8243;]<style>.vcex_69f0ee0f8206b{gap:10px;}@media only screen and (min-width: 640px) {.vcex_69f0ee0f8206b .vcex-feature-box-media{width:25%;;}.vcex_69f0ee0f8206b .vcex-feature-box-content{width:75%;}}<\/style><div class=\"vcex-module vcex-feature-box wpex-flex wpex-flex-col wpex-sm-flex-row wpex-justify-between left-image-right-content vcex_69f0ee0f8206b\"><div class=\"vcex-feature-box-media\"><div class=\"vcex-feature-box-image wpex-relative wpex-sm-text-left\"><img decoding=\"async\" width=\"128\" height=\"128\" src=\"https:\/\/jesanaip.com\/wp-content\/uploads\/2022\/10\/proteccion_propiedad_intelectual.png\" class=\"attachment-full size-full\" alt=\"que puedes proteger como propiedad intelectual\" loading=\"lazy\" \/><\/div><\/div><div class=\"vcex-feature-box-content wpex-clr\"><div class=\"vcex-feature-box-text wpex-last-mb-0 wpex-clr\" style=\"font-size:16px;font-weight:400;\"><p>Consecuencia de ello, ofrecemos a los inventores la posibilidad de realizar informes t\u00e9cnicos de patentabilidad, que doten de mayor seguridad a la viabilidad del registro de la patente electr\u00f3nica, como paso previo a la obtenci\u00f3n del t\u00edtulo de patente como herramienta de defensa de sus derechos frente a posibles y\/o eventuales competidores que lesionen sus derechos y esfuerzos en el desarrollo de un dise\u00f1o de un producto electr\u00f3nico.<\/p>\n<\/div><\/div><\/div>[\/vc_column_inner][vc_column_inner width=\u00bb1\/6&#8243;][\/vc_column_inner][\/vc_row_inner]<div class=\"vcex-spacing wpex-w-100 wpex-clear\" style=\"height:50px;\"><\/div>[\/vc_column][\/vc_row]\n","protected":false},"excerpt":{"rendered":"<p>[vc_row column_spacing=\u00bb60&#8243; remove_bottom_col_margin=\u00bbtrue\u00bb local_scroll_id=\u00bbfeatures\u00bb css=\u00bb.vc_custom_1651709476342{padding-top: 100px !important;padding-bottom: 100px !important;}\u00bb][vc_column][vc_row_inner][vc_column_inner width=\u00bb5\/6&#8243;][vc_column_text font_size=\u00bb28px\u00bb width=\u00bb750px\u00bb text_align=\u00bbleft\u00bb color=\u00bb#383838&#8243; font_family=\u00bbLora\u00bb font_weight=\u00bb400&#8243;]A la hora de intentar un registro de una patente electr\u00f3nica, es decir, intentar patentar un producto con base en tecnolog\u00eda electr\u00f3nica, son muchos los retos que se plantean sobre como hacerlo correctamente.[\/vc_column_text][\/vc_column_inner][vc_column_inner width=\u00bb1\/6&#8243;][\/vc_column_inner][\/vc_row_inner][\/vc_column][\/vc_row][vc_row full_width=\u00bbstretch_row\u00bb content_placement=\u00bbmiddle\u00bb column_spacing=\u00bb60&#8243; css=\u00bb.vc_custom_1657810113882{padding-top: 100px !important;padding-bottom:&hellip;<\/p>\n","protected":false},"author":1,"featured_media":0,"parent":0,"menu_order":0,"comment_status":"closed","ping_status":"closed","template":"","meta":{"footnotes":""},"class_list":["post-280","page","type-page","status-publish","hentry","entry","no-media"],"yoast_head":"<!-- This site is optimized with the Yoast SEO plugin v26.4 - https:\/\/yoast.com\/wordpress\/plugins\/seo\/ -->\n<title>Patente electr\u00f3nica<\/title>\n<meta name=\"description\" content=\"JESANA IP. Especialistas en el registro de Patentes Electr\u00f3nicas. T\u00e9cnicos con m\u00e1s de 15 a\u00f1os de experiencia en Propiedad Industrial\" \/>\n<meta name=\"robots\" content=\"index, follow, max-snippet:-1, max-image-preview:large, max-video-preview:-1\" \/>\n<link rel=\"canonical\" href=\"https:\/\/jesanaip.com\/patentes-electronicas\/\" \/>\n<meta property=\"og:locale\" content=\"es_ES\" \/>\n<meta property=\"og:type\" content=\"article\" \/>\n<meta property=\"og:title\" content=\"Patente electr\u00f3nica\" \/>\n<meta property=\"og:description\" content=\"JESANA IP. Especialistas en el registro de Patentes Electr\u00f3nicas. T\u00e9cnicos con m\u00e1s de 15 a\u00f1os de experiencia en Propiedad Industrial\" \/>\n<meta property=\"og:url\" content=\"https:\/\/jesanaip.com\/patentes-electronicas\/\" \/>\n<meta property=\"og:site_name\" content=\"JESANA IP\" \/>\n<meta property=\"article:publisher\" content=\"https:\/\/www.facebook.com\/people\/Jesana-IP\/100063718263842\/\" \/>\n<meta property=\"article:modified_time\" content=\"2022-10-05T11:46:41+00:00\" \/>\n<meta property=\"og:image\" content=\"https:\/\/jesanaip.com\/wp-content\/uploads\/2022\/07\/jesanaip_logo_horizontal.png\" \/>\n\t<meta property=\"og:image:width\" content=\"395\" \/>\n\t<meta property=\"og:image:height\" content=\"102\" \/>\n\t<meta property=\"og:image:type\" content=\"image\/png\" \/>\n<meta name=\"twitter:card\" content=\"summary_large_image\" \/>\n<meta name=\"twitter:site\" content=\"@jesanaip\" \/>\n<meta name=\"twitter:label1\" content=\"Tiempo de lectura\" \/>\n\t<meta name=\"twitter:data1\" content=\"2 minutos\" \/>\n<script type=\"application\/ld+json\" class=\"yoast-schema-graph\">{\"@context\":\"https:\/\/schema.org\",\"@graph\":[{\"@type\":\"WebPage\",\"@id\":\"https:\/\/jesanaip.com\/patentes-electronicas\/\",\"url\":\"https:\/\/jesanaip.com\/patentes-electronicas\/\",\"name\":\"Patente electr\u00f3nica\",\"isPartOf\":{\"@id\":\"https:\/\/jesanaip.com\/#website\"},\"datePublished\":\"2022-10-05T10:50:21+00:00\",\"dateModified\":\"2022-10-05T11:46:41+00:00\",\"description\":\"JESANA IP. Especialistas en el registro de Patentes Electr\u00f3nicas. T\u00e9cnicos con m\u00e1s de 15 a\u00f1os de experiencia en Propiedad Industrial\",\"breadcrumb\":{\"@id\":\"https:\/\/jesanaip.com\/patentes-electronicas\/#breadcrumb\"},\"inLanguage\":\"es\",\"potentialAction\":[{\"@type\":\"ReadAction\",\"target\":[\"https:\/\/jesanaip.com\/patentes-electronicas\/\"]}]},{\"@type\":\"BreadcrumbList\",\"@id\":\"https:\/\/jesanaip.com\/patentes-electronicas\/#breadcrumb\",\"itemListElement\":[{\"@type\":\"ListItem\",\"position\":1,\"name\":\"Portada\",\"item\":\"https:\/\/jesanaip.com\/\"},{\"@type\":\"ListItem\",\"position\":2,\"name\":\"Patentes Electr\u00f3nicas\"}]},{\"@type\":\"WebSite\",\"@id\":\"https:\/\/jesanaip.com\/#website\",\"url\":\"https:\/\/jesanaip.com\/\",\"name\":\"JESANA IP\",\"description\":\"Consultores en Propiedad Industrial con +15 a\u00f1os de experiencia. Empresa de registro de Marcas y Patentes, Modelos de utilidad y Dise\u00f1os Industriales\",\"publisher\":{\"@id\":\"https:\/\/jesanaip.com\/#organization\"},\"alternateName\":\"JESANA IP\",\"potentialAction\":[{\"@type\":\"SearchAction\",\"target\":{\"@type\":\"EntryPoint\",\"urlTemplate\":\"https:\/\/jesanaip.com\/?s={search_term_string}\"},\"query-input\":{\"@type\":\"PropertyValueSpecification\",\"valueRequired\":true,\"valueName\":\"search_term_string\"}}],\"inLanguage\":\"es\"},{\"@type\":\"Organization\",\"@id\":\"https:\/\/jesanaip.com\/#organization\",\"name\":\"JESANA PATENTES SL\",\"url\":\"https:\/\/jesanaip.com\/\",\"logo\":{\"@type\":\"ImageObject\",\"inLanguage\":\"es\",\"@id\":\"https:\/\/jesanaip.com\/#\/schema\/logo\/image\/\",\"url\":\"https:\/\/jesanaip.com\/wp-content\/uploads\/2022\/07\/JesanaIP_logo_vertical.png\",\"contentUrl\":\"https:\/\/jesanaip.com\/wp-content\/uploads\/2022\/07\/JesanaIP_logo_vertical.png\",\"width\":300,\"height\":220,\"caption\":\"JESANA PATENTES SL\"},\"image\":{\"@id\":\"https:\/\/jesanaip.com\/#\/schema\/logo\/image\/\"},\"sameAs\":[\"https:\/\/www.facebook.com\/people\/Jesana-IP\/100063718263842\/\",\"https:\/\/x.com\/jesanaip\"]}]}<\/script>\n<!-- \/ Yoast SEO plugin. -->","yoast_head_json":{"title":"Patente electr\u00f3nica","description":"JESANA IP. Especialistas en el registro de Patentes Electr\u00f3nicas. T\u00e9cnicos con m\u00e1s de 15 a\u00f1os de experiencia en Propiedad Industrial","robots":{"index":"index","follow":"follow","max-snippet":"max-snippet:-1","max-image-preview":"max-image-preview:large","max-video-preview":"max-video-preview:-1"},"canonical":"https:\/\/jesanaip.com\/patentes-electronicas\/","og_locale":"es_ES","og_type":"article","og_title":"Patente electr\u00f3nica","og_description":"JESANA IP. Especialistas en el registro de Patentes Electr\u00f3nicas. T\u00e9cnicos con m\u00e1s de 15 a\u00f1os de experiencia en Propiedad Industrial","og_url":"https:\/\/jesanaip.com\/patentes-electronicas\/","og_site_name":"JESANA IP","article_publisher":"https:\/\/www.facebook.com\/people\/Jesana-IP\/100063718263842\/","article_modified_time":"2022-10-05T11:46:41+00:00","og_image":[{"width":395,"height":102,"url":"https:\/\/jesanaip.com\/wp-content\/uploads\/2022\/07\/jesanaip_logo_horizontal.png","type":"image\/png"}],"twitter_card":"summary_large_image","twitter_site":"@jesanaip","twitter_misc":{"Tiempo de lectura":"2 minutos"},"schema":{"@context":"https:\/\/schema.org","@graph":[{"@type":"WebPage","@id":"https:\/\/jesanaip.com\/patentes-electronicas\/","url":"https:\/\/jesanaip.com\/patentes-electronicas\/","name":"Patente electr\u00f3nica","isPartOf":{"@id":"https:\/\/jesanaip.com\/#website"},"datePublished":"2022-10-05T10:50:21+00:00","dateModified":"2022-10-05T11:46:41+00:00","description":"JESANA IP. Especialistas en el registro de Patentes Electr\u00f3nicas. T\u00e9cnicos con m\u00e1s de 15 a\u00f1os de experiencia en Propiedad Industrial","breadcrumb":{"@id":"https:\/\/jesanaip.com\/patentes-electronicas\/#breadcrumb"},"inLanguage":"es","potentialAction":[{"@type":"ReadAction","target":["https:\/\/jesanaip.com\/patentes-electronicas\/"]}]},{"@type":"BreadcrumbList","@id":"https:\/\/jesanaip.com\/patentes-electronicas\/#breadcrumb","itemListElement":[{"@type":"ListItem","position":1,"name":"Portada","item":"https:\/\/jesanaip.com\/"},{"@type":"ListItem","position":2,"name":"Patentes Electr\u00f3nicas"}]},{"@type":"WebSite","@id":"https:\/\/jesanaip.com\/#website","url":"https:\/\/jesanaip.com\/","name":"JESANA IP","description":"Consultores en Propiedad Industrial con +15 a\u00f1os de experiencia. Empresa de registro de Marcas y Patentes, Modelos de utilidad y Dise\u00f1os Industriales","publisher":{"@id":"https:\/\/jesanaip.com\/#organization"},"alternateName":"JESANA IP","potentialAction":[{"@type":"SearchAction","target":{"@type":"EntryPoint","urlTemplate":"https:\/\/jesanaip.com\/?s={search_term_string}"},"query-input":{"@type":"PropertyValueSpecification","valueRequired":true,"valueName":"search_term_string"}}],"inLanguage":"es"},{"@type":"Organization","@id":"https:\/\/jesanaip.com\/#organization","name":"JESANA PATENTES SL","url":"https:\/\/jesanaip.com\/","logo":{"@type":"ImageObject","inLanguage":"es","@id":"https:\/\/jesanaip.com\/#\/schema\/logo\/image\/","url":"https:\/\/jesanaip.com\/wp-content\/uploads\/2022\/07\/JesanaIP_logo_vertical.png","contentUrl":"https:\/\/jesanaip.com\/wp-content\/uploads\/2022\/07\/JesanaIP_logo_vertical.png","width":300,"height":220,"caption":"JESANA PATENTES SL"},"image":{"@id":"https:\/\/jesanaip.com\/#\/schema\/logo\/image\/"},"sameAs":["https:\/\/www.facebook.com\/people\/Jesana-IP\/100063718263842\/","https:\/\/x.com\/jesanaip"]}]}},"_links":{"self":[{"href":"https:\/\/jesanaip.com\/wp-json\/wp\/v2\/pages\/280","targetHints":{"allow":["GET"]}}],"collection":[{"href":"https:\/\/jesanaip.com\/wp-json\/wp\/v2\/pages"}],"about":[{"href":"https:\/\/jesanaip.com\/wp-json\/wp\/v2\/types\/page"}],"author":[{"embeddable":true,"href":"https:\/\/jesanaip.com\/wp-json\/wp\/v2\/users\/1"}],"replies":[{"embeddable":true,"href":"https:\/\/jesanaip.com\/wp-json\/wp\/v2\/comments?post=280"}],"version-history":[{"count":4,"href":"https:\/\/jesanaip.com\/wp-json\/wp\/v2\/pages\/280\/revisions"}],"predecessor-version":[{"id":323,"href":"https:\/\/jesanaip.com\/wp-json\/wp\/v2\/pages\/280\/revisions\/323"}],"wp:attachment":[{"href":"https:\/\/jesanaip.com\/wp-json\/wp\/v2\/media?parent=280"}],"curies":[{"name":"wp","href":"https:\/\/api.w.org\/{rel}","templated":true}]}}