{"id":329,"date":"2022-10-05T14:28:18","date_gmt":"2022-10-05T14:28:18","guid":{"rendered":"https:\/\/jesanaip.com\/?page_id=329"},"modified":"2023-11-02T15:25:46","modified_gmt":"2023-11-02T15:25:46","slug":"registro-marcas","status":"publish","type":"page","link":"https:\/\/jesanaip.com\/registro-marcas\/","title":{"rendered":"Marcas"},"content":{"rendered":"[vc_row column_spacing=\u00bb60&#8243; remove_bottom_col_margin=\u00bbtrue\u00bb local_scroll_id=\u00bbfeatures\u00bb css=\u00bb.vc_custom_1651709476342{padding-top: 100px !important;padding-bottom: 100px !important;}\u00bb][vc_column][vc_row_inner][vc_column_inner width=\u00bb5\/6&#8243;][vc_column_text font_size=\u00bb28px\u00bb width=\u00bb750px\u00bb text_align=\u00bbleft\u00bb color=\u00bb#383838&#8243; font_family=\u00bbLora\u00bb font_weight=\u00bb400&#8243;]\u00bfTe est\u00e1s preguntando <strong>c\u00f3mo registrar una marca comercial<\/strong>? \u00bfEst\u00e1s buscando una empresa de <strong>registro de marcas en Valencia<\/strong>? Una <strong>marca<\/strong> es un signo distintivo cuya funci\u00f3n es la de diferenciar en el mercado los productos o servicios de su titular frente a los productos o servicios ofrecidos por sus competidores, y m\u00e1s concretamente, sirve para (entre otros) identificar su procedencia, su indicativo de calidad, como soporte publicitario y como elemento condensador de la buena reputaci\u00f3n ofrecida por sus productos o servicios.[\/vc_column_text]<div class=\"vcex-spacing wpex-w-100 wpex-clear\" style=\"height:20px;\"><\/div><div class=\"vcex-module vcex-divider vcex-divider-solid wpex-my-20 vcex-divider-left wpex-float-left wpex-max-w-100 wpex-mx-auto wpex-block wpex-h-0 wpex-border-b wpex-border-solid wpex-border-main\" style=\"width:50px;border-color:#383838;\"><\/div><div class=\"vcex-clear--divider wpex-clear\"><\/div>[\/vc_column_inner][vc_column_inner width=\u00bb1\/6&#8243;][\/vc_column_inner][\/vc_row_inner]<div class=\"vcex-spacing wpex-w-100 wpex-clear\" style=\"height:30px;\"><\/div>[\/vc_column][\/vc_row][vc_row full_width=\u00bbstretch_row\u00bb content_placement=\u00bbmiddle\u00bb column_spacing=\u00bb60&#8243; css=\u00bb.vc_custom_1657810113882{padding-top: 100px !important;padding-bottom: 30px !important;background-color: #eeeeee !important;}\u00bb][vc_column][vc_row_inner content_placement=\u00bbmiddle\u00bb][vc_column_inner width=\u00bb1\/2&#8243;]<figure class=\"vcex-image vcex-module wpex-clr\"><div class=\"vcex-image-inner wpex-relative wpex-inline-block\"><img decoding=\"async\" width=\"900\" height=\"602\" src=\"https:\/\/jesanaip.com\/wp-content\/uploads\/2022\/10\/nombre_comercial_marca.jpg\" class=\"wpex-align-middle wpex-shadow-2xl\" alt=\"nombre comercial o marca\" loading=\"lazy\" srcset=\"https:\/\/jesanaip.com\/wp-content\/uploads\/2022\/10\/nombre_comercial_marca.jpg 900w, https:\/\/jesanaip.com\/wp-content\/uploads\/2022\/10\/nombre_comercial_marca-300x201.jpg 300w, https:\/\/jesanaip.com\/wp-content\/uploads\/2022\/10\/nombre_comercial_marca-768x514.jpg 768w\" sizes=\"auto, (max-width: 900px) 100vw, 900px\" \/><\/div><\/figure>[\/vc_column_inner][vc_column_inner width=\u00bb1\/2&#8243;]<h2 class=\"vcex-heading vcex-module wpex-text-2xl wpex-font-normal wpex-m-auto wpex-max-w-100 vcex-heading-plain wpex-block vc_custom_1664979529966\" style=\"font-family:Lora;font-size:30px;\"><span class=\"vcex-heading-inner wpex-inline-block wpex-clr\">\u00bfC\u00f3mo registrar un nombre comercial o marca?<\/span><\/h2><div class=\"vcex-spacing wpex-w-100 wpex-clear\" style=\"height:10px;\"><\/div>[vc_column_text font_size=\u00bb15px\u00bb font_family=\u00bbLora\u00bb line_height=\u00bb2.0&#8243;]Respecto a esta pregunta, queremos se\u00f1alar la importancia de diferenciar entre nombre comercial y marca. Aunque aqu\u00ed, nos referiremos a ambos durante estas l\u00edneas. La marca es el s\u00edmbolo, ese signo distintivo, ese logotipo que identifica servicios o productos de una empresa. El nombre comercial es esa denominaci\u00f3n que se le da dentro del tr\u00e1fico mercantil diferenci\u00e1ndose de otros productos o servicios similares.[\/vc_column_text][\/vc_column_inner][\/vc_row_inner]<div class=\"vcex-spacing wpex-w-100 wpex-clear\" style=\"height:10px;\"><\/div>[vc_column_text font_size=\u00bb15px\u00bb font_family=\u00bbLora\u00bb line_height=\u00bb2.0&#8243;]Para registrar una marca en Espa\u00f1a, se debe presentar la solicitud y abonar las correspondientes tasas, tanto si se registra una marca online como si se hace presencialmente. De forma presencial se debe rellenar un formulario de solicitud de registro de marca, a modo identificaci\u00f3n y, tras esto, se presenta en la\u00a0<strong>Oficina Espa\u00f1ola de Patentes y Marcas<\/strong>\u00a0(adscrito como organismo aut\u00f3nomo dentro del Ministerio de Industria, Comercio y Turismo) junto al justificante del\u00a0<strong>pago de tasas<\/strong>. El registro, como dec\u00edamos, tambi\u00e9n se puede hacer online. Sin embargo, en ambos casos existen riesgos por desconocimiento y que as\u00ed aparezcan fallos de forma o de contenido que hagan que la solicitud sea rechazada, volviendo a tener que realizar el proceso dentro de un plazo establecido.[\/vc_column_text][\/vc_column][\/vc_row][vc_row column_spacing=\u00bb60&#8243; remove_bottom_col_margin=\u00bbtrue\u00bb local_scroll_id=\u00bbfeatures\u00bb css=\u00bb.vc_custom_1657813199693{margin-bottom: 50px !important;padding-top: 100px !important;padding-bottom: 40px !important;}\u00bb][vc_column][vc_row_inner][vc_column_inner width=\u00bb1\/2&#8243;]<style>.vcex_69e6047733f9e{gap:10px;}@media only screen and (min-width: 640px) {.vcex_69e6047733f9e .vcex-feature-box-media{width:25%;;}.vcex_69e6047733f9e .vcex-feature-box-content{width:75%;}}<\/style><div class=\"vcex-module vcex-feature-box wpex-flex wpex-flex-col wpex-sm-flex-row wpex-justify-between left-image-right-content vcex_69e6047733f9e\"><div class=\"vcex-feature-box-media\"><div class=\"vcex-feature-box-image wpex-relative wpex-sm-text-left\"><img decoding=\"async\" width=\"128\" height=\"128\" src=\"https:\/\/jesanaip.com\/wp-content\/uploads\/2022\/10\/importante_registrar_marca.png\" class=\"attachment-full size-full\" alt=\"importancia de registrar una marca\" loading=\"lazy\" \/><\/div><\/div><div class=\"vcex-feature-box-content wpex-clr\"><h2 class=\"vcex-feature-box-heading wpex-heading wpex-text-lg wpex-mb-20\" style=\"font-family:Lora;font-size:32px;font-weight:700;\">\u00bfPor qu\u00e9 es tan importante registrar una marca?<\/h2><div class=\"vcex-feature-box-text wpex-last-mb-0 wpex-clr\" style=\"font-size:16px;font-weight:400;\"><p>La marca es un\u00a0<strong>pilar fundamental de cualquier negocio<\/strong>, sea cual sea el sector al que nos refiramos. No solamente denota la calidad de un servicio en concreto, sino que tambi\u00e9n da forma a ese conjunto de caracter\u00edsticas que conforman la personalidad y los valores de una compa\u00f1\u00eda. Eso lo tiene claro cualquier persona. Entonces, \u00bfpor qu\u00e9 a veces se duda de la importancia de registrar una marca?<\/p>\n<p>Registrar una marca es fundamental para proteger este pilar b\u00e1sico de un negocio. Es eso que le viene a la mente a cualquier persona cuando piensa en los productos y servicios que ofrece una empresa.<\/p>\n<\/div><\/div><\/div>[\/vc_column_inner][vc_column_inner width=\u00bb1\/2&#8243;]<style>.vcex_69e604773455c{gap:10px;}@media only screen and (min-width: 640px) {.vcex_69e604773455c .vcex-feature-box-media{width:25%;;}.vcex_69e604773455c .vcex-feature-box-content{width:75%;}}<\/style><div class=\"vcex-module vcex-feature-box wpex-flex wpex-flex-col wpex-sm-flex-row wpex-justify-between left-image-right-content vcex_69e604773455c\"><div class=\"vcex-feature-box-media\"><div class=\"vcex-feature-box-image wpex-relative wpex-sm-text-left\"><img decoding=\"async\" width=\"128\" height=\"128\" src=\"https:\/\/jesanaip.com\/wp-content\/uploads\/2022\/10\/riesgo_marca_sin_registro.png\" class=\"attachment-full size-full\" alt=\"tener marca sin registrar grave riesgo\" loading=\"lazy\" \/><\/div><\/div><div class=\"vcex-feature-box-content wpex-clr\"><h2 class=\"vcex-feature-box-heading wpex-heading wpex-text-lg wpex-mb-20\" style=\"font-family:Lora;font-size:32px;font-weight:700;\">Una marca sin registro implica graves riesgo<\/h2><div class=\"vcex-feature-box-text wpex-last-mb-0 wpex-clr\" style=\"font-size:16px;font-weight:400;\"><p>Hasta hace mucho, hab\u00eda empresarios que no le daban la importancia que requiere, creyendo err\u00f3neamente que el registro de las marcas solo les deb\u00eda importar a esas grandes compa\u00f1\u00edas multinacionales que tanto aprovechan d\u00eda a d\u00eda el uso de sus propias marcas. Sin embargo, hoy cualquier emprendedor o empresario sabe de la importancia de proteger la marca convenientemente, registr\u00e1ndola en la\u00a0<strong>Oficina Espa\u00f1ola de Patentes y Marcas<\/strong>\u00a0con todos los tr\u00e1mites necesarios que se exigen en este proceso. Sea cual sea la magnitud de una empresa o negocio, saber c\u00f3mo patentar una marca es una de las primeras cuestiones a valorar cuando comenzamos a dar forma a un proyecto.<\/p>\n<p>Un ejemplo pr\u00e1ctico. Imaginemos que tienes una marca de zapatos llamada X y otra persona utiliza esa marca para hacer cualquier producto. Adem\u00e1s, la registra en la\u00a0<strong>OEPM<\/strong>. \u00bfQu\u00e9 puede pasar si otra persona usa mi marca sin consentimiento? Si esa marca no estaba registrada y esa persona se aprovecha y la registra, perder\u00e1s todos tus derechos y deber\u00e1s cambiar el nombre a tu marca, esa marca que tanto te hab\u00eda costado construir durante a\u00f1os.<\/p>\n<\/div><\/div><\/div>[\/vc_column_inner][\/vc_row_inner][vc_row_inner][vc_column_inner width=\u00bb1\/6&#8243;][\/vc_column_inner][vc_column_inner width=\u00bb5\/6&#8243;]<div class=\"vcex-spacing wpex-w-100 wpex-clear\" style=\"height:50px;\"><\/div>[vc_column_text font_size=\u00bb16px\u00bb]Pero la protecci\u00f3n de una marca va m\u00e1s all\u00e1. Implica una vigilancia constante, un estudio de viabilidad previo e incluso la\u00a0<strong>defensa ante acciones que perjudiquen los intereses de una marca<\/strong>\u00a0registrada. Por eso, para todas estas cuestiones se antoja como fundamental contar con la ayuda profesional de una agencia especializada.[\/vc_column_text][\/vc_column_inner][\/vc_row_inner]<div class=\"vcex-spacing wpex-w-100 wpex-clear\" style=\"height:50px;\"><\/div>[vc_row_inner][vc_column_inner width=\u00bb5\/6&#8243;]<style>.vcex_69e6047734c1d{gap:10px;}@media only screen and (min-width: 640px) {.vcex_69e6047734c1d .vcex-feature-box-media{width:25%;;}.vcex_69e6047734c1d .vcex-feature-box-content{width:75%;}}<\/style><div class=\"vcex-module vcex-feature-box wpex-flex wpex-flex-col wpex-sm-flex-row wpex-justify-between left-image-right-content vcex_69e6047734c1d\"><div class=\"vcex-feature-box-media\"><div class=\"vcex-feature-box-image wpex-relative wpex-sm-text-left\"><img decoding=\"async\" width=\"128\" height=\"128\" src=\"https:\/\/jesanaip.com\/wp-content\/uploads\/2022\/10\/solicitud_registro_marca.png\" class=\"attachment-full size-full\" alt=\"solicitud de registro de marca\" loading=\"lazy\" \/><\/div><\/div><div class=\"vcex-feature-box-content wpex-clr\"><h2 class=\"vcex-feature-box-heading wpex-heading wpex-text-lg wpex-mb-20\" style=\"font-family:Lora;font-size:32px;font-weight:700;\">Solicitud para registrar una marca<\/h2><div class=\"vcex-feature-box-text wpex-last-mb-0 wpex-clr\" style=\"font-size:16px;font-weight:400;\"><p>La solicitud de registro de marca se puede realizar a trav\u00e9s de la sede electr\u00f3nica en el sitio web de la ya mencionada <strong>OEPM<\/strong>. La presentaci\u00f3n de la solicitud tambi\u00e9n se puede realizar de forma presencial en los <strong>Centros Regionales de Informaci\u00f3n en Propiedad Industrial <\/strong>en cualquiera de las Comunidades Aut\u00f3nomas. Existe la posibilidad de hacerlo en una Oficina de Correos.<\/p>\n<p>Por otra parte, hay que destacar la marca internacional. \u00bfPara qu\u00e9 sirven las marcas internacionales? Dentro del Sistema de Madrid, al que se dio forma a partir de dos tratados, se conjugan 80 pa\u00edses. Al registrar esta marca internacional, se puede proteger nuestra marca en todos estos estados. Tambi\u00e9n en toda la <strong>Uni\u00f3n Europea<\/strong>, presentando la solicitud en la <strong>OMPI<\/strong>. Estos formatos son muy interesantes para una Pyme que est\u00e9 expandiendo su zona geogr\u00e1fica de actuaci\u00f3n o para grandes empresas que pretendan crear una nueva marca a nivel internacional. Tambi\u00e9n para emprendedores que tengan una idea y quieran protegerla antes de darle forma.<\/p>\n<p>Y es que antes de abrir una ventana nueva de negocio, debemos sentar las bases sobre las que debe sustentarse. Y la marca, sin duda, es uno de ellos.<\/p>\n<\/div><\/div><\/div>[\/vc_column_inner][vc_column_inner width=\u00bb1\/6&#8243;][\/vc_column_inner][\/vc_row_inner]<div class=\"vcex-spacing wpex-w-100 wpex-clear\" style=\"height:50px;\"><\/div>[vc_row_inner][vc_column_inner width=\u00bb5\/6&#8243;]<style>.vcex_69e60477351ef{gap:10px;}@media only screen and (min-width: 640px) {.vcex_69e60477351ef .vcex-feature-box-media{width:0%;;}.vcex_69e60477351ef .vcex-feature-box-content{width:90%;}}<\/style><div class=\"vcex-module vcex-feature-box wpex-flex wpex-flex-col wpex-sm-flex-row wpex-justify-between left-image-right-content vcex_69e60477351ef\"><div class=\"vcex-feature-box-media\"><div class=\"vcex-feature-box-image wpex-relative wpex-sm-text-left\"><img decoding=\"async\" src=\"https:\/\/jesanaip.com\/wp-content\/themes\/Total\/assets\/images\/placeholder.jpg\"><\/div><\/div><div class=\"vcex-feature-box-content wpex-clr\"><h2 class=\"vcex-feature-box-heading wpex-heading wpex-text-lg wpex-mb-20\" style=\"font-family:Lora;font-size:32px;font-weight:700;\">Contacta con nosotros<\/h2><div class=\"vcex-feature-box-text wpex-last-mb-0 wpex-clr\" style=\"font-size:16px;font-weight:400;\"><p>Marcas tridimensionales, marcas nominativas, innominadas, mixtas, nombres comerciales\u2026 Son muchos los tipos de marca que se pueden registrar. \u00bfTe est\u00e1s preguntando cu\u00e1ndo cuesta registrar una marca con la ayuda de una agencia profesional especializada? \u00bfNecesitas hacernos alguna consulta y obtener m\u00e1s informaci\u00f3n? Contacta con\u00a0<strong>Jesana IP<\/strong>\u00a0y te informamos de todo.<\/p>\n<p>Nuestra agencia ofrece un servicio integral en lo referido a\u00a0<strong>marcas y patentes, nombres comerciales, signos distintivos o <a href=\"https:\/\/jesanaip.com\/registro-disenos\/\">dise\u00f1os industriales<\/a><\/strong>. En el caso de las marcas, nuestro servicio abarca desde el estudio de viabilidad, solicitud de registro, vigilancia y renovaci\u00f3n de marcas, adem\u00e1s de otras acciones encaminadas a la protecci\u00f3n de una marca frente al uso indebido por parte de terceros.<\/p>\n<ul>\n<li><strong>ESTUDIO DE VIABILIDAD.<\/strong><\/li>\n<li><strong>SOLICITUD DE MARCAS:<\/strong>\u00a0tanto a nivel nacional como a nivel comunitario directamente por nosotros, como internacionalmente gracias a una extensa red de despachos colaboradores.<\/li>\n<li><strong>VIGILANCIA DEL EXPEDIENTE.<\/strong><\/li>\n<li><strong>PRESENTACION Y CONTESTACION DE OPOSICIONES.<\/strong><\/li>\n<li><strong>RENOVACION DE MARCAS.<\/strong><\/li>\n<li><strong><a href=\"https:\/\/jesanaip.com\/informes-y-periciales\/\">INFORMES PERICIALES<\/a> Y RATIFICACION EN JUICIO.<\/strong><\/li>\n<li><strong>INFORMACI\u00d3N TECNOL\u00d3GICA SOBRE MARCAS: <\/strong>dominio, marca digital, nombre, rrss.<\/li>\n<\/ul>\n<\/div><\/div><\/div>[\/vc_column_inner][vc_column_inner width=\u00bb1\/6&#8243;][\/vc_column_inner][\/vc_row_inner]<div class=\"vcex-spacing wpex-w-100 wpex-clear\" style=\"height:30px;\"><\/div>[\/vc_column][\/vc_row][vc_row full_width=\u00bbstretch_row\u00bb wpex_bg_overlay=\u00bbdark\u00bb remove_bottom_col_margin=\u00bbtrue\u00bb wpex_fixed_bg=\u00bbfixed\u00bb css=\u00bb.vc_custom_1657815994469{padding-top: 100px !important;padding-bottom: 100px !important;background: #111111 url(https:\/\/jesanaip.com\/wp-content\/uploads\/2016\/04\/girl-phone.jpg?id=64) !important;background-position: center !important;background-repeat: no-repeat !important;background-size: cover !important;}\u00bb wpex_bg_overlay_opacity=\u00bb0.4&#8243;][vc_column css_animation=\u00bbfadeInDown\u00bb]<h2 class=\"vcex-heading vcex-module wpex-text-2xl wpex-font-normal wpex-m-auto wpex-max-w-100 vcex-heading-plain wpex-block wpex-text-center\" style=\"color:#ffffff;font-size:34px;\"><span class=\"vcex-heading-inner wpex-inline-block wpex-clr\">Inf\u00f3rmate<\/span><\/h2><div class=\"vcex-spacing wpex-w-100 wpex-clear\" style=\"height:20px;\"><\/div>[vc_column_text font_size=\u00bb20px\u00bb color=\u00bb#ffffff\u00bb text_align=\u00bbcenter\u00bb font_weight=\u00bb400&#8243;]Resuelve tus dudas hoy mismo, no esperes m\u00e1s tiempo.<\/p>\n<p>\u00a1Cons\u00faltanos, te ofrecemos toda la informaci\u00f3n que necesites![\/vc_column_text]<div class=\"vcex-spacing wpex-w-100 wpex-clear\" style=\"height:20px;\"><\/div><div class=\"theme-button-wrap textcenter wpex-clr\"><a href=\"\/contacto\/\" title=\"Con\u00f3cenos\" class=\"vcex-button theme-button flat black align-center active inline local-scroll-link\" style=\"background:#25afb4;padding-top:14px;padding-right:28px;padding-bottom:14px;padding-left:28px;color:#ffffff;font-size:12px;font-weight:600;border-radius:3px;margin-top:10px;margin-bottom:10px;text-transform:uppercase;\" data-wpex-hover='{&quot;background&quot;:&quot;#000000&quot;,&quot;color&quot;:&quot;#ffffff&quot;}'><span class=\"theme-button-inner\">Contacta Ahora<\/span><\/a><\/div> [\/vc_column][\/vc_row]\n","protected":false},"excerpt":{"rendered":"<p>[vc_row column_spacing=\u00bb60&#8243; remove_bottom_col_margin=\u00bbtrue\u00bb local_scroll_id=\u00bbfeatures\u00bb css=\u00bb.vc_custom_1651709476342{padding-top: 100px !important;padding-bottom: 100px !important;}\u00bb][vc_column][vc_row_inner][vc_column_inner width=\u00bb5\/6&#8243;][vc_column_text font_size=\u00bb28px\u00bb width=\u00bb750px\u00bb text_align=\u00bbleft\u00bb color=\u00bb#383838&#8243; font_family=\u00bbLora\u00bb font_weight=\u00bb400&#8243;]\u00bfTe est\u00e1s preguntando c\u00f3mo registrar una marca comercial? \u00bfEst\u00e1s buscando una empresa de registro de marcas en Valencia? Una marca es un signo distintivo cuya funci\u00f3n es la de diferenciar en el mercado los productos o servicios de su titular&hellip;<\/p>\n","protected":false},"author":1,"featured_media":0,"parent":0,"menu_order":0,"comment_status":"closed","ping_status":"closed","template":"","meta":{"footnotes":""},"class_list":["post-329","page","type-page","status-publish","hentry","entry","no-media"],"yoast_head":"<!-- This site is optimized with the Yoast SEO plugin v26.4 - https:\/\/yoast.com\/wordpress\/plugins\/seo\/ -->\n<title>Registro marcas Valencia. Registrar nombre comercial<\/title>\n<meta name=\"description\" content=\"JESANA IP. \u00bfQuieres registrar un Nombre Comercial o patentar una Marca y no sabes como se registra una Marca o cuanto cuesta? \u00a1Cons\u00faltanos!\" \/>\n<meta name=\"robots\" content=\"index, follow, max-snippet:-1, max-image-preview:large, max-video-preview:-1\" \/>\n<link rel=\"canonical\" href=\"https:\/\/jesanaip.com\/registro-marcas\/\" \/>\n<meta property=\"og:locale\" content=\"es_ES\" \/>\n<meta property=\"og:type\" content=\"article\" \/>\n<meta property=\"og:title\" content=\"Registro marcas Valencia. Registrar nombre comercial\" \/>\n<meta property=\"og:description\" content=\"JESANA IP. \u00bfQuieres registrar un Nombre Comercial o patentar una Marca y no sabes como se registra una Marca o cuanto cuesta? \u00a1Cons\u00faltanos!\" \/>\n<meta property=\"og:url\" content=\"https:\/\/jesanaip.com\/registro-marcas\/\" \/>\n<meta property=\"og:site_name\" content=\"JESANA IP\" \/>\n<meta property=\"article:publisher\" content=\"https:\/\/www.facebook.com\/people\/Jesana-IP\/100063718263842\/\" \/>\n<meta property=\"article:modified_time\" content=\"2023-11-02T15:25:46+00:00\" \/>\n<meta property=\"og:image\" content=\"https:\/\/jesanaip.com\/wp-content\/uploads\/2022\/07\/jesanaip_logo_horizontal.png\" \/>\n\t<meta property=\"og:image:width\" content=\"395\" \/>\n\t<meta property=\"og:image:height\" content=\"102\" \/>\n\t<meta property=\"og:image:type\" content=\"image\/png\" \/>\n<meta name=\"twitter:card\" content=\"summary_large_image\" \/>\n<meta name=\"twitter:site\" content=\"@jesanaip\" \/>\n<meta name=\"twitter:label1\" content=\"Tiempo de lectura\" \/>\n\t<meta name=\"twitter:data1\" content=\"6 minutos\" \/>\n<script type=\"application\/ld+json\" class=\"yoast-schema-graph\">{\"@context\":\"https:\/\/schema.org\",\"@graph\":[{\"@type\":\"WebPage\",\"@id\":\"https:\/\/jesanaip.com\/registro-marcas\/\",\"url\":\"https:\/\/jesanaip.com\/registro-marcas\/\",\"name\":\"Registro marcas Valencia. Registrar nombre comercial\",\"isPartOf\":{\"@id\":\"https:\/\/jesanaip.com\/#website\"},\"datePublished\":\"2022-10-05T14:28:18+00:00\",\"dateModified\":\"2023-11-02T15:25:46+00:00\",\"description\":\"JESANA IP. \u00bfQuieres registrar un Nombre Comercial o patentar una Marca y no sabes como se registra una Marca o cuanto cuesta? \u00a1Cons\u00faltanos!\",\"breadcrumb\":{\"@id\":\"https:\/\/jesanaip.com\/registro-marcas\/#breadcrumb\"},\"inLanguage\":\"es\",\"potentialAction\":[{\"@type\":\"ReadAction\",\"target\":[\"https:\/\/jesanaip.com\/registro-marcas\/\"]}]},{\"@type\":\"BreadcrumbList\",\"@id\":\"https:\/\/jesanaip.com\/registro-marcas\/#breadcrumb\",\"itemListElement\":[{\"@type\":\"ListItem\",\"position\":1,\"name\":\"Portada\",\"item\":\"https:\/\/jesanaip.com\/\"},{\"@type\":\"ListItem\",\"position\":2,\"name\":\"Marcas\"}]},{\"@type\":\"WebSite\",\"@id\":\"https:\/\/jesanaip.com\/#website\",\"url\":\"https:\/\/jesanaip.com\/\",\"name\":\"JESANA IP\",\"description\":\"Consultores en Propiedad Industrial con +15 a\u00f1os de experiencia. Empresa de registro de Marcas y Patentes, Modelos de utilidad y Dise\u00f1os Industriales\",\"publisher\":{\"@id\":\"https:\/\/jesanaip.com\/#organization\"},\"alternateName\":\"JESANA IP\",\"potentialAction\":[{\"@type\":\"SearchAction\",\"target\":{\"@type\":\"EntryPoint\",\"urlTemplate\":\"https:\/\/jesanaip.com\/?s={search_term_string}\"},\"query-input\":{\"@type\":\"PropertyValueSpecification\",\"valueRequired\":true,\"valueName\":\"search_term_string\"}}],\"inLanguage\":\"es\"},{\"@type\":\"Organization\",\"@id\":\"https:\/\/jesanaip.com\/#organization\",\"name\":\"JESANA PATENTES SL\",\"url\":\"https:\/\/jesanaip.com\/\",\"logo\":{\"@type\":\"ImageObject\",\"inLanguage\":\"es\",\"@id\":\"https:\/\/jesanaip.com\/#\/schema\/logo\/image\/\",\"url\":\"https:\/\/jesanaip.com\/wp-content\/uploads\/2022\/07\/JesanaIP_logo_vertical.png\",\"contentUrl\":\"https:\/\/jesanaip.com\/wp-content\/uploads\/2022\/07\/JesanaIP_logo_vertical.png\",\"width\":300,\"height\":220,\"caption\":\"JESANA PATENTES SL\"},\"image\":{\"@id\":\"https:\/\/jesanaip.com\/#\/schema\/logo\/image\/\"},\"sameAs\":[\"https:\/\/www.facebook.com\/people\/Jesana-IP\/100063718263842\/\",\"https:\/\/x.com\/jesanaip\"]}]}<\/script>\n<!-- \/ Yoast SEO plugin. -->","yoast_head_json":{"title":"Registro marcas Valencia. Registrar nombre comercial","description":"JESANA IP. \u00bfQuieres registrar un Nombre Comercial o patentar una Marca y no sabes como se registra una Marca o cuanto cuesta? \u00a1Cons\u00faltanos!","robots":{"index":"index","follow":"follow","max-snippet":"max-snippet:-1","max-image-preview":"max-image-preview:large","max-video-preview":"max-video-preview:-1"},"canonical":"https:\/\/jesanaip.com\/registro-marcas\/","og_locale":"es_ES","og_type":"article","og_title":"Registro marcas Valencia. Registrar nombre comercial","og_description":"JESANA IP. \u00bfQuieres registrar un Nombre Comercial o patentar una Marca y no sabes como se registra una Marca o cuanto cuesta? \u00a1Cons\u00faltanos!","og_url":"https:\/\/jesanaip.com\/registro-marcas\/","og_site_name":"JESANA IP","article_publisher":"https:\/\/www.facebook.com\/people\/Jesana-IP\/100063718263842\/","article_modified_time":"2023-11-02T15:25:46+00:00","og_image":[{"width":395,"height":102,"url":"https:\/\/jesanaip.com\/wp-content\/uploads\/2022\/07\/jesanaip_logo_horizontal.png","type":"image\/png"}],"twitter_card":"summary_large_image","twitter_site":"@jesanaip","twitter_misc":{"Tiempo de lectura":"6 minutos"},"schema":{"@context":"https:\/\/schema.org","@graph":[{"@type":"WebPage","@id":"https:\/\/jesanaip.com\/registro-marcas\/","url":"https:\/\/jesanaip.com\/registro-marcas\/","name":"Registro marcas Valencia. Registrar nombre comercial","isPartOf":{"@id":"https:\/\/jesanaip.com\/#website"},"datePublished":"2022-10-05T14:28:18+00:00","dateModified":"2023-11-02T15:25:46+00:00","description":"JESANA IP. \u00bfQuieres registrar un Nombre Comercial o patentar una Marca y no sabes como se registra una Marca o cuanto cuesta? \u00a1Cons\u00faltanos!","breadcrumb":{"@id":"https:\/\/jesanaip.com\/registro-marcas\/#breadcrumb"},"inLanguage":"es","potentialAction":[{"@type":"ReadAction","target":["https:\/\/jesanaip.com\/registro-marcas\/"]}]},{"@type":"BreadcrumbList","@id":"https:\/\/jesanaip.com\/registro-marcas\/#breadcrumb","itemListElement":[{"@type":"ListItem","position":1,"name":"Portada","item":"https:\/\/jesanaip.com\/"},{"@type":"ListItem","position":2,"name":"Marcas"}]},{"@type":"WebSite","@id":"https:\/\/jesanaip.com\/#website","url":"https:\/\/jesanaip.com\/","name":"JESANA IP","description":"Consultores en Propiedad Industrial con +15 a\u00f1os de experiencia. Empresa de registro de Marcas y Patentes, Modelos de utilidad y Dise\u00f1os Industriales","publisher":{"@id":"https:\/\/jesanaip.com\/#organization"},"alternateName":"JESANA IP","potentialAction":[{"@type":"SearchAction","target":{"@type":"EntryPoint","urlTemplate":"https:\/\/jesanaip.com\/?s={search_term_string}"},"query-input":{"@type":"PropertyValueSpecification","valueRequired":true,"valueName":"search_term_string"}}],"inLanguage":"es"},{"@type":"Organization","@id":"https:\/\/jesanaip.com\/#organization","name":"JESANA PATENTES SL","url":"https:\/\/jesanaip.com\/","logo":{"@type":"ImageObject","inLanguage":"es","@id":"https:\/\/jesanaip.com\/#\/schema\/logo\/image\/","url":"https:\/\/jesanaip.com\/wp-content\/uploads\/2022\/07\/JesanaIP_logo_vertical.png","contentUrl":"https:\/\/jesanaip.com\/wp-content\/uploads\/2022\/07\/JesanaIP_logo_vertical.png","width":300,"height":220,"caption":"JESANA PATENTES SL"},"image":{"@id":"https:\/\/jesanaip.com\/#\/schema\/logo\/image\/"},"sameAs":["https:\/\/www.facebook.com\/people\/Jesana-IP\/100063718263842\/","https:\/\/x.com\/jesanaip"]}]}},"_links":{"self":[{"href":"https:\/\/jesanaip.com\/wp-json\/wp\/v2\/pages\/329","targetHints":{"allow":["GET"]}}],"collection":[{"href":"https:\/\/jesanaip.com\/wp-json\/wp\/v2\/pages"}],"about":[{"href":"https:\/\/jesanaip.com\/wp-json\/wp\/v2\/types\/page"}],"author":[{"embeddable":true,"href":"https:\/\/jesanaip.com\/wp-json\/wp\/v2\/users\/1"}],"replies":[{"embeddable":true,"href":"https:\/\/jesanaip.com\/wp-json\/wp\/v2\/comments?post=329"}],"version-history":[{"count":7,"href":"https:\/\/jesanaip.com\/wp-json\/wp\/v2\/pages\/329\/revisions"}],"predecessor-version":[{"id":668,"href":"https:\/\/jesanaip.com\/wp-json\/wp\/v2\/pages\/329\/revisions\/668"}],"wp:attachment":[{"href":"https:\/\/jesanaip.com\/wp-json\/wp\/v2\/media?parent=329"}],"curies":[{"name":"wp","href":"https:\/\/api.w.org\/{rel}","templated":true}]}}