{"id":339,"date":"2022-10-05T14:46:54","date_gmt":"2022-10-05T14:46:54","guid":{"rendered":"https:\/\/jesanaip.com\/?page_id=339"},"modified":"2023-11-02T15:26:12","modified_gmt":"2023-11-02T15:26:12","slug":"marca-europa","status":"publish","type":"page","link":"https:\/\/jesanaip.com\/marca-europa\/","title":{"rendered":"Marca de la Uni\u00f3n Europea"},"content":{"rendered":"[vc_row column_spacing=\u00bb60&#8243; remove_bottom_col_margin=\u00bbtrue\u00bb local_scroll_id=\u00bbfeatures\u00bb css=\u00bb.vc_custom_1651709476342{padding-top: 100px !important;padding-bottom: 100px !important;}\u00bb][vc_column][vc_row_inner][vc_column_inner width=\u00bb5\/6&#8243;][vc_column_text font_size=\u00bb28px\u00bb width=\u00bb750px\u00bb text_align=\u00bbleft\u00bb color=\u00bb#383838&#8243; font_family=\u00bbLora\u00bb font_weight=\u00bb400&#8243;]La <strong>Marca de la Uni\u00f3n Europea<\/strong> ha facilitado mucho las cosas a la hora de tramitar una marca en territorio comunitario. Sin embargo, como cualquier tr\u00e1mite administrativo, conlleva su complejidad y su tiempo. Adem\u00e1s, se hace fundamental <strong>proteger la marca tras su registro<\/strong>. En <strong>Jesana IP<\/strong> somos especialistas en la gesti\u00f3n de tr\u00e1mites y obtenci\u00f3n de marcas europeas, as\u00ed como su posterior protecci\u00f3n y vigilancia.[\/vc_column_text]<div class=\"vcex-spacing wpex-w-100 wpex-clear\" style=\"height:20px;\"><\/div><div class=\"vcex-module vcex-divider vcex-divider-solid wpex-my-20 vcex-divider-left wpex-float-left wpex-max-w-100 wpex-mx-auto wpex-block wpex-h-0 wpex-border-b wpex-border-solid wpex-border-main\" style=\"width:50px;border-color:#383838;\"><\/div><div class=\"vcex-clear--divider wpex-clear\"><\/div>[\/vc_column_inner][vc_column_inner width=\u00bb1\/6&#8243;][\/vc_column_inner][\/vc_row_inner]<div class=\"vcex-spacing wpex-w-100 wpex-clear\" style=\"height:30px;\"><\/div>[\/vc_column][\/vc_row][vc_row full_width=\u00bbstretch_row\u00bb content_placement=\u00bbmiddle\u00bb column_spacing=\u00bb60&#8243; css=\u00bb.vc_custom_1657810113882{padding-top: 100px !important;padding-bottom: 30px !important;background-color: #eeeeee !important;}\u00bb][vc_column][vc_row_inner content_placement=\u00bbmiddle\u00bb][vc_column_inner width=\u00bb1\/2&#8243;]<figure class=\"vcex-image vcex-module wpex-clr\"><div class=\"vcex-image-inner wpex-relative wpex-inline-block\"><img decoding=\"async\" width=\"900\" height=\"644\" src=\"https:\/\/jesanaip.com\/wp-content\/uploads\/2022\/10\/marca_europea_registrada.jpg\" class=\"wpex-align-middle wpex-shadow-2xl\" alt=\"marca europea\" loading=\"lazy\" srcset=\"https:\/\/jesanaip.com\/wp-content\/uploads\/2022\/10\/marca_europea_registrada.jpg 900w, https:\/\/jesanaip.com\/wp-content\/uploads\/2022\/10\/marca_europea_registrada-300x215.jpg 300w, https:\/\/jesanaip.com\/wp-content\/uploads\/2022\/10\/marca_europea_registrada-768x550.jpg 768w\" sizes=\"auto, (max-width: 900px) 100vw, 900px\" \/><\/div><\/figure>[\/vc_column_inner][vc_column_inner width=\u00bb1\/2&#8243;]<h2 class=\"vcex-heading vcex-module wpex-text-2xl wpex-font-normal wpex-m-auto wpex-max-w-100 vcex-heading-plain wpex-block vc_custom_1664981020093\" style=\"font-family:Lora;font-size:30px;\"><span class=\"vcex-heading-inner wpex-inline-block wpex-clr\">\u00bfQu\u00e9 puede ser objeto de registro de una marca de la Uni\u00f3n Europea?<\/span><\/h2><div class=\"vcex-spacing wpex-w-100 wpex-clear\" style=\"height:10px;\"><\/div>[vc_column_text font_size=\u00bb15px\u00bb font_family=\u00bbLora\u00bb line_height=\u00bb2.0&#8243;]Cualquier signo que sea o pueda ser objeto de\u00a0<strong>representaci\u00f3n gr\u00e1fica<\/strong>. Y esto tambi\u00e9n es lo que distingue a las marcas de los nombres comerciales. Esto puede ser desde palabras (incluso nombres de persona), dibujos, formas geom\u00e9tricas o abstractas, letras, la forma o tipolog\u00eda de un producto, la presentaci\u00f3n de un producto o servicio\u2026 Por supuesto, tambi\u00e9n el logo.<\/p>\n<p>La condici\u00f3n es que el signo del que se pretenda hacer una solicitud de registro de marca europea sea id\u00f3neo para diferenciarse a nivel comercial de otros productos similares de empresas competidoras.[\/vc_column_text][\/vc_column_inner][\/vc_row_inner][\/vc_column][\/vc_row][vc_row column_spacing=\u00bb60&#8243; remove_bottom_col_margin=\u00bbtrue\u00bb local_scroll_id=\u00bbfeatures\u00bb css=\u00bb.vc_custom_1657813199693{margin-bottom: 50px !important;padding-top: 100px !important;padding-bottom: 40px !important;}\u00bb][vc_column][vc_row_inner][vc_column_inner width=\u00bb1\/2&#8243;]<style>.vcex_69d222fec68b0{gap:10px;}@media only screen and (min-width: 640px) {.vcex_69d222fec68b0 .vcex-feature-box-media{width:25%;;}.vcex_69d222fec68b0 .vcex-feature-box-content{width:75%;}}<\/style><div class=\"vcex-module vcex-feature-box wpex-flex wpex-flex-col wpex-sm-flex-row wpex-justify-between left-image-right-content vcex_69d222fec68b0\"><div class=\"vcex-feature-box-media\"><div class=\"vcex-feature-box-image wpex-relative wpex-sm-text-left\"><img decoding=\"async\" width=\"128\" height=\"128\" src=\"https:\/\/jesanaip.com\/wp-content\/uploads\/2022\/10\/solicitar_marca_europea.png\" class=\"attachment-full size-full\" alt=\"solicitar la marca europea\" loading=\"lazy\" \/><\/div><\/div><div class=\"vcex-feature-box-content wpex-clr\"><h2 class=\"vcex-feature-box-heading wpex-heading wpex-text-lg wpex-mb-20\" style=\"font-family:Lora;font-size:32px;font-weight:700;\">La Marca de la Uni\u00f3n Europea: \u00bfd\u00f3nde puede solicitarse?<\/h2><div class=\"vcex-feature-box-text wpex-last-mb-0 wpex-clr\" style=\"font-size:16px;font-weight:400;\"><p>En general, las marcas de la Uni\u00f3n Europea se solicitan de forma telem\u00e1tica ante la Oficina de Propiedad Intelectual de la Uni\u00f3n Europea (EUIPO). Se trata de un tr\u00e1mite complejo en el que es recomendable contar con un asesoramiento profesional como el que otorga Jesana IP.<\/p>\n<\/div><\/div><\/div>[\/vc_column_inner][vc_column_inner width=\u00bb1\/2&#8243;]<style>.vcex_69d222fec6e4c{gap:10px;}@media only screen and (min-width: 640px) {.vcex_69d222fec6e4c .vcex-feature-box-media{width:25%;;}.vcex_69d222fec6e4c .vcex-feature-box-content{width:75%;}}<\/style><div class=\"vcex-module vcex-feature-box wpex-flex wpex-flex-col wpex-sm-flex-row wpex-justify-between left-image-right-content vcex_69d222fec6e4c\"><div class=\"vcex-feature-box-media\"><div class=\"vcex-feature-box-image wpex-relative wpex-sm-text-left\"><img decoding=\"async\" width=\"128\" height=\"128\" src=\"https:\/\/jesanaip.com\/wp-content\/uploads\/2022\/10\/vigencia_marca_europea.png\" class=\"attachment-full size-full\" alt=\"vigencia de la marca europea\" loading=\"lazy\" \/><\/div><\/div><div class=\"vcex-feature-box-content wpex-clr\"><h2 class=\"vcex-feature-box-heading wpex-heading wpex-text-lg wpex-mb-20\" style=\"font-family:Lora;font-size:32px;font-weight:700;\">\u00bfQu\u00e9 vigencia tiene la Marca de la Uni\u00f3n Europea?<\/h2><div class=\"vcex-feature-box-text wpex-last-mb-0 wpex-clr\" style=\"font-size:16px;font-weight:400;\"><p>A partir de la fecha de solicitud, se concede por un periodo de 10 a\u00f1os para la marca registrada con posibilidad de renovaci\u00f3n de forma indefinida y siempre en periodos iguales, de diez a\u00f1os. Es decir, el derecho del titular se sustenta durante el mismo periodo en territorio de la Uni\u00f3n Europea que el que supone registrar una marca internacional o en Espa\u00f1a.<\/p>\n<\/div><\/div><\/div>[\/vc_column_inner][\/vc_row_inner]<div class=\"vcex-spacing wpex-w-100 wpex-clear\" style=\"height:50px;\"><\/div>[\/vc_column][\/vc_row][vc_row full_width=\u00bbstretch_row\u00bb wpex_bg_overlay=\u00bbdark\u00bb remove_bottom_col_margin=\u00bbtrue\u00bb wpex_fixed_bg=\u00bbfixed\u00bb css=\u00bb.vc_custom_1657815994469{padding-top: 100px !important;padding-bottom: 100px !important;background: #111111 url(https:\/\/jesanaip.com\/wp-content\/uploads\/2016\/04\/girl-phone.jpg?id=64) !important;background-position: center !important;background-repeat: no-repeat !important;background-size: cover !important;}\u00bb wpex_bg_overlay_opacity=\u00bb0.4&#8243;][vc_column css_animation=\u00bbfadeInDown\u00bb]<h2 class=\"vcex-heading vcex-module wpex-text-2xl wpex-font-normal wpex-m-auto wpex-max-w-100 vcex-heading-plain wpex-block wpex-text-center\" style=\"color:#ffffff;font-size:34px;\"><span class=\"vcex-heading-inner wpex-inline-block wpex-clr\">Cont\u00e1ctanos<\/span><\/h2><div class=\"vcex-spacing wpex-w-100 wpex-clear\" style=\"height:20px;\"><\/div>[vc_column_text font_size=\u00bb20px\u00bb color=\u00bb#ffffff\u00bb text_align=\u00bbcenter\u00bb font_weight=\u00bb400&#8243;]\u00bfQuieres conocer la viabilidad del registro de marcas que tienes en mente para tu proyecto? \u00bfM\u00e1s informaci\u00f3n sobre el servicio de vigilancia de marca? Si necesitas asesoramiento para presentar la solicitud para el registro de una marca comunitaria en la Uni\u00f3n Europea y su seguimiento posterior, desde Jesana IP nos ponemos a tu disposici\u00f3n. Servicios integrales: incluyen tasas oficiales.<\/p>\n<p>Adem\u00e1s, muchas veces, el registro de una marca de la Uni\u00f3n Europea va ligado a la obtenci\u00f3n de una patente. En Jesana IP somos especialistas en patentes para dise\u00f1os industriales y otro tipo de dise\u00f1os e invenciones, como programas inform\u00e1ticos. \u00a1Cons\u00faltanos sin compromiso![\/vc_column_text]<div class=\"vcex-spacing wpex-w-100 wpex-clear\" style=\"height:20px;\"><\/div><div class=\"theme-button-wrap textcenter wpex-clr\"><a href=\"\/contacto\/\" title=\"Con\u00f3cenos\" class=\"vcex-button theme-button flat black align-center active inline local-scroll-link\" style=\"background:#25afb4;padding-top:14px;padding-right:28px;padding-bottom:14px;padding-left:28px;color:#ffffff;font-size:12px;font-weight:600;border-radius:3px;margin-top:10px;margin-bottom:10px;text-transform:uppercase;\" data-wpex-hover='{&quot;background&quot;:&quot;#000000&quot;,&quot;color&quot;:&quot;#ffffff&quot;}'><span class=\"theme-button-inner\">Contacta Ahora<\/span><\/a><\/div> [\/vc_column][\/vc_row]\n","protected":false},"excerpt":{"rendered":"<p>[vc_row column_spacing=\u00bb60&#8243; remove_bottom_col_margin=\u00bbtrue\u00bb local_scroll_id=\u00bbfeatures\u00bb css=\u00bb.vc_custom_1651709476342{padding-top: 100px !important;padding-bottom: 100px !important;}\u00bb][vc_column][vc_row_inner][vc_column_inner width=\u00bb5\/6&#8243;][vc_column_text font_size=\u00bb28px\u00bb width=\u00bb750px\u00bb text_align=\u00bbleft\u00bb color=\u00bb#383838&#8243; font_family=\u00bbLora\u00bb font_weight=\u00bb400&#8243;]La Marca de la Uni\u00f3n Europea ha facilitado mucho las cosas a la hora de tramitar una marca en territorio comunitario. Sin embargo, como cualquier tr\u00e1mite administrativo, conlleva su complejidad y su tiempo. Adem\u00e1s, se hace fundamental proteger la marca&hellip;<\/p>\n","protected":false},"author":1,"featured_media":0,"parent":0,"menu_order":0,"comment_status":"closed","ping_status":"closed","template":"","meta":{"footnotes":""},"class_list":["post-339","page","type-page","status-publish","hentry","entry","no-media"],"yoast_head":"<!-- This site is optimized with the Yoast SEO plugin v26.4 - https:\/\/yoast.com\/wordpress\/plugins\/seo\/ -->\n<title>Registro marca europea<\/title>\n<meta name=\"description\" content=\"JESANA IP. Especialistas en el registro de Marca Europea. +15 a\u00f1os de experiencia en Propiedad Industrial. \u00a1Consulta precio sin compromiso!\" \/>\n<meta name=\"robots\" content=\"index, follow, max-snippet:-1, max-image-preview:large, max-video-preview:-1\" \/>\n<link rel=\"canonical\" href=\"https:\/\/jesanaip.com\/marca-europa\/\" \/>\n<meta property=\"og:locale\" content=\"es_ES\" \/>\n<meta property=\"og:type\" content=\"article\" \/>\n<meta property=\"og:title\" content=\"Registro marca europea\" \/>\n<meta property=\"og:description\" content=\"JESANA IP. Especialistas en el registro de Marca Europea. +15 a\u00f1os de experiencia en Propiedad Industrial. \u00a1Consulta precio sin compromiso!\" \/>\n<meta property=\"og:url\" content=\"https:\/\/jesanaip.com\/marca-europa\/\" \/>\n<meta property=\"og:site_name\" content=\"JESANA IP\" \/>\n<meta property=\"article:publisher\" content=\"https:\/\/www.facebook.com\/people\/Jesana-IP\/100063718263842\/\" \/>\n<meta property=\"article:modified_time\" content=\"2023-11-02T15:26:12+00:00\" \/>\n<meta property=\"og:image\" content=\"https:\/\/jesanaip.com\/wp-content\/uploads\/2022\/07\/jesanaip_logo_horizontal.png\" \/>\n\t<meta property=\"og:image:width\" content=\"395\" \/>\n\t<meta property=\"og:image:height\" content=\"102\" \/>\n\t<meta property=\"og:image:type\" content=\"image\/png\" \/>\n<meta name=\"twitter:card\" content=\"summary_large_image\" \/>\n<meta name=\"twitter:site\" content=\"@jesanaip\" \/>\n<meta name=\"twitter:label1\" content=\"Tiempo de lectura\" \/>\n\t<meta name=\"twitter:data1\" content=\"3 minutos\" \/>\n<script type=\"application\/ld+json\" class=\"yoast-schema-graph\">{\"@context\":\"https:\/\/schema.org\",\"@graph\":[{\"@type\":\"WebPage\",\"@id\":\"https:\/\/jesanaip.com\/marca-europa\/\",\"url\":\"https:\/\/jesanaip.com\/marca-europa\/\",\"name\":\"Registro marca europea\",\"isPartOf\":{\"@id\":\"https:\/\/jesanaip.com\/#website\"},\"datePublished\":\"2022-10-05T14:46:54+00:00\",\"dateModified\":\"2023-11-02T15:26:12+00:00\",\"description\":\"JESANA IP. Especialistas en el registro de Marca Europea. +15 a\u00f1os de experiencia en Propiedad Industrial. \u00a1Consulta precio sin compromiso!\",\"breadcrumb\":{\"@id\":\"https:\/\/jesanaip.com\/marca-europa\/#breadcrumb\"},\"inLanguage\":\"es\",\"potentialAction\":[{\"@type\":\"ReadAction\",\"target\":[\"https:\/\/jesanaip.com\/marca-europa\/\"]}]},{\"@type\":\"BreadcrumbList\",\"@id\":\"https:\/\/jesanaip.com\/marca-europa\/#breadcrumb\",\"itemListElement\":[{\"@type\":\"ListItem\",\"position\":1,\"name\":\"Portada\",\"item\":\"https:\/\/jesanaip.com\/\"},{\"@type\":\"ListItem\",\"position\":2,\"name\":\"Marca de la Uni\u00f3n Europea\"}]},{\"@type\":\"WebSite\",\"@id\":\"https:\/\/jesanaip.com\/#website\",\"url\":\"https:\/\/jesanaip.com\/\",\"name\":\"JESANA IP\",\"description\":\"Consultores en Propiedad Industrial con +15 a\u00f1os de experiencia. Empresa de registro de Marcas y Patentes, Modelos de utilidad y Dise\u00f1os Industriales\",\"publisher\":{\"@id\":\"https:\/\/jesanaip.com\/#organization\"},\"alternateName\":\"JESANA IP\",\"potentialAction\":[{\"@type\":\"SearchAction\",\"target\":{\"@type\":\"EntryPoint\",\"urlTemplate\":\"https:\/\/jesanaip.com\/?s={search_term_string}\"},\"query-input\":{\"@type\":\"PropertyValueSpecification\",\"valueRequired\":true,\"valueName\":\"search_term_string\"}}],\"inLanguage\":\"es\"},{\"@type\":\"Organization\",\"@id\":\"https:\/\/jesanaip.com\/#organization\",\"name\":\"JESANA PATENTES SL\",\"url\":\"https:\/\/jesanaip.com\/\",\"logo\":{\"@type\":\"ImageObject\",\"inLanguage\":\"es\",\"@id\":\"https:\/\/jesanaip.com\/#\/schema\/logo\/image\/\",\"url\":\"https:\/\/jesanaip.com\/wp-content\/uploads\/2022\/07\/JesanaIP_logo_vertical.png\",\"contentUrl\":\"https:\/\/jesanaip.com\/wp-content\/uploads\/2022\/07\/JesanaIP_logo_vertical.png\",\"width\":300,\"height\":220,\"caption\":\"JESANA PATENTES SL\"},\"image\":{\"@id\":\"https:\/\/jesanaip.com\/#\/schema\/logo\/image\/\"},\"sameAs\":[\"https:\/\/www.facebook.com\/people\/Jesana-IP\/100063718263842\/\",\"https:\/\/x.com\/jesanaip\"]}]}<\/script>\n<!-- \/ Yoast SEO plugin. -->","yoast_head_json":{"title":"Registro marca europea","description":"JESANA IP. Especialistas en el registro de Marca Europea. +15 a\u00f1os de experiencia en Propiedad Industrial. \u00a1Consulta precio sin compromiso!","robots":{"index":"index","follow":"follow","max-snippet":"max-snippet:-1","max-image-preview":"max-image-preview:large","max-video-preview":"max-video-preview:-1"},"canonical":"https:\/\/jesanaip.com\/marca-europa\/","og_locale":"es_ES","og_type":"article","og_title":"Registro marca europea","og_description":"JESANA IP. Especialistas en el registro de Marca Europea. +15 a\u00f1os de experiencia en Propiedad Industrial. \u00a1Consulta precio sin compromiso!","og_url":"https:\/\/jesanaip.com\/marca-europa\/","og_site_name":"JESANA IP","article_publisher":"https:\/\/www.facebook.com\/people\/Jesana-IP\/100063718263842\/","article_modified_time":"2023-11-02T15:26:12+00:00","og_image":[{"width":395,"height":102,"url":"https:\/\/jesanaip.com\/wp-content\/uploads\/2022\/07\/jesanaip_logo_horizontal.png","type":"image\/png"}],"twitter_card":"summary_large_image","twitter_site":"@jesanaip","twitter_misc":{"Tiempo de lectura":"3 minutos"},"schema":{"@context":"https:\/\/schema.org","@graph":[{"@type":"WebPage","@id":"https:\/\/jesanaip.com\/marca-europa\/","url":"https:\/\/jesanaip.com\/marca-europa\/","name":"Registro marca europea","isPartOf":{"@id":"https:\/\/jesanaip.com\/#website"},"datePublished":"2022-10-05T14:46:54+00:00","dateModified":"2023-11-02T15:26:12+00:00","description":"JESANA IP. Especialistas en el registro de Marca Europea. +15 a\u00f1os de experiencia en Propiedad Industrial. \u00a1Consulta precio sin compromiso!","breadcrumb":{"@id":"https:\/\/jesanaip.com\/marca-europa\/#breadcrumb"},"inLanguage":"es","potentialAction":[{"@type":"ReadAction","target":["https:\/\/jesanaip.com\/marca-europa\/"]}]},{"@type":"BreadcrumbList","@id":"https:\/\/jesanaip.com\/marca-europa\/#breadcrumb","itemListElement":[{"@type":"ListItem","position":1,"name":"Portada","item":"https:\/\/jesanaip.com\/"},{"@type":"ListItem","position":2,"name":"Marca de la Uni\u00f3n Europea"}]},{"@type":"WebSite","@id":"https:\/\/jesanaip.com\/#website","url":"https:\/\/jesanaip.com\/","name":"JESANA IP","description":"Consultores en Propiedad Industrial con +15 a\u00f1os de experiencia. Empresa de registro de Marcas y Patentes, Modelos de utilidad y Dise\u00f1os Industriales","publisher":{"@id":"https:\/\/jesanaip.com\/#organization"},"alternateName":"JESANA IP","potentialAction":[{"@type":"SearchAction","target":{"@type":"EntryPoint","urlTemplate":"https:\/\/jesanaip.com\/?s={search_term_string}"},"query-input":{"@type":"PropertyValueSpecification","valueRequired":true,"valueName":"search_term_string"}}],"inLanguage":"es"},{"@type":"Organization","@id":"https:\/\/jesanaip.com\/#organization","name":"JESANA PATENTES SL","url":"https:\/\/jesanaip.com\/","logo":{"@type":"ImageObject","inLanguage":"es","@id":"https:\/\/jesanaip.com\/#\/schema\/logo\/image\/","url":"https:\/\/jesanaip.com\/wp-content\/uploads\/2022\/07\/JesanaIP_logo_vertical.png","contentUrl":"https:\/\/jesanaip.com\/wp-content\/uploads\/2022\/07\/JesanaIP_logo_vertical.png","width":300,"height":220,"caption":"JESANA PATENTES SL"},"image":{"@id":"https:\/\/jesanaip.com\/#\/schema\/logo\/image\/"},"sameAs":["https:\/\/www.facebook.com\/people\/Jesana-IP\/100063718263842\/","https:\/\/x.com\/jesanaip"]}]}},"_links":{"self":[{"href":"https:\/\/jesanaip.com\/wp-json\/wp\/v2\/pages\/339","targetHints":{"allow":["GET"]}}],"collection":[{"href":"https:\/\/jesanaip.com\/wp-json\/wp\/v2\/pages"}],"about":[{"href":"https:\/\/jesanaip.com\/wp-json\/wp\/v2\/types\/page"}],"author":[{"embeddable":true,"href":"https:\/\/jesanaip.com\/wp-json\/wp\/v2\/users\/1"}],"replies":[{"embeddable":true,"href":"https:\/\/jesanaip.com\/wp-json\/wp\/v2\/comments?post=339"}],"version-history":[{"count":2,"href":"https:\/\/jesanaip.com\/wp-json\/wp\/v2\/pages\/339\/revisions"}],"predecessor-version":[{"id":345,"href":"https:\/\/jesanaip.com\/wp-json\/wp\/v2\/pages\/339\/revisions\/345"}],"wp:attachment":[{"href":"https:\/\/jesanaip.com\/wp-json\/wp\/v2\/media?parent=339"}],"curies":[{"name":"wp","href":"https:\/\/api.w.org\/{rel}","templated":true}]}}