{"id":364,"date":"2022-10-06T07:42:25","date_gmt":"2022-10-06T07:42:25","guid":{"rendered":"https:\/\/jesanaip.com\/?page_id=364"},"modified":"2023-11-02T15:26:38","modified_gmt":"2023-11-02T15:26:38","slug":"modelo-de-utilidad","status":"publish","type":"page","link":"https:\/\/jesanaip.com\/modelo-de-utilidad\/","title":{"rendered":"Modelos de utilidad"},"content":{"rendered":"[vc_row column_spacing=\u00bb60&#8243; remove_bottom_col_margin=\u00bbtrue\u00bb local_scroll_id=\u00bbfeatures\u00bb css=\u00bb.vc_custom_1651709476342{padding-top: 100px !important;padding-bottom: 100px !important;}\u00bb][vc_column][vc_row_inner][vc_column_inner width=\u00bb5\/6&#8243;][vc_column_text font_size=\u00bb28px\u00bb width=\u00bb750px\u00bb text_align=\u00bbleft\u00bb color=\u00bb#383838&#8243; font_family=\u00bbLora\u00bb font_weight=\u00bb400&#8243;]En Jesana IP somos especialistas en\u00a0<strong>modelos de utilidad<\/strong>\u00a0y patentes. Cualquier persona interesada puede acudir a nosotros para que le ayudemos con un estudio de viabilidad y la solicitud de una patente o de un modelo de utilidad, as\u00ed como su protecci\u00f3n y vigilancia. Para definir qu\u00e9 es un modelo de utilidad, conviene tener clara cu\u00e1l es la diferencia entre modelo de utilidad y patente. Aqu\u00ed te lo explicamos.[\/vc_column_text]<div class=\"vcex-spacing wpex-w-100 wpex-clear\" style=\"height:20px;\"><\/div><div class=\"vcex-module vcex-divider vcex-divider-solid wpex-my-20 vcex-divider-left wpex-float-left wpex-max-w-100 wpex-mx-auto wpex-block wpex-h-0 wpex-border-b wpex-border-solid wpex-border-main\" style=\"width:50px;border-color:#383838;\"><\/div><div class=\"vcex-clear--divider wpex-clear\"><\/div>[\/vc_column_inner][vc_column_inner width=\u00bb1\/6&#8243;][\/vc_column_inner][\/vc_row_inner]<div class=\"vcex-spacing wpex-w-100 wpex-clear\" style=\"height:30px;\"><\/div>[\/vc_column][\/vc_row][vc_row full_width=\u00bbstretch_row\u00bb content_placement=\u00bbmiddle\u00bb column_spacing=\u00bb60&#8243; css=\u00bb.vc_custom_1657810113882{padding-top: 100px !important;padding-bottom: 30px !important;background-color: #eeeeee !important;}\u00bb][vc_column][vc_row_inner content_placement=\u00bbmiddle\u00bb][vc_column_inner width=\u00bb1\/2&#8243;]<h2 class=\"vcex-heading vcex-module wpex-text-2xl wpex-font-normal wpex-m-auto wpex-max-w-100 vcex-heading-plain wpex-block vc_custom_1665041251914\" style=\"font-family:Lora;font-size:30px;\"><span class=\"vcex-heading-inner wpex-inline-block wpex-clr\">\u00bfQu\u00e9 son los modelos de utilidad?<\/span><\/h2><div class=\"vcex-spacing wpex-w-100 wpex-clear\" style=\"height:10px;\"><\/div>[vc_column_text font_size=\u00bb15px\u00bb font_family=\u00bbLora\u00bb line_height=\u00bb2.0&#8243;]\u00bfQu\u00e9 es un modelo de utilidad exactamente? \u00bfC\u00f3mo definirlo? Un modelo de utilidad es un t\u00edtulo de protecci\u00f3n a invenciones que otorguen a un objeto, herramientas, dispositivos, compuestos qu\u00edmicos no farmac\u00e9uticos o partes de los mismos un uso pr\u00e1ctico en la medida en que por una especial\u00a0<strong>estructura, configuraci\u00f3n, composici\u00f3n, disposici\u00f3n o mecanismo, produzcan alguna ventaja, beneficio o efecto t\u00e9cnico nuevo<\/strong>, y cuya vida \u00fatil est\u00e1 limitada a un m\u00e1ximo de diez a\u00f1os desde el momento de presentar la solicitud para registrar un modelo de utilidad (desde la fecha de presentaci\u00f3n de solicitud exacta).[\/vc_column_text][\/vc_column_inner][vc_column_inner width=\u00bb1\/2&#8243;]<figure class=\"vcex-image vcex-module wpex-clr\"><div class=\"vcex-image-inner wpex-relative wpex-inline-block\"><img decoding=\"async\" width=\"900\" height=\"546\" src=\"https:\/\/jesanaip.com\/wp-content\/uploads\/2022\/10\/que_son_modelos_utilidad.jpg\" class=\"wpex-align-middle wpex-shadow-2xl\" alt=\"que son los modelos de utilidad\" loading=\"lazy\" srcset=\"https:\/\/jesanaip.com\/wp-content\/uploads\/2022\/10\/que_son_modelos_utilidad.jpg 900w, https:\/\/jesanaip.com\/wp-content\/uploads\/2022\/10\/que_son_modelos_utilidad-300x182.jpg 300w, https:\/\/jesanaip.com\/wp-content\/uploads\/2022\/10\/que_son_modelos_utilidad-768x466.jpg 768w\" sizes=\"auto, (max-width: 900px) 100vw, 900px\" \/><\/div><\/figure>[\/vc_column_inner][\/vc_row_inner][\/vc_column][\/vc_row][vc_row full_width=\u00bbstretch_row\u00bb remove_bottom_col_margin=\u00bbtrue\u00bb css=\u00bb.vc_custom_1665042213080{padding-top: 100px !important;padding-bottom: 100px !important;}\u00bb][vc_column css_animation=\u00bbnone\u00bb width=\u00bb5\/6&#8243;]<h2 class=\"vcex-heading vcex-module wpex-text-2xl wpex-font-normal wpex-m-auto wpex-max-w-100 vcex-heading-plain wpex-block vc_custom_1665041972768\" style=\"font-family:Lora;font-size:30px;\"><span class=\"vcex-heading-inner wpex-inline-block wpex-clr\">Diferencia entre modelos de utilidad y patentes<\/span><\/h2><div class=\"vcex-spacing wpex-w-100 wpex-clear\" style=\"height:10px;\"><\/div>[vc_column_text font_size=\u00bb15px\u00bb font_family=\u00bbLora\u00bb line_height=\u00bb2.0&#8243;]\u00bfQu\u00e9 diferencias existen entre un modelo de utilidad y una patente? En el caso de que queramos proteger y tener el derecho de explotaci\u00f3n sobre unos dise\u00f1os industriales, \u00bfqu\u00e9 forma de protecci\u00f3n merece la pena? \u00bfPatente o modelo de utilidad?<\/p>\n<p>Una patente para que pueda ser concedida para una invenci\u00f3n debe cumplir con una serie de requisitos: que sean nuevas, que impliquen actividad inventiva (que no sean soluciones muy obvias para un t\u00e9cnico medio en la materia) y que tengan aplicaci\u00f3n industrial, es decir, que pueda ser elaborado, reproducido y fabricado de forma industrializada.<\/p>\n<p>En el segundo punto, el que hace referencia a la\u00a0<strong>actividad inventiva<\/strong>, reside la mayor diferencia entre una patente y un modelo de utilidad. Y es que un modelo de utilidad implica, de por s\u00ed, requiere un menor valor creativo y menor complejidad t\u00e9cnica. Por ende, menor rango inventivo. Por eso, suelen centrarse en peque\u00f1as invenciones que cubren necesidades b\u00e1sicas pero\u00a0<strong>que carecen de complejidad t\u00e9cnica y suelen basarse en otros conocimientos ya existentes<\/strong>. Es el caso de algunos objetos, peque\u00f1as herramientas, utensilios e instrumentos que, aun trat\u00e1ndose de invenciones, son mejoras simples del estado de la t\u00e9cnica.<\/p>\n<p>Es por eso que a los modelos de utilidad tambi\u00e9n solemos llamarles innovaciones de utilidad o peque\u00f1as patentes. Es por ello que la duraci\u00f3n m\u00e1xima de los\u00a0<strong>modelos de utilidad<\/strong>\u00a0es, como ya comentamos antes, de\u00a0<strong>10 a\u00f1os, la mitad que una patente (20 a\u00f1os)<\/strong>. El modelo de utilidad es una alternativa que no existe en todos los pa\u00edses del mundo, pero s\u00ed en Espa\u00f1a, existiendo la posibilidad tambi\u00e9n de cambiar de una a otra modalidad registral (de patente a modelo de utilidad o viceversa).[\/vc_column_text][\/vc_column][vc_column width=\u00bb1\/6&#8243;][\/vc_column][\/vc_row][vc_row column_spacing=\u00bb60&#8243; remove_bottom_col_margin=\u00bbtrue\u00bb local_scroll_id=\u00bbfeatures\u00bb css=\u00bb.vc_custom_1657813199693{margin-bottom: 50px !important;padding-top: 100px !important;padding-bottom: 40px !important;}\u00bb][vc_column][vc_row_inner][vc_column_inner width=\u00bb5\/6&#8243;]<style>.vcex_69f0db0a8b0c6{gap:10px;}@media only screen and (min-width: 640px) {.vcex_69f0db0a8b0c6 .vcex-feature-box-media{width:25%;;}.vcex_69f0db0a8b0c6 .vcex-feature-box-content{width:75%;}}<\/style><div class=\"vcex-module vcex-feature-box wpex-flex wpex-flex-col wpex-sm-flex-row wpex-justify-between left-image-right-content vcex_69f0db0a8b0c6\"><div class=\"vcex-feature-box-media\"><div class=\"vcex-feature-box-image wpex-relative wpex-sm-text-left\"><img decoding=\"async\" width=\"128\" height=\"128\" src=\"https:\/\/jesanaip.com\/wp-content\/uploads\/2022\/10\/proceso_solicitud_registro.png\" class=\"attachment-full size-full\" alt=\"proceso para solicitud de registro de modelo\" loading=\"lazy\" \/><\/div><\/div><div class=\"vcex-feature-box-content wpex-clr\"><h2 class=\"vcex-feature-box-heading wpex-heading wpex-text-lg wpex-mb-20\" style=\"font-family:Lora;font-size:32px;font-weight:700;\">Proceso para solicitud y registro de modelo de utilidad<\/h2><div class=\"vcex-feature-box-text wpex-last-mb-0 wpex-clr\" style=\"font-size:16px;font-weight:400;\"><p>Se debe elaborar una memoria descriptiva contemplando el\u00a0<strong>t\u00edtulo, descripci\u00f3n<\/strong>\u00a0(objeto de la invenci\u00f3n, sector, antecedentes t\u00e9cnicos, descripci\u00f3n de en qu\u00e9 consiste la invenci\u00f3n, explicaci\u00f3n de cada una de las figuras o dibujos que aparezcan), otro apartado para esas\u00a0<strong>explicaciones gr\u00e1ficas<\/strong>\u00a0que complementan a la descripci\u00f3n de la invenci\u00f3n y facilitan su compresi\u00f3n y un apartado para\u00a0<strong>reivindicaciones<\/strong>, en donde se debe definir claramente y de forma concisa cu\u00e1l es el objeto de protecci\u00f3n del modelo de utilidad, es decir, qu\u00e9 considera el inventor como propio.<\/p>\n<\/div><\/div><\/div>[\/vc_column_inner][vc_column_inner width=\u00bb1\/6&#8243;][\/vc_column_inner][\/vc_row_inner]<div class=\"vcex-spacing wpex-w-100 wpex-clear\" style=\"height:50px;\"><\/div>[vc_column_text font_size=\u00bb15px\u00bb font_family=\u00bbLora\u00bb line_height=\u00bb2.0&#8243;]La tramitaci\u00f3n ante la\u00a0<strong>OEPM (Oficina Espa\u00f1ola de Patentes y Marcas<\/strong>) se basa en la solicitud de registro, examen de forma, publicaci\u00f3n y establecimiento de plazo para oposiciones de terceros (2 meses desde la publicaci\u00f3n), suspenso en el caso de oposiciones y establecimiento de plazo para contestaci\u00f3n (2 meses desde la publicaci\u00f3n de la oposici\u00f3n) y, por \u00faltimo, la resoluci\u00f3n (con posibilidad de recurrir en el plazo de un mes). Adem\u00e1s, las nuevas tecnolog\u00edas permiten realizar tr\u00e1mites online, a trav\u00e9s de su web, pagando las correspondientes tasas exigidas por ley.<\/p>\n<p>B\u00e1sicamente y para resumir respecto al registro y\u00a0<strong>obtenci\u00f3n de modelos de utilidad en Espa\u00f1a:<\/strong><\/p>\n<ul>\n<li>Su proceso es m\u00e1s sencillo que el de una patente.<\/li>\n<li>Se requiere un criterio de actividad inventiva menor que en el caso de las patentes.<\/li>\n<li>Es posible favorecerse de un periodo de prioridad de 12 meses para poder extender la protecci\u00f3n fuera del territorio nacional.<\/li>\n<li>El periodo de vigencia m\u00e1xima que puede tener un modelo de utilidad en Espa\u00f1a es de 10 a\u00f1os.<\/li>\n<\/ul>\n<p>Si adem\u00e1s de registrar un modelo de utilidad, necesitas hacerlo de marcas o signos distintivos relacionados con el proyecto, Jesana IP tambi\u00e9n puede ocuparse de todos los procesos de tramitaci\u00f3n.[\/vc_column_text]<div class=\"vcex-spacing wpex-w-100 wpex-clear\" style=\"height:50px;\"><\/div>[\/vc_column][\/vc_row][vc_row full_width=\u00bbstretch_row\u00bb wpex_bg_overlay=\u00bbdark\u00bb remove_bottom_col_margin=\u00bbtrue\u00bb wpex_fixed_bg=\u00bbfixed\u00bb css=\u00bb.vc_custom_1657815994469{padding-top: 100px !important;padding-bottom: 100px !important;background: #111111 url(https:\/\/jesanaip.com\/wp-content\/uploads\/2016\/04\/girl-phone.jpg?id=64) !important;background-position: center !important;background-repeat: no-repeat !important;background-size: cover !important;}\u00bb wpex_bg_overlay_opacity=\u00bb0.4&#8243;][vc_column css_animation=\u00bbfadeInDown\u00bb]<h2 class=\"vcex-heading vcex-module wpex-text-2xl wpex-font-normal wpex-m-auto wpex-max-w-100 vcex-heading-plain wpex-block wpex-text-center\" style=\"color:#ffffff;font-size:34px;\"><span class=\"vcex-heading-inner wpex-inline-block wpex-clr\">Registro de modelo de utilidad: te ayudamos<\/span><\/h2><div class=\"vcex-spacing wpex-w-100 wpex-clear\" style=\"height:20px;\"><\/div>[vc_column_text font_size=\u00bb20px\u00bb color=\u00bb#ffffff\u00bb text_align=\u00bbcenter\u00bb font_weight=\u00bb400&#8243;]Si est\u00e1s pensando en realizar una solicitud de patente o modelo de utilidad y requieres la ayuda de una agencia especializada en estos tr\u00e1mites, en Jesana IP nos ponemos a tu disposici\u00f3n.<\/p>\n<p>Cont\u00e1ctanos ahora y te ofrecemos toda la informaci\u00f3n que necesites respecto a modelos de utilidad y puedes consultarnos todas tus dudas en lo referente a tu proyecto.[\/vc_column_text]<div class=\"vcex-spacing wpex-w-100 wpex-clear\" style=\"height:20px;\"><\/div><div class=\"theme-button-wrap textcenter wpex-clr\"><a href=\"\/contacto\/\" title=\"Con\u00f3cenos\" class=\"vcex-button theme-button flat black align-center active inline local-scroll-link\" style=\"background:#25afb4;padding-top:14px;padding-right:28px;padding-bottom:14px;padding-left:28px;color:#ffffff;font-size:12px;font-weight:600;border-radius:3px;margin-top:10px;margin-bottom:10px;text-transform:uppercase;\" data-wpex-hover='{&quot;background&quot;:&quot;#000000&quot;,&quot;color&quot;:&quot;#ffffff&quot;}'><span class=\"theme-button-inner\">Contacta Ahora<\/span><\/a><\/div> [\/vc_column][\/vc_row]\n","protected":false},"excerpt":{"rendered":"<p>[vc_row column_spacing=\u00bb60&#8243; remove_bottom_col_margin=\u00bbtrue\u00bb local_scroll_id=\u00bbfeatures\u00bb css=\u00bb.vc_custom_1651709476342{padding-top: 100px !important;padding-bottom: 100px !important;}\u00bb][vc_column][vc_row_inner][vc_column_inner width=\u00bb5\/6&#8243;][vc_column_text font_size=\u00bb28px\u00bb width=\u00bb750px\u00bb text_align=\u00bbleft\u00bb color=\u00bb#383838&#8243; font_family=\u00bbLora\u00bb font_weight=\u00bb400&#8243;]En Jesana IP somos especialistas en\u00a0modelos de utilidad\u00a0y patentes. Cualquier persona interesada puede acudir a nosotros para que le ayudemos con un estudio de viabilidad y la solicitud de una patente o de un modelo de utilidad, as\u00ed como su&hellip;<\/p>\n","protected":false},"author":1,"featured_media":0,"parent":0,"menu_order":0,"comment_status":"closed","ping_status":"closed","template":"","meta":{"footnotes":""},"class_list":["post-364","page","type-page","status-publish","hentry","entry","no-media"],"yoast_head":"<!-- This site is optimized with the Yoast SEO plugin v26.4 - https:\/\/yoast.com\/wordpress\/plugins\/seo\/ -->\n<title>Registro de modelo de utilidad. Patente modelo de utilidad<\/title>\n<meta name=\"description\" content=\"JESANA IP. \u00bfQuieres registrar una invenci\u00f3n con m\u00e1s bajo rango inventivo que el de una Patente a trav\u00e9s de un Modelo de Utilidad? \u00a1Cons\u00faltanos ya!\" \/>\n<meta name=\"robots\" content=\"index, follow, max-snippet:-1, max-image-preview:large, max-video-preview:-1\" \/>\n<link rel=\"canonical\" href=\"https:\/\/jesanaip.com\/modelo-de-utilidad\/\" \/>\n<meta property=\"og:locale\" content=\"es_ES\" \/>\n<meta property=\"og:type\" content=\"article\" \/>\n<meta property=\"og:title\" content=\"Registro de modelo de utilidad. Patente modelo de utilidad\" \/>\n<meta property=\"og:description\" content=\"JESANA IP. \u00bfQuieres registrar una invenci\u00f3n con m\u00e1s bajo rango inventivo que el de una Patente a trav\u00e9s de un Modelo de Utilidad? \u00a1Cons\u00faltanos ya!\" \/>\n<meta property=\"og:url\" content=\"https:\/\/jesanaip.com\/modelo-de-utilidad\/\" \/>\n<meta property=\"og:site_name\" content=\"JESANA IP\" \/>\n<meta property=\"article:publisher\" content=\"https:\/\/www.facebook.com\/people\/Jesana-IP\/100063718263842\/\" \/>\n<meta property=\"article:modified_time\" content=\"2023-11-02T15:26:38+00:00\" \/>\n<meta property=\"og:image\" content=\"https:\/\/jesanaip.com\/wp-content\/uploads\/2022\/07\/jesanaip_logo_horizontal.png\" \/>\n\t<meta property=\"og:image:width\" content=\"395\" \/>\n\t<meta property=\"og:image:height\" content=\"102\" \/>\n\t<meta property=\"og:image:type\" content=\"image\/png\" \/>\n<meta name=\"twitter:card\" content=\"summary_large_image\" \/>\n<meta name=\"twitter:site\" content=\"@jesanaip\" \/>\n<meta name=\"twitter:label1\" content=\"Tiempo de lectura\" \/>\n\t<meta name=\"twitter:data1\" content=\"5 minutos\" \/>\n<script type=\"application\/ld+json\" class=\"yoast-schema-graph\">{\"@context\":\"https:\/\/schema.org\",\"@graph\":[{\"@type\":\"WebPage\",\"@id\":\"https:\/\/jesanaip.com\/modelo-de-utilidad\/\",\"url\":\"https:\/\/jesanaip.com\/modelo-de-utilidad\/\",\"name\":\"Registro de modelo de utilidad. Patente modelo de utilidad\",\"isPartOf\":{\"@id\":\"https:\/\/jesanaip.com\/#website\"},\"datePublished\":\"2022-10-06T07:42:25+00:00\",\"dateModified\":\"2023-11-02T15:26:38+00:00\",\"description\":\"JESANA IP. \u00bfQuieres registrar una invenci\u00f3n con m\u00e1s bajo rango inventivo que el de una Patente a trav\u00e9s de un Modelo de Utilidad? \u00a1Cons\u00faltanos ya!\",\"breadcrumb\":{\"@id\":\"https:\/\/jesanaip.com\/modelo-de-utilidad\/#breadcrumb\"},\"inLanguage\":\"es\",\"potentialAction\":[{\"@type\":\"ReadAction\",\"target\":[\"https:\/\/jesanaip.com\/modelo-de-utilidad\/\"]}]},{\"@type\":\"BreadcrumbList\",\"@id\":\"https:\/\/jesanaip.com\/modelo-de-utilidad\/#breadcrumb\",\"itemListElement\":[{\"@type\":\"ListItem\",\"position\":1,\"name\":\"Portada\",\"item\":\"https:\/\/jesanaip.com\/\"},{\"@type\":\"ListItem\",\"position\":2,\"name\":\"Modelos de utilidad\"}]},{\"@type\":\"WebSite\",\"@id\":\"https:\/\/jesanaip.com\/#website\",\"url\":\"https:\/\/jesanaip.com\/\",\"name\":\"JESANA IP\",\"description\":\"Consultores en Propiedad Industrial con +15 a\u00f1os de experiencia. Empresa de registro de Marcas y Patentes, Modelos de utilidad y Dise\u00f1os Industriales\",\"publisher\":{\"@id\":\"https:\/\/jesanaip.com\/#organization\"},\"alternateName\":\"JESANA IP\",\"potentialAction\":[{\"@type\":\"SearchAction\",\"target\":{\"@type\":\"EntryPoint\",\"urlTemplate\":\"https:\/\/jesanaip.com\/?s={search_term_string}\"},\"query-input\":{\"@type\":\"PropertyValueSpecification\",\"valueRequired\":true,\"valueName\":\"search_term_string\"}}],\"inLanguage\":\"es\"},{\"@type\":\"Organization\",\"@id\":\"https:\/\/jesanaip.com\/#organization\",\"name\":\"JESANA PATENTES SL\",\"url\":\"https:\/\/jesanaip.com\/\",\"logo\":{\"@type\":\"ImageObject\",\"inLanguage\":\"es\",\"@id\":\"https:\/\/jesanaip.com\/#\/schema\/logo\/image\/\",\"url\":\"https:\/\/jesanaip.com\/wp-content\/uploads\/2022\/07\/JesanaIP_logo_vertical.png\",\"contentUrl\":\"https:\/\/jesanaip.com\/wp-content\/uploads\/2022\/07\/JesanaIP_logo_vertical.png\",\"width\":300,\"height\":220,\"caption\":\"JESANA PATENTES SL\"},\"image\":{\"@id\":\"https:\/\/jesanaip.com\/#\/schema\/logo\/image\/\"},\"sameAs\":[\"https:\/\/www.facebook.com\/people\/Jesana-IP\/100063718263842\/\",\"https:\/\/x.com\/jesanaip\"]}]}<\/script>\n<!-- \/ Yoast SEO plugin. -->","yoast_head_json":{"title":"Registro de modelo de utilidad. Patente modelo de utilidad","description":"JESANA IP. \u00bfQuieres registrar una invenci\u00f3n con m\u00e1s bajo rango inventivo que el de una Patente a trav\u00e9s de un Modelo de Utilidad? \u00a1Cons\u00faltanos ya!","robots":{"index":"index","follow":"follow","max-snippet":"max-snippet:-1","max-image-preview":"max-image-preview:large","max-video-preview":"max-video-preview:-1"},"canonical":"https:\/\/jesanaip.com\/modelo-de-utilidad\/","og_locale":"es_ES","og_type":"article","og_title":"Registro de modelo de utilidad. Patente modelo de utilidad","og_description":"JESANA IP. \u00bfQuieres registrar una invenci\u00f3n con m\u00e1s bajo rango inventivo que el de una Patente a trav\u00e9s de un Modelo de Utilidad? \u00a1Cons\u00faltanos ya!","og_url":"https:\/\/jesanaip.com\/modelo-de-utilidad\/","og_site_name":"JESANA IP","article_publisher":"https:\/\/www.facebook.com\/people\/Jesana-IP\/100063718263842\/","article_modified_time":"2023-11-02T15:26:38+00:00","og_image":[{"width":395,"height":102,"url":"https:\/\/jesanaip.com\/wp-content\/uploads\/2022\/07\/jesanaip_logo_horizontal.png","type":"image\/png"}],"twitter_card":"summary_large_image","twitter_site":"@jesanaip","twitter_misc":{"Tiempo de lectura":"5 minutos"},"schema":{"@context":"https:\/\/schema.org","@graph":[{"@type":"WebPage","@id":"https:\/\/jesanaip.com\/modelo-de-utilidad\/","url":"https:\/\/jesanaip.com\/modelo-de-utilidad\/","name":"Registro de modelo de utilidad. Patente modelo de utilidad","isPartOf":{"@id":"https:\/\/jesanaip.com\/#website"},"datePublished":"2022-10-06T07:42:25+00:00","dateModified":"2023-11-02T15:26:38+00:00","description":"JESANA IP. \u00bfQuieres registrar una invenci\u00f3n con m\u00e1s bajo rango inventivo que el de una Patente a trav\u00e9s de un Modelo de Utilidad? \u00a1Cons\u00faltanos ya!","breadcrumb":{"@id":"https:\/\/jesanaip.com\/modelo-de-utilidad\/#breadcrumb"},"inLanguage":"es","potentialAction":[{"@type":"ReadAction","target":["https:\/\/jesanaip.com\/modelo-de-utilidad\/"]}]},{"@type":"BreadcrumbList","@id":"https:\/\/jesanaip.com\/modelo-de-utilidad\/#breadcrumb","itemListElement":[{"@type":"ListItem","position":1,"name":"Portada","item":"https:\/\/jesanaip.com\/"},{"@type":"ListItem","position":2,"name":"Modelos de utilidad"}]},{"@type":"WebSite","@id":"https:\/\/jesanaip.com\/#website","url":"https:\/\/jesanaip.com\/","name":"JESANA IP","description":"Consultores en Propiedad Industrial con +15 a\u00f1os de experiencia. Empresa de registro de Marcas y Patentes, Modelos de utilidad y Dise\u00f1os Industriales","publisher":{"@id":"https:\/\/jesanaip.com\/#organization"},"alternateName":"JESANA IP","potentialAction":[{"@type":"SearchAction","target":{"@type":"EntryPoint","urlTemplate":"https:\/\/jesanaip.com\/?s={search_term_string}"},"query-input":{"@type":"PropertyValueSpecification","valueRequired":true,"valueName":"search_term_string"}}],"inLanguage":"es"},{"@type":"Organization","@id":"https:\/\/jesanaip.com\/#organization","name":"JESANA PATENTES SL","url":"https:\/\/jesanaip.com\/","logo":{"@type":"ImageObject","inLanguage":"es","@id":"https:\/\/jesanaip.com\/#\/schema\/logo\/image\/","url":"https:\/\/jesanaip.com\/wp-content\/uploads\/2022\/07\/JesanaIP_logo_vertical.png","contentUrl":"https:\/\/jesanaip.com\/wp-content\/uploads\/2022\/07\/JesanaIP_logo_vertical.png","width":300,"height":220,"caption":"JESANA PATENTES SL"},"image":{"@id":"https:\/\/jesanaip.com\/#\/schema\/logo\/image\/"},"sameAs":["https:\/\/www.facebook.com\/people\/Jesana-IP\/100063718263842\/","https:\/\/x.com\/jesanaip"]}]}},"_links":{"self":[{"href":"https:\/\/jesanaip.com\/wp-json\/wp\/v2\/pages\/364","targetHints":{"allow":["GET"]}}],"collection":[{"href":"https:\/\/jesanaip.com\/wp-json\/wp\/v2\/pages"}],"about":[{"href":"https:\/\/jesanaip.com\/wp-json\/wp\/v2\/types\/page"}],"author":[{"embeddable":true,"href":"https:\/\/jesanaip.com\/wp-json\/wp\/v2\/users\/1"}],"replies":[{"embeddable":true,"href":"https:\/\/jesanaip.com\/wp-json\/wp\/v2\/comments?post=364"}],"version-history":[{"count":4,"href":"https:\/\/jesanaip.com\/wp-json\/wp\/v2\/pages\/364\/revisions"}],"predecessor-version":[{"id":371,"href":"https:\/\/jesanaip.com\/wp-json\/wp\/v2\/pages\/364\/revisions\/371"}],"wp:attachment":[{"href":"https:\/\/jesanaip.com\/wp-json\/wp\/v2\/media?parent=364"}],"curies":[{"name":"wp","href":"https:\/\/api.w.org\/{rel}","templated":true}]}}