{"id":379,"date":"2022-10-06T08:08:26","date_gmt":"2022-10-06T08:08:26","guid":{"rendered":"https:\/\/jesanaip.com\/?page_id=379"},"modified":"2022-10-06T08:08:26","modified_gmt":"2022-10-06T08:08:26","slug":"vigilancia-tecnologica","status":"publish","type":"page","link":"https:\/\/jesanaip.com\/vigilancia-tecnologica\/","title":{"rendered":"Vigilancia tecnol\u00f3gica"},"content":{"rendered":"[vc_row column_spacing=\u00bb60&#8243; remove_bottom_col_margin=\u00bbtrue\u00bb local_scroll_id=\u00bbfeatures\u00bb css=\u00bb.vc_custom_1651709476342{padding-top: 100px !important;padding-bottom: 100px !important;}\u00bb][vc_column][vc_row_inner][vc_column_inner width=\u00bb5\/6&#8243;][vc_column_text font_size=\u00bb28px\u00bb width=\u00bb750px\u00bb text_align=\u00bbleft\u00bb color=\u00bb#383838&#8243; font_family=\u00bbLora\u00bb font_weight=\u00bb400&#8243;]Tomar decisiones con menor riesgo y anticiparse a los cambios supone una gran ventaja competitiva y refuerza nuestra gesti\u00f3n al frente de una empresa. La ciencia y tecnolog\u00eda nos puede ayudar sumamente a captar informaci\u00f3n exterior, seleccionarla, analizarla, difundirla y comunicarla. Herramientas como la vigilancia tecnol\u00f3gica y la vigilancia estrat\u00e9gica pueden ser decisivas a nivel de conocimiento, organizaci\u00f3n y toma de decisiones para nuestra empresa. Si est\u00e1 buscando empresas de vigilancia tecnol\u00f3gica, nos ponemos a su entera disposici\u00f3n. Jesana IP puede ayudarle a dar ese paso definitivo de cara a una apuesta clara por la innovaci\u00f3n y por las \u00faltimas tecnolog\u00edas para gesti\u00f3n empresarial.[\/vc_column_text]<div class=\"vcex-spacing wpex-w-100 wpex-clear\" style=\"height:20px;\"><\/div><div class=\"vcex-module vcex-divider vcex-divider-solid wpex-my-20 vcex-divider-left wpex-float-left wpex-max-w-100 wpex-mx-auto wpex-block wpex-h-0 wpex-border-b wpex-border-solid wpex-border-main\" style=\"width:50px;border-color:#383838;\"><\/div><div class=\"vcex-clear--divider wpex-clear\"><\/div>[\/vc_column_inner][vc_column_inner width=\u00bb1\/6&#8243;][\/vc_column_inner][\/vc_row_inner]<div class=\"vcex-spacing wpex-w-100 wpex-clear\" style=\"height:30px;\"><\/div>[\/vc_column][\/vc_row][vc_row full_width=\u00bbstretch_row\u00bb content_placement=\u00bbmiddle\u00bb column_spacing=\u00bb60&#8243; css=\u00bb.vc_custom_1657810113882{padding-top: 100px !important;padding-bottom: 30px !important;background-color: #eeeeee !important;}\u00bb][vc_column][vc_row_inner content_placement=\u00bbmiddle\u00bb][vc_column_inner width=\u00bb1\/2&#8243;]<h2 class=\"vcex-heading vcex-module wpex-text-2xl wpex-font-normal wpex-m-auto wpex-max-w-100 vcex-heading-plain wpex-block vc_custom_1665043189025\" style=\"font-family:Lora;font-size:30px;\"><span class=\"vcex-heading-inner wpex-inline-block wpex-clr\">Apostar por la innovaci\u00f3n<\/span><\/h2><div class=\"vcex-spacing wpex-w-100 wpex-clear\" style=\"height:10px;\"><\/div>[vc_column_text font_size=\u00bb15px\u00bb font_family=\u00bbLora\u00bb line_height=\u00bb2.0&#8243;]En la actualidad, las empresas deben demostrar una gran capacidad innovadora que les haga, no s\u00f3lo mantenerse, sino subir escalonadamente su posici\u00f3n de mercado. Esto plantea un serio conflicto t\u00e9cnico y legal que debe resolverse a la hora de establecer nuevos servicios y\/o productos.<\/p>\n<p>Para ello, lo primero que debe tenerse en cuenta es la propia definici\u00f3n de empresa innovadora, que es aquella capaz de cambiar, evolucionar y aprender de las mejores pr\u00e1cticas de la competencia, para adaptar sus productos y\/o servicios a las tendencias del mercado, pero \u00bfc\u00f3mo se consigue esto?<\/p>\n<p>La respuesta, aunque compleja, podr\u00eda resumirse en una inversi\u00f3n en mejoras t\u00e9cnicas a trav\u00e9s de sus propias innovaciones, pero tambi\u00e9n siendo sensibles y conocer los movimientos innovadores que hace la competencia. Esto implica el conocimiento y estudio de abundante informaci\u00f3n.<\/p>\n<p>Lo que es cierto es que la vigilancia e inteligencia tecnol\u00f3gica comienza a tener, cada vez m\u00e1s, un papel relevante dentro de los departamentos de I+D+i en empresas dedicadas a todo tipo de sectores.[\/vc_column_text][\/vc_column_inner][vc_column_inner width=\u00bb1\/2&#8243;]<figure class=\"vcex-image vcex-module wpex-clr\"><div class=\"vcex-image-inner wpex-relative wpex-inline-block\"><img decoding=\"async\" width=\"900\" height=\"600\" src=\"https:\/\/jesanaip.com\/wp-content\/uploads\/2022\/10\/apuesta_innovacion.jpg\" class=\"wpex-align-middle wpex-shadow-2xl\" alt=\"apuesta por la innovaci\u00f3n\" loading=\"lazy\" srcset=\"https:\/\/jesanaip.com\/wp-content\/uploads\/2022\/10\/apuesta_innovacion.jpg 900w, https:\/\/jesanaip.com\/wp-content\/uploads\/2022\/10\/apuesta_innovacion-300x200.jpg 300w, https:\/\/jesanaip.com\/wp-content\/uploads\/2022\/10\/apuesta_innovacion-768x512.jpg 768w\" sizes=\"auto, (max-width: 900px) 100vw, 900px\" \/><\/div><\/figure>[\/vc_column_inner][\/vc_row_inner][\/vc_column][\/vc_row][vc_row full_width=\u00bbstretch_row\u00bb content_placement=\u00bbmiddle\u00bb column_spacing=\u00bb60&#8243; css=\u00bb.vc_custom_1665043240173{padding-top: 100px !important;padding-bottom: 30px !important;}\u00bb][vc_column][vc_row_inner content_placement=\u00bbmiddle\u00bb][vc_column_inner width=\u00bb1\/2&#8243;]<figure class=\"vcex-image vcex-module wpex-clr\"><div class=\"vcex-image-inner wpex-relative wpex-inline-block\"><img decoding=\"async\" width=\"900\" height=\"600\" src=\"https:\/\/jesanaip.com\/wp-content\/uploads\/2022\/10\/herramienta_vigilancia_tecnologica.jpg\" class=\"wpex-align-middle wpex-shadow-2xl\" alt=\"herramientas para la vigilancia tecnol\u00f3gica\" loading=\"lazy\" srcset=\"https:\/\/jesanaip.com\/wp-content\/uploads\/2022\/10\/herramienta_vigilancia_tecnologica.jpg 900w, https:\/\/jesanaip.com\/wp-content\/uploads\/2022\/10\/herramienta_vigilancia_tecnologica-300x200.jpg 300w, https:\/\/jesanaip.com\/wp-content\/uploads\/2022\/10\/herramienta_vigilancia_tecnologica-768x512.jpg 768w\" sizes=\"auto, (max-width: 900px) 100vw, 900px\" \/><\/div><\/figure>[\/vc_column_inner][vc_column_inner width=\u00bb1\/2&#8243;]<h2 class=\"vcex-heading vcex-module wpex-text-2xl wpex-font-normal wpex-m-auto wpex-max-w-100 vcex-heading-plain wpex-block vc_custom_1665043250742\" style=\"font-family:Lora;font-size:30px;\"><span class=\"vcex-heading-inner wpex-inline-block wpex-clr\">\u00bfEn qu\u00e9 consiste la Vigilancia Tecnol\u00f3gica?<\/span><\/h2><div class=\"vcex-spacing wpex-w-100 wpex-clear\" style=\"height:10px;\"><\/div>[vc_column_text font_size=\u00bb15px\u00bb font_family=\u00bbLora\u00bb line_height=\u00bb2.0&#8243;]Para reducir el tiempo dedicado a esta labor, cada vez son m\u00e1s el n\u00famero de empresas que implementan herramientas de Vigilancia Tecnol\u00f3gica (vigilancia competitiva, vigilancia estrat\u00e9gica), capaces de extraer la informaci\u00f3n de datos de diversas fuentes de informaci\u00f3n y sintetizarlo de manera que sea m\u00e1s comprensible y\/o factible de estudiar para, de este modo, ver de qu\u00e9 manera es aprovechable dicha informaci\u00f3n.<\/p>\n<p>Una de estas fuentes es el estudio y conocimiento de las patentes u otras publicaciones en el sector t\u00e9cnico en el que se desarrolla la labor de la empresa, tanto a nivel de fuente de conocimiento (nuevos desarrollos que se producen en el estado de la t\u00e9cnica), como a nivel de implementaci\u00f3n de los mismos en los procesos o productos elaborados por la propia empresa, para, finalmente, evaluar el riesgo de infracci\u00f3n legal de los derechos de propiedad industrial derivados de las patentes de la competencia, y la implementaci\u00f3n de estrategias para minimizar los posibles da\u00f1os que pudiesen causar dichas patentes en la econom\u00eda de la empresa.[\/vc_column_text][\/vc_column_inner][\/vc_row_inner][\/vc_column][\/vc_row][vc_row full_width=\u00bbstretch_row\u00bb wpex_bg_overlay=\u00bbdark\u00bb remove_bottom_col_margin=\u00bbtrue\u00bb wpex_fixed_bg=\u00bbfixed\u00bb css=\u00bb.vc_custom_1657815994469{padding-top: 100px !important;padding-bottom: 100px !important;background: #111111 url(https:\/\/jesanaip.com\/wp-content\/uploads\/2016\/04\/girl-phone.jpg?id=64) !important;background-position: center !important;background-repeat: no-repeat !important;background-size: cover !important;}\u00bb wpex_bg_overlay_opacity=\u00bb0.4&#8243;][vc_column css_animation=\u00bbfadeInDown\u00bb]<h2 class=\"vcex-heading vcex-module wpex-text-2xl wpex-font-normal wpex-m-auto wpex-max-w-100 vcex-heading-plain wpex-block wpex-text-center\" style=\"color:#ffffff;font-size:34px;\"><span class=\"vcex-heading-inner wpex-inline-block wpex-clr\">Servicios de vigilancia tecnol\u00f3gica e inteligencia competitiva<\/span><\/h2><div class=\"vcex-spacing wpex-w-100 wpex-clear\" style=\"height:20px;\"><\/div>[vc_column_text font_size=\u00bb20px\u00bb color=\u00bb#ffffff\u00bb text_align=\u00bbcenter\u00bb font_weight=\u00bb400&#8243;]Por ello, desde Jesana IP ponemos a su disposici\u00f3n todo nuestro conocimiento y know-how en el estudio de la Propiedad Industrial que, hace que seamos capaces de ofertar servicios de vigilancia tecnol\u00f3gica adaptados a cada empresa, independientemente del tama\u00f1o de \u00e9sta y flexibilizando los requisitos econ\u00f3micos y personales, para proporcionar una herramienta de utilidad para todas aquellas empresas que quieran implementar herramientas de contraste y an\u00e1lisis de informaci\u00f3n t\u00e9cnica. Todo ello con el objetivo \u00faltimo de proporcionar un nuevo impulso a la innovaci\u00f3n dentro de su empresa, anticip\u00e1ndose a los movimientos del mercado mediante el estudio de toda la informaci\u00f3n disponible, minimizando cualquier riesgo t\u00e9cnico y legal que pudiera ocurrir.<\/p>\n<p>La propia organizaci\u00f3n de las bases de datos ya se trata, en s\u00ed mismo, de un proceso largo y complejo si no se cuenta con las herramientas adecuadas. Lo mismo para la b\u00fasqueda de alg\u00fan dato en concreto o cualquier consulta r\u00e1pida que se requiera realizar en la base de datos.<\/p>\n<p>Desde Jesana IP contamos con un sistema de vigilancia tecnol\u00f3gica id\u00f3neo para optimizar todos los procesos y recursos, analizando toda la informaci\u00f3n recogida para transformarla en informaci\u00f3n \u00fatil que nos posibilite minimizar los riesgos en la toma de decisiones dentro de la compa\u00f1\u00eda, anticiparse a nuevas necesidades que puedan tener los clientes o conocer en profundidad a la competencia directa.[\/vc_column_text]<div class=\"vcex-spacing wpex-w-100 wpex-clear\" style=\"height:20px;\"><\/div><div class=\"theme-button-wrap textcenter wpex-clr\"><a href=\"\/contacto\/\" title=\"Con\u00f3cenos\" class=\"vcex-button theme-button flat black align-center active inline local-scroll-link\" style=\"background:#25afb4;padding-top:14px;padding-right:28px;padding-bottom:14px;padding-left:28px;color:#ffffff;font-size:12px;font-weight:600;border-radius:3px;margin-top:10px;margin-bottom:10px;text-transform:uppercase;\" data-wpex-hover='{&quot;background&quot;:&quot;#000000&quot;,&quot;color&quot;:&quot;#ffffff&quot;}'><span class=\"theme-button-inner\">Contacta Ahora<\/span><\/a><\/div> [\/vc_column][\/vc_row]\n","protected":false},"excerpt":{"rendered":"<p>[vc_row column_spacing=\u00bb60&#8243; remove_bottom_col_margin=\u00bbtrue\u00bb local_scroll_id=\u00bbfeatures\u00bb css=\u00bb.vc_custom_1651709476342{padding-top: 100px !important;padding-bottom: 100px !important;}\u00bb][vc_column][vc_row_inner][vc_column_inner width=\u00bb5\/6&#8243;][vc_column_text font_size=\u00bb28px\u00bb width=\u00bb750px\u00bb text_align=\u00bbleft\u00bb color=\u00bb#383838&#8243; font_family=\u00bbLora\u00bb font_weight=\u00bb400&#8243;]Tomar decisiones con menor riesgo y anticiparse a los cambios supone una gran ventaja competitiva y refuerza nuestra gesti\u00f3n al frente de una empresa. La ciencia y tecnolog\u00eda nos puede ayudar sumamente a captar informaci\u00f3n exterior, seleccionarla, analizarla, difundirla y&hellip;<\/p>\n","protected":false},"author":1,"featured_media":0,"parent":0,"menu_order":0,"comment_status":"closed","ping_status":"closed","template":"","meta":{"footnotes":""},"class_list":["post-379","page","type-page","status-publish","hentry","entry","no-media"],"yoast_head":"<!-- This site is optimized with the Yoast SEO plugin v26.4 - https:\/\/yoast.com\/wordpress\/plugins\/seo\/ -->\n<title>Empresa de vigilancia tecnol\u00f3gica e inteligencia competitiva<\/title>\n<meta name=\"description\" content=\"JESANA IP. Ofrecemos servicios de vigilancia tecnol\u00f3gica, inteligencia competitiva y vigilancia estrat\u00e9gica\" \/>\n<meta name=\"robots\" content=\"index, follow, max-snippet:-1, max-image-preview:large, max-video-preview:-1\" \/>\n<link rel=\"canonical\" href=\"https:\/\/jesanaip.com\/vigilancia-tecnologica\/\" \/>\n<meta property=\"og:locale\" content=\"es_ES\" \/>\n<meta property=\"og:type\" content=\"article\" \/>\n<meta property=\"og:title\" content=\"Empresa de vigilancia tecnol\u00f3gica e inteligencia competitiva\" \/>\n<meta property=\"og:description\" content=\"JESANA IP. Ofrecemos servicios de vigilancia tecnol\u00f3gica, inteligencia competitiva y vigilancia estrat\u00e9gica\" \/>\n<meta property=\"og:url\" content=\"https:\/\/jesanaip.com\/vigilancia-tecnologica\/\" \/>\n<meta property=\"og:site_name\" content=\"JESANA IP\" \/>\n<meta property=\"article:publisher\" content=\"https:\/\/www.facebook.com\/people\/Jesana-IP\/100063718263842\/\" \/>\n<meta property=\"og:image\" content=\"https:\/\/jesanaip.com\/wp-content\/uploads\/2022\/07\/jesanaip_logo_horizontal.png\" \/>\n\t<meta property=\"og:image:width\" content=\"395\" \/>\n\t<meta property=\"og:image:height\" content=\"102\" \/>\n\t<meta property=\"og:image:type\" content=\"image\/png\" \/>\n<meta name=\"twitter:card\" content=\"summary_large_image\" \/>\n<meta name=\"twitter:site\" content=\"@jesanaip\" \/>\n<meta name=\"twitter:label1\" content=\"Tiempo de lectura\" \/>\n\t<meta name=\"twitter:data1\" content=\"4 minutos\" \/>\n<script type=\"application\/ld+json\" class=\"yoast-schema-graph\">{\"@context\":\"https:\/\/schema.org\",\"@graph\":[{\"@type\":\"WebPage\",\"@id\":\"https:\/\/jesanaip.com\/vigilancia-tecnologica\/\",\"url\":\"https:\/\/jesanaip.com\/vigilancia-tecnologica\/\",\"name\":\"Empresa de vigilancia tecnol\u00f3gica e inteligencia competitiva\",\"isPartOf\":{\"@id\":\"https:\/\/jesanaip.com\/#website\"},\"datePublished\":\"2022-10-06T08:08:26+00:00\",\"description\":\"JESANA IP. Ofrecemos servicios de vigilancia tecnol\u00f3gica, inteligencia competitiva y vigilancia estrat\u00e9gica\",\"breadcrumb\":{\"@id\":\"https:\/\/jesanaip.com\/vigilancia-tecnologica\/#breadcrumb\"},\"inLanguage\":\"es\",\"potentialAction\":[{\"@type\":\"ReadAction\",\"target\":[\"https:\/\/jesanaip.com\/vigilancia-tecnologica\/\"]}]},{\"@type\":\"BreadcrumbList\",\"@id\":\"https:\/\/jesanaip.com\/vigilancia-tecnologica\/#breadcrumb\",\"itemListElement\":[{\"@type\":\"ListItem\",\"position\":1,\"name\":\"Portada\",\"item\":\"https:\/\/jesanaip.com\/\"},{\"@type\":\"ListItem\",\"position\":2,\"name\":\"Vigilancia tecnol\u00f3gica\"}]},{\"@type\":\"WebSite\",\"@id\":\"https:\/\/jesanaip.com\/#website\",\"url\":\"https:\/\/jesanaip.com\/\",\"name\":\"JESANA IP\",\"description\":\"Consultores en Propiedad Industrial con +15 a\u00f1os de experiencia. Empresa de registro de Marcas y Patentes, Modelos de utilidad y Dise\u00f1os Industriales\",\"publisher\":{\"@id\":\"https:\/\/jesanaip.com\/#organization\"},\"alternateName\":\"JESANA IP\",\"potentialAction\":[{\"@type\":\"SearchAction\",\"target\":{\"@type\":\"EntryPoint\",\"urlTemplate\":\"https:\/\/jesanaip.com\/?s={search_term_string}\"},\"query-input\":{\"@type\":\"PropertyValueSpecification\",\"valueRequired\":true,\"valueName\":\"search_term_string\"}}],\"inLanguage\":\"es\"},{\"@type\":\"Organization\",\"@id\":\"https:\/\/jesanaip.com\/#organization\",\"name\":\"JESANA PATENTES SL\",\"url\":\"https:\/\/jesanaip.com\/\",\"logo\":{\"@type\":\"ImageObject\",\"inLanguage\":\"es\",\"@id\":\"https:\/\/jesanaip.com\/#\/schema\/logo\/image\/\",\"url\":\"https:\/\/jesanaip.com\/wp-content\/uploads\/2022\/07\/JesanaIP_logo_vertical.png\",\"contentUrl\":\"https:\/\/jesanaip.com\/wp-content\/uploads\/2022\/07\/JesanaIP_logo_vertical.png\",\"width\":300,\"height\":220,\"caption\":\"JESANA PATENTES SL\"},\"image\":{\"@id\":\"https:\/\/jesanaip.com\/#\/schema\/logo\/image\/\"},\"sameAs\":[\"https:\/\/www.facebook.com\/people\/Jesana-IP\/100063718263842\/\",\"https:\/\/x.com\/jesanaip\"]}]}<\/script>\n<!-- \/ Yoast SEO plugin. -->","yoast_head_json":{"title":"Empresa de vigilancia tecnol\u00f3gica e inteligencia competitiva","description":"JESANA IP. Ofrecemos servicios de vigilancia tecnol\u00f3gica, inteligencia competitiva y vigilancia estrat\u00e9gica","robots":{"index":"index","follow":"follow","max-snippet":"max-snippet:-1","max-image-preview":"max-image-preview:large","max-video-preview":"max-video-preview:-1"},"canonical":"https:\/\/jesanaip.com\/vigilancia-tecnologica\/","og_locale":"es_ES","og_type":"article","og_title":"Empresa de vigilancia tecnol\u00f3gica e inteligencia competitiva","og_description":"JESANA IP. Ofrecemos servicios de vigilancia tecnol\u00f3gica, inteligencia competitiva y vigilancia estrat\u00e9gica","og_url":"https:\/\/jesanaip.com\/vigilancia-tecnologica\/","og_site_name":"JESANA IP","article_publisher":"https:\/\/www.facebook.com\/people\/Jesana-IP\/100063718263842\/","og_image":[{"width":395,"height":102,"url":"https:\/\/jesanaip.com\/wp-content\/uploads\/2022\/07\/jesanaip_logo_horizontal.png","type":"image\/png"}],"twitter_card":"summary_large_image","twitter_site":"@jesanaip","twitter_misc":{"Tiempo de lectura":"4 minutos"},"schema":{"@context":"https:\/\/schema.org","@graph":[{"@type":"WebPage","@id":"https:\/\/jesanaip.com\/vigilancia-tecnologica\/","url":"https:\/\/jesanaip.com\/vigilancia-tecnologica\/","name":"Empresa de vigilancia tecnol\u00f3gica e inteligencia competitiva","isPartOf":{"@id":"https:\/\/jesanaip.com\/#website"},"datePublished":"2022-10-06T08:08:26+00:00","description":"JESANA IP. Ofrecemos servicios de vigilancia tecnol\u00f3gica, inteligencia competitiva y vigilancia estrat\u00e9gica","breadcrumb":{"@id":"https:\/\/jesanaip.com\/vigilancia-tecnologica\/#breadcrumb"},"inLanguage":"es","potentialAction":[{"@type":"ReadAction","target":["https:\/\/jesanaip.com\/vigilancia-tecnologica\/"]}]},{"@type":"BreadcrumbList","@id":"https:\/\/jesanaip.com\/vigilancia-tecnologica\/#breadcrumb","itemListElement":[{"@type":"ListItem","position":1,"name":"Portada","item":"https:\/\/jesanaip.com\/"},{"@type":"ListItem","position":2,"name":"Vigilancia tecnol\u00f3gica"}]},{"@type":"WebSite","@id":"https:\/\/jesanaip.com\/#website","url":"https:\/\/jesanaip.com\/","name":"JESANA IP","description":"Consultores en Propiedad Industrial con +15 a\u00f1os de experiencia. Empresa de registro de Marcas y Patentes, Modelos de utilidad y Dise\u00f1os Industriales","publisher":{"@id":"https:\/\/jesanaip.com\/#organization"},"alternateName":"JESANA IP","potentialAction":[{"@type":"SearchAction","target":{"@type":"EntryPoint","urlTemplate":"https:\/\/jesanaip.com\/?s={search_term_string}"},"query-input":{"@type":"PropertyValueSpecification","valueRequired":true,"valueName":"search_term_string"}}],"inLanguage":"es"},{"@type":"Organization","@id":"https:\/\/jesanaip.com\/#organization","name":"JESANA PATENTES SL","url":"https:\/\/jesanaip.com\/","logo":{"@type":"ImageObject","inLanguage":"es","@id":"https:\/\/jesanaip.com\/#\/schema\/logo\/image\/","url":"https:\/\/jesanaip.com\/wp-content\/uploads\/2022\/07\/JesanaIP_logo_vertical.png","contentUrl":"https:\/\/jesanaip.com\/wp-content\/uploads\/2022\/07\/JesanaIP_logo_vertical.png","width":300,"height":220,"caption":"JESANA PATENTES SL"},"image":{"@id":"https:\/\/jesanaip.com\/#\/schema\/logo\/image\/"},"sameAs":["https:\/\/www.facebook.com\/people\/Jesana-IP\/100063718263842\/","https:\/\/x.com\/jesanaip"]}]}},"_links":{"self":[{"href":"https:\/\/jesanaip.com\/wp-json\/wp\/v2\/pages\/379","targetHints":{"allow":["GET"]}}],"collection":[{"href":"https:\/\/jesanaip.com\/wp-json\/wp\/v2\/pages"}],"about":[{"href":"https:\/\/jesanaip.com\/wp-json\/wp\/v2\/types\/page"}],"author":[{"embeddable":true,"href":"https:\/\/jesanaip.com\/wp-json\/wp\/v2\/users\/1"}],"replies":[{"embeddable":true,"href":"https:\/\/jesanaip.com\/wp-json\/wp\/v2\/comments?post=379"}],"version-history":[{"count":1,"href":"https:\/\/jesanaip.com\/wp-json\/wp\/v2\/pages\/379\/revisions"}],"predecessor-version":[{"id":383,"href":"https:\/\/jesanaip.com\/wp-json\/wp\/v2\/pages\/379\/revisions\/383"}],"wp:attachment":[{"href":"https:\/\/jesanaip.com\/wp-json\/wp\/v2\/media?parent=379"}],"curies":[{"name":"wp","href":"https:\/\/api.w.org\/{rel}","templated":true}]}}