{"id":384,"date":"2022-10-06T08:19:42","date_gmt":"2022-10-06T08:19:42","guid":{"rendered":"https:\/\/jesanaip.com\/?page_id=384"},"modified":"2023-11-02T15:26:50","modified_gmt":"2023-11-02T15:26:50","slug":"nosotros","status":"publish","type":"page","link":"https:\/\/jesanaip.com\/nosotros\/","title":{"rendered":"Nosotros"},"content":{"rendered":"[vc_row column_spacing=\u00bb60&#8243; remove_bottom_col_margin=\u00bbtrue\u00bb local_scroll_id=\u00bbfeatures\u00bb css=\u00bb.vc_custom_1651709476342{padding-top: 100px !important;padding-bottom: 100px !important;}\u00bb][vc_column][vc_row_inner][vc_column_inner width=\u00bb5\/6&#8243;][vc_column_text font_size=\u00bb28px\u00bb width=\u00bb750px\u00bb text_align=\u00bbleft\u00bb color=\u00bb#383838&#8243; font_family=\u00bbLora\u00bb font_weight=\u00bb400&#8243;]<strong>Jesana IP<\/strong> es una <strong>empresa de patentes y marcas<\/strong> capacitada para realizar todas las actuaciones necesarias en su solicitud y tramitaci\u00f3n, su vigilancia y protecci\u00f3n, adem\u00e1s de realizar los estudios e informes previos de viabilidad.[\/vc_column_text]<div class=\"vcex-spacing wpex-w-100 wpex-clear\" style=\"height:20px;\"><\/div><div class=\"vcex-module vcex-divider vcex-divider-solid wpex-my-20 vcex-divider-left wpex-float-left wpex-max-w-100 wpex-mx-auto wpex-block wpex-h-0 wpex-border-b wpex-border-solid wpex-border-main\" style=\"width:50px;border-color:#383838;\"><\/div><div class=\"vcex-clear--divider wpex-clear\"><\/div>[\/vc_column_inner][vc_column_inner width=\u00bb1\/6&#8243;][\/vc_column_inner][\/vc_row_inner]<div class=\"vcex-spacing wpex-w-100 wpex-clear\" style=\"height:30px;\"><\/div>[\/vc_column][\/vc_row][vc_row full_width=\u00bbstretch_row\u00bb content_placement=\u00bbmiddle\u00bb column_spacing=\u00bb60&#8243; css=\u00bb.vc_custom_1657810113882{padding-top: 100px !important;padding-bottom: 30px !important;background-color: #eeeeee !important;}\u00bb][vc_column][vc_row_inner content_placement=\u00bbmiddle\u00bb][vc_column_inner width=\u00bb1\/2&#8243;]<h2 class=\"vcex-heading vcex-module wpex-text-2xl wpex-font-normal wpex-m-auto wpex-max-w-100 vcex-heading-plain wpex-block vc_custom_1665043893401\" style=\"font-family:Lora;font-size:30px;\"><span class=\"vcex-heading-inner wpex-inline-block wpex-clr\">\u00bfQu\u00e9 podemos aportarte?<\/span><\/h2><div class=\"vcex-spacing wpex-w-100 wpex-clear\" style=\"height:10px;\"><\/div>[vc_column_text font_size=\u00bb15px\u00bb font_family=\u00bbLora\u00bb line_height=\u00bb2.0&#8243;]Nosotros, como <strong>t\u00e9cnicos en Propiedad Industrial<\/strong> con una experiencia acumulada de m\u00e1s de quince a\u00f1os, hemos redactado cientos de memorias de patentes y modelos de utilidad.<\/p>\n<p>Por lo que podemos orientarte con total certeza de los pasos correctos para conseguir la mejor protecci\u00f3n para tu invenci\u00f3n, tanto a nivel nacional como internacional.<\/p>\n<p>Todo ello gracias a la experiencia adquirida en la gesti\u00f3n de centenares de expedientes de patentes, tanto <strong>en Espa\u00f1a como en pr\u00e1cticamente todos los pa\u00edses del mundo<\/strong>, todo ello asegurando una sincronizaci\u00f3n total con el inventor desde las primeras fases de la investigaci\u00f3n y desarrollo hasta la concesi\u00f3n del t\u00edtulo de patente en cualquier pa\u00eds que sea de su inter\u00e9s.[\/vc_column_text][\/vc_column_inner][vc_column_inner width=\u00bb1\/2&#8243;]<figure class=\"vcex-image vcex-module wpex-clr\"><div class=\"vcex-image-inner wpex-relative wpex-inline-block\"><img decoding=\"async\" width=\"900\" height=\"600\" src=\"https:\/\/jesanaip.com\/wp-content\/uploads\/2022\/10\/tecnicos_propiedad_intelectual.jpg\" class=\"wpex-align-middle wpex-shadow-2xl\" alt=\"t\u00e9cnicos propiedad intelectual\" loading=\"lazy\" srcset=\"https:\/\/jesanaip.com\/wp-content\/uploads\/2022\/10\/tecnicos_propiedad_intelectual.jpg 900w, https:\/\/jesanaip.com\/wp-content\/uploads\/2022\/10\/tecnicos_propiedad_intelectual-300x200.jpg 300w, https:\/\/jesanaip.com\/wp-content\/uploads\/2022\/10\/tecnicos_propiedad_intelectual-768x512.jpg 768w\" sizes=\"auto, (max-width: 900px) 100vw, 900px\" \/><\/div><\/figure>[\/vc_column_inner][\/vc_row_inner][\/vc_column][\/vc_row][vc_row full_width=\u00bbstretch_row\u00bb content_placement=\u00bbmiddle\u00bb column_spacing=\u00bb60&#8243; css=\u00bb.vc_custom_1665044859026{padding-top: 20px !important;padding-bottom: 30px !important;}\u00bb][vc_column]<div class=\"vcex-spacing wpex-w-100 wpex-clear\" style=\"height:40px;\"><\/div><h2 class=\"vcex-heading vcex-module wpex-text-2xl wpex-font-normal wpex-m-auto wpex-max-w-100 vcex-heading-plain wpex-block wpex-text-center vc_custom_1665044024573\" style=\"font-family:Lora;font-size:30px;\"><span class=\"vcex-heading-inner wpex-inline-block wpex-clr\">Conoce a nuestro equipo<\/span><\/h2><div class=\"vcex-spacing wpex-w-100 wpex-clear\" style=\"height:10px;\"><\/div>[vc_column_text font_size=\u00bb18px\u00bb font_family=\u00bbLora\u00bb line_height=\u00bb2.0&#8243; text_align=\u00bbcenter\u00bb]Conoce aqu\u00ed a nuestro equipo especializado en <strong>consultor\u00eda de propiedad industrial<\/strong> relacionada con patentes, marcas, dise\u00f1os industriales o modelos de utilidad.[\/vc_column_text]<div class=\"vcex-spacing wpex-w-100 wpex-clear\" style=\"height:50px;\"><\/div>[vc_row_inner content_placement=\u00bbtop\u00bb][vc_column_inner width=\u00bb1\/3&#8243;]<figure class=\"vcex-image vcex-module wpex-clr wpex-mb-0\"><div class=\"vcex-image-inner wpex-relative wpex-inline-block\"><a href=\"https:\/\/jesanaip.com\/agente-europeo-de-patentes\/\"><img decoding=\"async\" width=\"600\" height=\"799\" src=\"https:\/\/jesanaip.com\/wp-content\/uploads\/2022\/10\/jesus_sahuquillo_jesana.jpg\" class=\"wpex-align-middle wpex-shadow-2xl\" alt=\"Jes\u00fas Sahuquillo agente de pantentes\" loading=\"lazy\" srcset=\"https:\/\/jesanaip.com\/wp-content\/uploads\/2022\/10\/jesus_sahuquillo_jesana.jpg 600w, https:\/\/jesanaip.com\/wp-content\/uploads\/2022\/10\/jesus_sahuquillo_jesana-225x300.jpg 225w\" sizes=\"auto, (max-width: 600px) 100vw, 600px\" \/><\/a><\/div><\/figure><div class=\"vcex-spacing wpex-w-100 wpex-clear\" style=\"height:20px;\"><\/div><style>.vcex_69ded766d6621{gap:10px;}@media only screen and (min-width: 640px) {.vcex_69ded766d6621 .vcex-feature-box-media{width:0%;;}.vcex_69ded766d6621 .vcex-feature-box-content{width:100%;}}<\/style><div class=\"vcex-module vcex-feature-box wpex-flex wpex-flex-col wpex-sm-flex-row wpex-justify-between left-image-right-content vcex_69ded766d6621\"><div class=\"vcex-feature-box-media\"><div class=\"vcex-feature-box-image wpex-relative wpex-sm-text-left\"><img decoding=\"async\" src=\"https:\/\/jesanaip.com\/wp-content\/themes\/Total\/assets\/images\/placeholder.jpg\"><\/div><\/div><div class=\"vcex-feature-box-content wpex-clr\"><h3 class=\"vcex-feature-box-heading wpex-heading wpex-text-lg wpex-mb-20\" style=\"font-family:Lora;font-size:26px;font-weight:500;margin-top:10px;margin-bottom:10px;\">Jes\u00fas Sahuquillo Agente de Patentes Europeas<\/h3><div class=\"vcex-feature-box-text wpex-last-mb-0 wpex-clr\" style=\"font-size:16px;font-weight:400;\"><p>Agente Espa\u00f1ol de la Propiedad Industrial.<br \/>\nIngeniero en Electr\u00f3nica y Autom\u00e1tica Industrial.<\/p>\n<p>Jes\u00fas ha trabajado en diversas empresas punteras del sector de la Propiedad Industrial hasta que en el a\u00f1o 2013 decidi\u00f3 dar el paso de formar Jesana IP, desde donde dirige y trabaja en exclusiva con el fin de dotar de un asesoramiento m\u00e1s personalizado a su cartera de clientes as\u00ed como comenzar una nueva experiencia laboral donde poner en pr\u00e1ctica todos los conocimientos adquiridos durante sus m\u00e1s de quince a\u00f1os de experiencia. Jes\u00fas compagina la direcci\u00f3n del despacho, con su trabajo de perito en diversos temas de propiedad industrial.<\/p>\n<p>Adem\u00e1s, posee el Diploma en \u201cLitigios de Patentes en Europa\u201d por la Universidad Polit\u00e9cnica de Mil\u00e1n y es miembro del Grupo Espa\u00f1ol del AIPPI.<\/p>\n<\/div><\/div><\/div><div class=\"vcex-spacing wpex-w-100 wpex-clear\" style=\"height:20px;\"><\/div><div class=\"vcex-module wpex-flex wpex-items-center wpex-flex-wrap wpex-social-btns vcex-social-btns wpex-gap-10 wpex-justify-center wpex-last-mr-0\"><a  href=\"https:\/\/www.linkedin.com\/in\/jesus-sahuquillo-huerta\/\" class=\"wpex-social-btn wpex-social-btn-flat wpex-social-bg wpex-linkedin\" target=\"_blank\" title=\"LinkedIn\" rel=\"noopener noreferrer\"><span class=\"ticon ticon-linkedin\" aria-hidden=\"true\"><\/span><span class=\"screen-reader-text\">LinkedIn<\/span><\/a><a  href=\"https:\/\/www.coapi.org\/propiedad-industrial\/?q=content\/sahuquillo-huerta-jes%C3%BAs\" class=\"wpex-social-btn wpex-social-btn-flat wpex-social-bg wpex-rss\" target=\"_blank\" title=\"RSS\" rel=\"noopener noreferrer\"><span class=\"ticon ticon-rss\" aria-hidden=\"true\"><\/span><span class=\"screen-reader-text\">RSS<\/span><\/a><\/div>[\/vc_column_inner][vc_column_inner width=\u00bb1\/3&#8243;]<figure class=\"vcex-image vcex-module wpex-clr wpex-mb-0\"><div class=\"vcex-image-inner wpex-relative wpex-inline-block\"><a href=\"https:\/\/jesanaip.com\/research-lead\/\"><img decoding=\"async\" width=\"600\" height=\"799\" src=\"https:\/\/jesanaip.com\/wp-content\/uploads\/2022\/10\/roberto_sahuquillo_jesana.jpg\" class=\"wpex-align-middle wpex-shadow-2xl\" alt=\"Roberto Sahuquillo ip consultant\" loading=\"lazy\" srcset=\"https:\/\/jesanaip.com\/wp-content\/uploads\/2022\/10\/roberto_sahuquillo_jesana.jpg 600w, https:\/\/jesanaip.com\/wp-content\/uploads\/2022\/10\/roberto_sahuquillo_jesana-225x300.jpg 225w\" sizes=\"auto, (max-width: 600px) 100vw, 600px\" \/><\/a><\/div><\/figure><div class=\"vcex-spacing wpex-w-100 wpex-clear\" style=\"height:20px;\"><\/div><style>.vcex_69ded766d78ec{gap:10px;}@media only screen and (min-width: 640px) {.vcex_69ded766d78ec .vcex-feature-box-media{width:0%;;}.vcex_69ded766d78ec .vcex-feature-box-content{width:100%;}}<\/style><div class=\"vcex-module vcex-feature-box wpex-flex wpex-flex-col wpex-sm-flex-row wpex-justify-between left-image-right-content vcex_69ded766d78ec\"><div class=\"vcex-feature-box-media\"><div class=\"vcex-feature-box-image wpex-relative wpex-sm-text-left\"><img decoding=\"async\" src=\"https:\/\/jesanaip.com\/wp-content\/themes\/Total\/assets\/images\/placeholder.jpg\"><\/div><\/div><div class=\"vcex-feature-box-content wpex-clr\"><h3 class=\"vcex-feature-box-heading wpex-heading wpex-text-lg wpex-mb-20\" style=\"font-family:Lora;font-size:26px;font-weight:500;margin-top:10px;margin-bottom:10px;\">Roberto Sahuquillo IP Consultant<\/h3><div class=\"vcex-feature-box-text wpex-last-mb-0 wpex-clr\" style=\"font-size:16px;font-weight:400;\"><p>Graduado en Ingenier\u00eda Electr\u00f3nica Industrial y Autom\u00e1tica.<\/p>\n<p>Trabaja en el \u00e1mbito de la Propiedad Industrial desde el a\u00f1o 2009, primero como t\u00e9cnico de patentes freelance y, posteriormente, trasladando los conocimientos adquiridos a Jesana IP, donde se encarga tanto de la administraci\u00f3n de la misma como realizando diversos trabajos de car\u00e1cter t\u00e9cnico.<\/p>\n<p>Adem\u00e1s, es miembro del Grupo Espa\u00f1ol del AIPPI.<\/p>\n<\/div><\/div><\/div><div class=\"vcex-spacing wpex-w-100 wpex-clear\" style=\"height:20px;\"><\/div><div class=\"vcex-module wpex-flex wpex-items-center wpex-flex-wrap wpex-social-btns vcex-social-btns wpex-gap-10 wpex-justify-center wpex-last-mr-0\"><a  href=\"https:\/\/www.linkedin.com\/in\/roberto-sahuquillo\/\" class=\"wpex-social-btn wpex-social-btn-flat wpex-social-bg wpex-linkedin\" target=\"_blank\" title=\"LinkedIn\" rel=\"noopener noreferrer\"><span class=\"ticon ticon-linkedin\" aria-hidden=\"true\"><\/span><span class=\"screen-reader-text\">LinkedIn<\/span><\/a><\/div>[\/vc_column_inner][vc_column_inner width=\u00bb1\/3&#8243;]<figure class=\"vcex-image vcex-module wpex-clr wpex-mb-0\"><div class=\"vcex-image-inner wpex-relative wpex-inline-block\"><a href=\"https:\/\/jesanaip.com\/tecnico-patentes-junior\/\"><img decoding=\"async\" width=\"600\" height=\"799\" src=\"https:\/\/jesanaip.com\/wp-content\/uploads\/2022\/10\/julio_sahuquillo_jesana.jpg\" class=\"wpex-align-middle wpex-shadow-2xl\" alt=\"Julio Sahuquillo ip consultant\" loading=\"lazy\" srcset=\"https:\/\/jesanaip.com\/wp-content\/uploads\/2022\/10\/julio_sahuquillo_jesana.jpg 600w, https:\/\/jesanaip.com\/wp-content\/uploads\/2022\/10\/julio_sahuquillo_jesana-225x300.jpg 225w\" sizes=\"auto, (max-width: 600px) 100vw, 600px\" \/><\/a><\/div><\/figure><div class=\"vcex-spacing wpex-w-100 wpex-clear\" style=\"height:20px;\"><\/div><style>.vcex_69ded766d85a5{gap:10px;}@media only screen and (min-width: 640px) {.vcex_69ded766d85a5 .vcex-feature-box-media{width:0%;;}.vcex_69ded766d85a5 .vcex-feature-box-content{width:100%;}}<\/style><div class=\"vcex-module vcex-feature-box wpex-flex wpex-flex-col wpex-sm-flex-row wpex-justify-between left-image-right-content vcex_69ded766d85a5\"><div class=\"vcex-feature-box-media\"><div class=\"vcex-feature-box-image wpex-relative wpex-sm-text-left\"><img decoding=\"async\" src=\"https:\/\/jesanaip.com\/wp-content\/themes\/Total\/assets\/images\/placeholder.jpg\"><\/div><\/div><div class=\"vcex-feature-box-content wpex-clr\"><h3 class=\"vcex-feature-box-heading wpex-heading wpex-text-lg wpex-mb-20\" style=\"font-family:Lora;font-size:26px;font-weight:500;margin-top:10px;margin-bottom:10px;\">Julio Sahuquillo IP Consultant<\/h3><div class=\"vcex-feature-box-text wpex-last-mb-0 wpex-clr\" style=\"font-size:16px;font-weight:400;\"><p>Graduado en Ingenier\u00eda de Organizaci\u00f3n Industrial.<\/p>\n<p>Es la \u00faltima incorporaci\u00f3n al despacho donde trabaja como t\u00e9cnico desde el a\u00f1o 2018.<\/p>\n<p>Previamente se form\u00f3 realizando diversos cursos en redacci\u00f3n y b\u00fasqueda de antecedentes de Patentes y Modelos de Utilidad en el Centro de Patentes de la Universidad de Barcelona (UB), centro adscrito a la OEPM.<\/p>\n<\/div><\/div><\/div><div class=\"vcex-spacing wpex-w-100 wpex-clear\" style=\"height:20px;\"><\/div><div class=\"vcex-module wpex-flex wpex-items-center wpex-flex-wrap wpex-social-btns vcex-social-btns wpex-gap-10 wpex-justify-center wpex-last-mr-0\"><a  href=\"https:\/\/www.linkedin.com\/in\/juliosahuquillohuerta\/\" class=\"wpex-social-btn wpex-social-btn-flat wpex-social-bg wpex-linkedin\" target=\"_blank\" title=\"LinkedIn\" rel=\"noopener noreferrer\"><span class=\"ticon ticon-linkedin\" aria-hidden=\"true\"><\/span><span class=\"screen-reader-text\">LinkedIn<\/span><\/a><\/div>[\/vc_column_inner][\/vc_row_inner]<div class=\"vcex-spacing wpex-w-100 wpex-clear\" style=\"height:50px;\"><\/div>[\/vc_column][\/vc_row][vc_row full_width=\u00bbstretch_row\u00bb wpex_bg_overlay=\u00bbdark\u00bb remove_bottom_col_margin=\u00bbtrue\u00bb wpex_fixed_bg=\u00bbfixed\u00bb css=\u00bb.vc_custom_1657815994469{padding-top: 100px !important;padding-bottom: 100px !important;background: #111111 url(https:\/\/jesanaip.com\/wp-content\/uploads\/2016\/04\/girl-phone.jpg?id=64) !important;background-position: center !important;background-repeat: no-repeat !important;background-size: cover !important;}\u00bb wpex_bg_overlay_opacity=\u00bb0.4&#8243;][vc_column css_animation=\u00bbfadeInDown\u00bb]<h2 class=\"vcex-heading vcex-module wpex-text-2xl wpex-font-normal wpex-m-auto wpex-max-w-100 vcex-heading-plain wpex-block wpex-text-center\" style=\"color:#ffffff;font-size:34px;\"><span class=\"vcex-heading-inner wpex-inline-block wpex-clr\">Te ayudamos a crecer<\/span><\/h2><div class=\"vcex-spacing wpex-w-100 wpex-clear\" style=\"height:20px;\"><\/div>[vc_column_text font_size=\u00bb20px\u00bb color=\u00bb#ffffff\u00bb text_align=\u00bbcenter\u00bb font_weight=\u00bb400&#8243;]Ante cualquier duda que te surja, com\u00e9ntanos.<\/p>\n<p>Nuestro equipo de profesionales te aportar\u00e1 la soluci\u00f3n m\u00e1s adecuada.[\/vc_column_text]<div class=\"vcex-spacing wpex-w-100 wpex-clear\" style=\"height:20px;\"><\/div><div class=\"theme-button-wrap textcenter wpex-clr\"><a href=\"\/contacto\/\" title=\"Con\u00f3cenos\" class=\"vcex-button theme-button flat black align-center active inline local-scroll-link\" style=\"background:#25afb4;padding-top:14px;padding-right:28px;padding-bottom:14px;padding-left:28px;color:#ffffff;font-size:12px;font-weight:600;border-radius:3px;margin-top:10px;margin-bottom:10px;text-transform:uppercase;\" data-wpex-hover='{&quot;background&quot;:&quot;#000000&quot;,&quot;color&quot;:&quot;#ffffff&quot;}'><span class=\"theme-button-inner\">Contacta Ahora<\/span><\/a><\/div> [\/vc_column][\/vc_row]\n","protected":false},"excerpt":{"rendered":"<p>[vc_row column_spacing=\u00bb60&#8243; remove_bottom_col_margin=\u00bbtrue\u00bb local_scroll_id=\u00bbfeatures\u00bb css=\u00bb.vc_custom_1651709476342{padding-top: 100px !important;padding-bottom: 100px !important;}\u00bb][vc_column][vc_row_inner][vc_column_inner width=\u00bb5\/6&#8243;][vc_column_text font_size=\u00bb28px\u00bb width=\u00bb750px\u00bb text_align=\u00bbleft\u00bb color=\u00bb#383838&#8243; font_family=\u00bbLora\u00bb font_weight=\u00bb400&#8243;]Jesana IP es una empresa de patentes y marcas capacitada para realizar todas las actuaciones necesarias en su solicitud y tramitaci\u00f3n, su vigilancia y protecci\u00f3n, adem\u00e1s de realizar los estudios e informes previos de viabilidad.[\/vc_column_text][\/vc_column_inner][vc_column_inner width=\u00bb1\/6&#8243;][\/vc_column_inner][\/vc_row_inner][\/vc_column][\/vc_row][vc_row full_width=\u00bbstretch_row\u00bb content_placement=\u00bbmiddle\u00bb column_spacing=\u00bb60&#8243; css=\u00bb.vc_custom_1657810113882{padding-top:&hellip;<\/p>\n","protected":false},"author":1,"featured_media":0,"parent":0,"menu_order":0,"comment_status":"closed","ping_status":"closed","template":"","meta":{"footnotes":""},"class_list":["post-384","page","type-page","status-publish","hentry","entry","no-media"],"yoast_head":"<!-- This site is optimized with the Yoast SEO plugin v26.4 - https:\/\/yoast.com\/wordpress\/plugins\/seo\/ -->\n<title>Consultor\u00eda Propiedad Industrial<\/title>\n<meta name=\"description\" content=\"JESANA IP. Como t\u00e9cnicos en Propiedad Industrial con m\u00e1s de 15 a\u00f1os de experiencia, hemos redactado cientos de memorias de patentes y modelos de utilidad\" \/>\n<meta name=\"robots\" content=\"index, follow, max-snippet:-1, max-image-preview:large, max-video-preview:-1\" \/>\n<link rel=\"canonical\" href=\"https:\/\/jesanaip.com\/nosotros\/\" \/>\n<meta property=\"og:locale\" content=\"es_ES\" \/>\n<meta property=\"og:type\" content=\"article\" \/>\n<meta property=\"og:title\" content=\"Consultor\u00eda Propiedad Industrial\" \/>\n<meta property=\"og:description\" content=\"JESANA IP. Como t\u00e9cnicos en Propiedad Industrial con m\u00e1s de 15 a\u00f1os de experiencia, hemos redactado cientos de memorias de patentes y modelos de utilidad\" \/>\n<meta property=\"og:url\" content=\"https:\/\/jesanaip.com\/nosotros\/\" \/>\n<meta property=\"og:site_name\" content=\"JESANA IP\" \/>\n<meta property=\"article:publisher\" content=\"https:\/\/www.facebook.com\/people\/Jesana-IP\/100063718263842\/\" \/>\n<meta property=\"article:modified_time\" content=\"2023-11-02T15:26:50+00:00\" \/>\n<meta property=\"og:image\" content=\"https:\/\/jesanaip.com\/wp-content\/uploads\/2022\/07\/jesanaip_logo_horizontal.png\" \/>\n\t<meta property=\"og:image:width\" content=\"395\" \/>\n\t<meta property=\"og:image:height\" content=\"102\" \/>\n\t<meta property=\"og:image:type\" content=\"image\/png\" \/>\n<meta name=\"twitter:card\" content=\"summary_large_image\" \/>\n<meta name=\"twitter:site\" content=\"@jesanaip\" \/>\n<meta name=\"twitter:label1\" content=\"Tiempo de lectura\" \/>\n\t<meta name=\"twitter:data1\" content=\"3 minutos\" \/>\n<script type=\"application\/ld+json\" class=\"yoast-schema-graph\">{\"@context\":\"https:\/\/schema.org\",\"@graph\":[{\"@type\":\"WebPage\",\"@id\":\"https:\/\/jesanaip.com\/nosotros\/\",\"url\":\"https:\/\/jesanaip.com\/nosotros\/\",\"name\":\"Consultor\u00eda Propiedad Industrial\",\"isPartOf\":{\"@id\":\"https:\/\/jesanaip.com\/#website\"},\"datePublished\":\"2022-10-06T08:19:42+00:00\",\"dateModified\":\"2023-11-02T15:26:50+00:00\",\"description\":\"JESANA IP. Como t\u00e9cnicos en Propiedad Industrial con m\u00e1s de 15 a\u00f1os de experiencia, hemos redactado cientos de memorias de patentes y modelos de utilidad\",\"breadcrumb\":{\"@id\":\"https:\/\/jesanaip.com\/nosotros\/#breadcrumb\"},\"inLanguage\":\"es\",\"potentialAction\":[{\"@type\":\"ReadAction\",\"target\":[\"https:\/\/jesanaip.com\/nosotros\/\"]}]},{\"@type\":\"BreadcrumbList\",\"@id\":\"https:\/\/jesanaip.com\/nosotros\/#breadcrumb\",\"itemListElement\":[{\"@type\":\"ListItem\",\"position\":1,\"name\":\"Portada\",\"item\":\"https:\/\/jesanaip.com\/\"},{\"@type\":\"ListItem\",\"position\":2,\"name\":\"Nosotros\"}]},{\"@type\":\"WebSite\",\"@id\":\"https:\/\/jesanaip.com\/#website\",\"url\":\"https:\/\/jesanaip.com\/\",\"name\":\"JESANA IP\",\"description\":\"Consultores en Propiedad Industrial con +15 a\u00f1os de experiencia. Empresa de registro de Marcas y Patentes, Modelos de utilidad y Dise\u00f1os Industriales\",\"publisher\":{\"@id\":\"https:\/\/jesanaip.com\/#organization\"},\"alternateName\":\"JESANA IP\",\"potentialAction\":[{\"@type\":\"SearchAction\",\"target\":{\"@type\":\"EntryPoint\",\"urlTemplate\":\"https:\/\/jesanaip.com\/?s={search_term_string}\"},\"query-input\":{\"@type\":\"PropertyValueSpecification\",\"valueRequired\":true,\"valueName\":\"search_term_string\"}}],\"inLanguage\":\"es\"},{\"@type\":\"Organization\",\"@id\":\"https:\/\/jesanaip.com\/#organization\",\"name\":\"JESANA PATENTES SL\",\"url\":\"https:\/\/jesanaip.com\/\",\"logo\":{\"@type\":\"ImageObject\",\"inLanguage\":\"es\",\"@id\":\"https:\/\/jesanaip.com\/#\/schema\/logo\/image\/\",\"url\":\"https:\/\/jesanaip.com\/wp-content\/uploads\/2022\/07\/JesanaIP_logo_vertical.png\",\"contentUrl\":\"https:\/\/jesanaip.com\/wp-content\/uploads\/2022\/07\/JesanaIP_logo_vertical.png\",\"width\":300,\"height\":220,\"caption\":\"JESANA PATENTES SL\"},\"image\":{\"@id\":\"https:\/\/jesanaip.com\/#\/schema\/logo\/image\/\"},\"sameAs\":[\"https:\/\/www.facebook.com\/people\/Jesana-IP\/100063718263842\/\",\"https:\/\/x.com\/jesanaip\"]}]}<\/script>\n<!-- \/ Yoast SEO plugin. -->","yoast_head_json":{"title":"Consultor\u00eda Propiedad Industrial","description":"JESANA IP. Como t\u00e9cnicos en Propiedad Industrial con m\u00e1s de 15 a\u00f1os de experiencia, hemos redactado cientos de memorias de patentes y modelos de utilidad","robots":{"index":"index","follow":"follow","max-snippet":"max-snippet:-1","max-image-preview":"max-image-preview:large","max-video-preview":"max-video-preview:-1"},"canonical":"https:\/\/jesanaip.com\/nosotros\/","og_locale":"es_ES","og_type":"article","og_title":"Consultor\u00eda Propiedad Industrial","og_description":"JESANA IP. Como t\u00e9cnicos en Propiedad Industrial con m\u00e1s de 15 a\u00f1os de experiencia, hemos redactado cientos de memorias de patentes y modelos de utilidad","og_url":"https:\/\/jesanaip.com\/nosotros\/","og_site_name":"JESANA IP","article_publisher":"https:\/\/www.facebook.com\/people\/Jesana-IP\/100063718263842\/","article_modified_time":"2023-11-02T15:26:50+00:00","og_image":[{"width":395,"height":102,"url":"https:\/\/jesanaip.com\/wp-content\/uploads\/2022\/07\/jesanaip_logo_horizontal.png","type":"image\/png"}],"twitter_card":"summary_large_image","twitter_site":"@jesanaip","twitter_misc":{"Tiempo de lectura":"3 minutos"},"schema":{"@context":"https:\/\/schema.org","@graph":[{"@type":"WebPage","@id":"https:\/\/jesanaip.com\/nosotros\/","url":"https:\/\/jesanaip.com\/nosotros\/","name":"Consultor\u00eda Propiedad Industrial","isPartOf":{"@id":"https:\/\/jesanaip.com\/#website"},"datePublished":"2022-10-06T08:19:42+00:00","dateModified":"2023-11-02T15:26:50+00:00","description":"JESANA IP. Como t\u00e9cnicos en Propiedad Industrial con m\u00e1s de 15 a\u00f1os de experiencia, hemos redactado cientos de memorias de patentes y modelos de utilidad","breadcrumb":{"@id":"https:\/\/jesanaip.com\/nosotros\/#breadcrumb"},"inLanguage":"es","potentialAction":[{"@type":"ReadAction","target":["https:\/\/jesanaip.com\/nosotros\/"]}]},{"@type":"BreadcrumbList","@id":"https:\/\/jesanaip.com\/nosotros\/#breadcrumb","itemListElement":[{"@type":"ListItem","position":1,"name":"Portada","item":"https:\/\/jesanaip.com\/"},{"@type":"ListItem","position":2,"name":"Nosotros"}]},{"@type":"WebSite","@id":"https:\/\/jesanaip.com\/#website","url":"https:\/\/jesanaip.com\/","name":"JESANA IP","description":"Consultores en Propiedad Industrial con +15 a\u00f1os de experiencia. Empresa de registro de Marcas y Patentes, Modelos de utilidad y Dise\u00f1os Industriales","publisher":{"@id":"https:\/\/jesanaip.com\/#organization"},"alternateName":"JESANA IP","potentialAction":[{"@type":"SearchAction","target":{"@type":"EntryPoint","urlTemplate":"https:\/\/jesanaip.com\/?s={search_term_string}"},"query-input":{"@type":"PropertyValueSpecification","valueRequired":true,"valueName":"search_term_string"}}],"inLanguage":"es"},{"@type":"Organization","@id":"https:\/\/jesanaip.com\/#organization","name":"JESANA PATENTES SL","url":"https:\/\/jesanaip.com\/","logo":{"@type":"ImageObject","inLanguage":"es","@id":"https:\/\/jesanaip.com\/#\/schema\/logo\/image\/","url":"https:\/\/jesanaip.com\/wp-content\/uploads\/2022\/07\/JesanaIP_logo_vertical.png","contentUrl":"https:\/\/jesanaip.com\/wp-content\/uploads\/2022\/07\/JesanaIP_logo_vertical.png","width":300,"height":220,"caption":"JESANA PATENTES SL"},"image":{"@id":"https:\/\/jesanaip.com\/#\/schema\/logo\/image\/"},"sameAs":["https:\/\/www.facebook.com\/people\/Jesana-IP\/100063718263842\/","https:\/\/x.com\/jesanaip"]}]}},"_links":{"self":[{"href":"https:\/\/jesanaip.com\/wp-json\/wp\/v2\/pages\/384","targetHints":{"allow":["GET"]}}],"collection":[{"href":"https:\/\/jesanaip.com\/wp-json\/wp\/v2\/pages"}],"about":[{"href":"https:\/\/jesanaip.com\/wp-json\/wp\/v2\/types\/page"}],"author":[{"embeddable":true,"href":"https:\/\/jesanaip.com\/wp-json\/wp\/v2\/users\/1"}],"replies":[{"embeddable":true,"href":"https:\/\/jesanaip.com\/wp-json\/wp\/v2\/comments?post=384"}],"version-history":[{"count":14,"href":"https:\/\/jesanaip.com\/wp-json\/wp\/v2\/pages\/384\/revisions"}],"predecessor-version":[{"id":564,"href":"https:\/\/jesanaip.com\/wp-json\/wp\/v2\/pages\/384\/revisions\/564"}],"wp:attachment":[{"href":"https:\/\/jesanaip.com\/wp-json\/wp\/v2\/media?parent=384"}],"curies":[{"name":"wp","href":"https:\/\/api.w.org\/{rel}","templated":true}]}}