{"id":444,"date":"2022-10-06T13:10:36","date_gmt":"2022-10-06T13:10:36","guid":{"rendered":"https:\/\/jesanaip.com\/?page_id=444"},"modified":"2022-10-06T13:10:48","modified_gmt":"2022-10-06T13:10:48","slug":"aviso-legal","status":"publish","type":"page","link":"https:\/\/jesanaip.com\/aviso-legal\/","title":{"rendered":"Aviso Legal"},"content":{"rendered":"<ol>\n<li>\n<h3 data-fontsize=\"32\" data-lineheight=\"44\">Identificaci\u00f3n de la raz\u00f3n social del responsable del fichero<\/h3>\n<\/li>\n<\/ol>\n<p>De acuerdo con la Ley 34\/2002 de 11 de julio de servicios de la sociedad de la informaci\u00f3n y de comercio electr\u00f3nico ponemos en su conocimiento los datos sociales de la entidad:<\/p>\n<ul>\n<li><strong>Raz\u00f3n social:<\/strong> <strong>JESANA PATENTES SL<\/strong><\/li>\n<li><strong>Residencia:<\/strong> <strong>Espa\u00f1a<\/strong><\/li>\n<li><strong>Tel\u00e9fonos:<\/strong> <strong>963781942<\/strong><\/li>\n<li><strong>E-mail<\/strong>: <strong>info@jesana-ip.com<\/strong><\/li>\n<li><strong>Domicilio: <\/strong><strong>Av. Dr. Tom\u00e1s Sala, 12\/8<\/strong><strong> de Valencia 46017\u00a0 (Valencia). <\/strong><\/li>\n<li><strong>N.I.F\/C.I.F<\/strong>.: <strong>B98512858<\/strong><\/li>\n<li><strong>Objeto<\/strong>:<\/li>\n<li><strong>Datos Reg\u00edstrales:<\/strong> <strong>Registro Mercantil de Valencia, Tomo 9.588, Libro 6870, Folio 206, Secci\u00f3n 8, Hoja V-152550, Inscripci\u00f3n 1\u00aa.<\/strong><\/li>\n<\/ul>\n<ol start=\"2\">\n<li>\n<h3 data-fontsize=\"32\" data-lineheight=\"44\">Informaci\u00f3n general.<\/h3>\n<\/li>\n<\/ol>\n<p>Estas condiciones generales regulan el uso del servicio del web site www.jesanaip.com\u00a0 cuyo titular es <strong>JESANA PATENTES SL<\/strong> disponible de forma gratuita para los usuarios de Internet y su visualizaci\u00f3n no requiere de previa suscripci\u00f3n o registro alguno. No obstante, la contrataci\u00f3n de determinados servicios o productos s\u00ed requiere el registro del Usuario en la Web. La utilizaci\u00f3n de nuestra Web le atribuye la condici\u00f3n de usuario y supone la aceptaci\u00f3n plena y sin reservas por el Usuario de todas y cada una de las Condiciones Generales en la versi\u00f3n publicada por <strong>JESANA PATENTES SL<\/strong> en el momento mismo en que el Usuario acceda a nuestro Web Site, as\u00ed como de nuestra pol\u00edtica de privacidad y tratamiento de datos personales. El Usuario debe leer atentamente las Condiciones Generales en cada una de las ocasiones en que se proponga utilizar nuestra Web. Asimismo, la utilizaci\u00f3n del Servicio se encuentra sometida igualmente a todos los avisos, reglamentos de uso e instrucciones puestos en conocimiento del Usuario por <strong>JESANA PATENTES SL<\/strong> previsto en estas Condiciones Generales en cuanto no se opongan a ellas.<\/p>\n<p>El Usuario registrado podr\u00e1 en todo momento darse de baja de forma autom\u00e1tica como Usuario de la web, sin que dicha decisi\u00f3n pueda tener car\u00e1cter retroactivo, por Internet o por tel\u00e9fono en el n\u00famero<strong> 963781942 <\/strong>o por correo electr\u00f3nico a la direcci\u00f3n <strong>info@jesanaip.com<\/strong><\/p>\n<p><strong>JESANA PATENTES SL<\/strong> se reserva el derecho a denegar o retirar el acceso a su WebSite, en cualquier momento y sin necesidad de preaviso, a aquellos Usuarios que incumplan las presentes Condiciones Generales, as\u00ed como las Condiciones Particulares que resulten de aplicaci\u00f3n.<\/p>\n<ol start=\"3\">\n<li>\n<h3 data-fontsize=\"32\" data-lineheight=\"44\">Condiciones Generales<\/h3>\n<\/li>\n<\/ol>\n<p>Con car\u00e1cter general, el Usuario se obliga al cumplimiento de las presentes condiciones y t\u00e9rminos de uso, y obrar siempre conforme a la ley, a las buenas costumbres y a las exigencias de la buena fe, empleando la diligencia adecuada a la naturaleza del servicio del que disfruta, absteni\u00e9ndose de utilizar el sitio www.jesanaip.com , de cualquier forma que pueda impedir, da\u00f1ar o deteriorar el normal funcionamiento del mismo, los bienes o derechos <strong>JESANA PATENTES SL<\/strong>, del resto de Usuarios o en general de cualquier tercero.<\/p>\n<p>En particular, y sin que ello implique restricci\u00f3n alguna a la obligaci\u00f3n asumida por el Usuario con car\u00e1cter general de conformidad con el apartado anterior, el Usuario se obliga, en la utilizaci\u00f3n de www.jesanaip.com a:<\/p>\n<ul>\n<li>No introducir, almacenar o difundir en o desde el sitio web, cualquier informaci\u00f3n o material que fuera difamatorio, injurioso, obsceno, amenazador, xen\u00f3fobo, incite a la violencia a la discriminaci\u00f3n por raz\u00f3n de raza, sexo, ideolog\u00eda, religi\u00f3n o que de cualquier forma atente contra la moral, el orden p\u00fablico, los derechos fundamentales y las libertades p\u00fablicas, el honor, la intimidad o la imagen de terceros y en general la normativa vigente.<\/li>\n<li>No introducir, almacenar o difundir mediante el sitio web ning\u00fan programa de ordenador, datos, virus, c\u00f3digo, equipo de hardware o de telecomunicaciones o cualquier otro instrumento o dispositivo electr\u00f3nico o f\u00edsico que sea susceptible de causar da\u00f1os en el sitio web, en cualquiera de los servicios, o en cualquiera de los equipos, sistemas o redes de <strong>JESANA PATENTES SL<\/strong>, de cualquier Usuario, o en general de cualquier tercero. O que de cualquier otra forma sea capaz de causarles cualquier tipo de alteraci\u00f3n o impedir el normal funcionamiento de los mismos.<\/li>\n<li>No destruir, alterar, utilizar para su uso, inutilizar o da\u00f1ar los datos, informaciones, programas o documentos electr\u00f3nicos de <strong>JESANA PATENTES SL<\/strong> o terceros.<\/li>\n<li>El Usuario no obstaculizar\u00e1 el uso del Servicio <strong>JESANA PATENTES SL<\/strong> de otro Usuario ni el uso de servicios similares por parte de otra entidad.<\/li>\n<li>El Usuario en especial deber\u00e1 de abstenerse a realizar cualquier acto contrario a las normas que regulan, la protecci\u00f3n de datos de car\u00e1cter personal, el mercado y los consumidores, la Propiedad Intelectual, las normas de car\u00e1cter fiscal, y el honor, la intimidad y la imagen y buen nombre de personas o entidades.<\/li>\n<li>El Usuario tiene prohibido suprimir, eludir o manipular el \u201ccopyright\u201d y dem\u00e1s datos\u00a0identificativos\u00a0de los derechos de\u00a0<strong>JESANA PATENTES SL<\/strong> o de sus titulares incorporados a los Contenidos, as\u00ed como los dispositivos t\u00e9cnicos de protecci\u00f3n y cualesquiera mecanismos de informaci\u00f3n que pudieren contener los Contenidos<\/li>\n<\/ul>\n<p><strong>JESANA PATENTES SL<\/strong> podr\u00e1, seg\u00fan su propio criterio, dar por terminado el servicio en forma inmediata, si la conducta del Usuario no fuera conforme con los t\u00e9rminos y condiciones expuestas en la presente.<\/p>\n<p><strong>JESANA PATENTES SL<\/strong> podr\u00e1, en todo momento y sin previo aviso, modificar las presentes Condiciones Generales, as\u00ed como las Condiciones Particulares que, en su caso, se incluyan, mediante la publicaci\u00f3n de dichas modificaciones en el sitio web con el fin de que puedan ser conocidas por los Usuarios.<\/p>\n<ol start=\"4\">\n<li>\n<h3 data-fontsize=\"32\" data-lineheight=\"44\">Propiedad intelectual e industrial<\/h3>\n<\/li>\n<\/ol>\n<p>La estructura, dise\u00f1o y forma de presentaci\u00f3n de los elementos [gr\u00e1ficos, im\u00e1genes, ficheros, logotipos, combinaciones de colores y cualquier elemento susceptible de protecci\u00f3n] est\u00e1n protegidos por derechos de propiedad intelectual titularidad de <strong>JESANA PATENTES SL<\/strong>.<\/p>\n<p>Est\u00e1n prohibidas la reproducci\u00f3n, la transformaci\u00f3n, distribuci\u00f3n, comunicaci\u00f3n p\u00fablica, puesta a disposici\u00f3n del p\u00fablico y, en general, cualquier otra forma de explotaci\u00f3n, parcial o total de los elementos referidos en el apartado anterior. Estos actos de explotaci\u00f3n s\u00f3lo podr\u00e1n ser realizados en virtud de autorizaci\u00f3n expresa de <strong>JESANA PATENTES SL<\/strong> y que, en todo caso, deber\u00e1n hacer referencia expl\u00edcita a la titularidad de los citados derechos de propiedad intelectual de <strong>JESANA PATENTES SL<\/strong>. S\u00f3lo estar\u00e1 autorizado a la reproducci\u00f3n [impresi\u00f3n o descarga] para uso privado de los contenidos dispuestos en el sitio web.<\/p>\n<p>No se permite la utilizaci\u00f3n de los signos distintivos [marcas, nombres comerciales], salvo autorizaci\u00f3n expresa de los leg\u00edtimos titulares.<\/p>\n<ol start=\"5\">\n<li>\n<h3 data-fontsize=\"32\" data-lineheight=\"44\">Exoneraci\u00f3n de responsabilidad.<\/h3>\n<\/li>\n<\/ol>\n<p><strong>JESANA PATENTES SL<\/strong> no ser\u00e1 responsable:<\/p>\n<p>Con car\u00e1cter general, respecto del uso inadecuado del sitio web titularidad de <strong>JESANA PATENTES SL<\/strong>.- Los usuarios deber\u00e1n realizar un uso adecuado del sitio web, de acuerdo con las condiciones y t\u00e9rminos anteriores, sin que ninguna responsabilidad pueda tener <strong>JESANA PATENTES SL<\/strong> por la utilizaci\u00f3n indebida.<\/p>\n<p>Respecto de posibles deficiencias t\u00e9cnicas. \u2013 <strong>JESANA PATENTES SL<\/strong> no ser\u00e1 responsable en ning\u00fan caso de las alteraciones en el servicio que se produzcan por fallos en la red el\u00e9ctrica, en la red de conexi\u00f3n de datos, en el servidor o en cualesquiera prestaciones.<\/p>\n<p>Respecto al acceso por terceros a su sistema <strong>JESANA PATENTES SL<\/strong> adoptar\u00e1 las cautelas t\u00e9cnicas necesarias a fin de proteger los datos e informaci\u00f3n a la que se accede, pero sin que sea responsable de actuaciones de terceros que, vulnerando las medidas de seguridad establecidas, accedan a los citados datos.<\/p>\n<p>Esta p\u00e1gina web puede contener enlaces a otras p\u00e1ginas de terceras partes cuyo contenido <strong>JESANA PATENTES SL<\/strong> no puede controlar. Su inclusi\u00f3n responde a fines informativos, no implicando la aceptaci\u00f3n o garant\u00eda por parte de <strong>JESANA PATENTES SL<\/strong>de los contenidos de dichas p\u00e1ginas web. Por ello, <strong>JESANA PATENTES SL<\/strong> rechaza toda responsabilidad en relaci\u00f3n con los mismos, as\u00ed como por los da\u00f1os que pudieran causarse por cualquier motivo en su sistema inform\u00e1tico (equipo y aplicaciones), documentos o ficheros. <strong>JESANA PATENTES SL<\/strong> en la medida en la que lo permita la legislaci\u00f3n aplicable, no garantiza la fiabilidad, disponibilidad o continuidad del funcionamiento de esta p\u00e1gina web ni de su contenido por motivos t\u00e9cnicos, de seguridad, control o mantenimiento del servicio, por fallos debidos al servidor que aloja los contenidos o de otros intermediarios o proveedores, por ataques contra el sistema inform\u00e1tico, ni por cualesquiera otros motivos que se deriven de causas que escapen a su control, por lo que se exime de cualquier responsabilidad, directa o indirecta, por los mismos.<\/p>\n<p><strong>JESANA PATENTES SL<\/strong> no se hace responsable de los fallos, errores o da\u00f1os, directos o indirectos, que puedan causarse al sistema inform\u00e1tico del usuario o a los ficheros o documentos almacenados en el mismo, que sean causados o se deriven de la capacidad o calidad de su sistema inform\u00e1tico o de la presencia de un virus o cualquier otra aplicaci\u00f3n inform\u00e1tica da\u00f1ina en el ordenador que sea utilizado para la conexi\u00f3n a los contenidos de la web, de la calidad de su conexi\u00f3n o acceso a Internet, por un mal funcionamiento de su navegador, o por el uso de aplicaciones inform\u00e1ticas cuyas versiones no est\u00e9n actualizadas o no se obtenga la correspondiente licencia de usuario.<\/p>\n<p><strong>JESANA PATENTES SL<\/strong> queda exonerado de responsabilidad por cualquier reclamaci\u00f3n respecto a los derechos de propiedad intelectual de los art\u00edculos e im\u00e1genes publicadas en su portal, as\u00ed como, no garantiza la exactitud, veracidad y vigencia de los contenidos de esta p\u00e1gina web, ya sean propios, de terceros, o enlazables a otras websites, quedando totalmente exonerada de cualquier responsabilidad derivada del uso de la mismos<\/p>\n<p><strong>JESANA PATENTES SL<\/strong> queda exonerada de cualquier responsabilidad derivada de cualquier reclamaci\u00f3n, incluido el pago de honorarios a abogados, por las demandas y reclamaciones originadas por terceros por el incumplimiento por parte del USUARIO de nuestras condiciones de uso, acceso y pol\u00edtica de privacidad, o cualquiera otra reclamaci\u00f3n por el incumplimiento de la legislaci\u00f3n vigente<\/p>\n<ol start=\"6\">\n<li>\n<h3 data-fontsize=\"32\" data-lineheight=\"44\">Legislaci\u00f3n.<\/h3>\n<\/li>\n<\/ol>\n<p>Con car\u00e1cter general las relaciones entre <strong>JESANA PATENTES SL<\/strong> con los Usuarios de sus servicios telem\u00e1ticos, presentes en este sitio Web, se encuentran sometidas a la legislaci\u00f3n y jurisdicci\u00f3n espa\u00f1olas, someti\u00e9ndose las partes para cualquier cuesti\u00f3n litigiosa derivada del presente acuerdo a los Juzgados y Tribunales de residencia del Usuario (Espa\u00f1a).<\/p>\n<p>Si un tribunal competente considerara que alguna disposici\u00f3n o disposiciones del presente acuerdo fuese contraria a la ley, tal o tales disposiciones ser\u00e1n redactadas nuevamente de forma tal que reflejen lo m\u00e1s fielmente posible las intenciones de las partes, mientras las otras disposiciones se mantendr\u00e1n vigentes y aplicables.<\/p>\n<p>En el supuesto de que alguna de las cl\u00e1usulas del presente Acuerdo resultara inv\u00e1lida o inaplicable, la parte v\u00e1lida o aplicable y las restantes disposiciones del Acuerdo se mantendr\u00e1n vigentes y aplicables.<\/p>\n","protected":false},"excerpt":{"rendered":"<p>Identificaci\u00f3n de la raz\u00f3n social del responsable del fichero De acuerdo con la Ley 34\/2002 de 11 de julio de servicios de la sociedad de la informaci\u00f3n y de comercio electr\u00f3nico ponemos en su conocimiento los datos sociales de la entidad: Raz\u00f3n social: JESANA PATENTES SL Residencia: Espa\u00f1a Tel\u00e9fonos: 963781942 E-mail: info@jesana-ip.com Domicilio: Av. Dr.&hellip;<\/p>\n","protected":false},"author":1,"featured_media":0,"parent":0,"menu_order":0,"comment_status":"closed","ping_status":"closed","template":"","meta":{"footnotes":""},"class_list":["post-444","page","type-page","status-publish","hentry","entry","no-media"],"yoast_head":"<!-- This site is optimized with the Yoast SEO plugin v26.4 - https:\/\/yoast.com\/wordpress\/plugins\/seo\/ -->\n<title>Aviso Legal<\/title>\n<meta name=\"description\" content=\"Conoce nuestro aviso legal vigente para nuestro sitio web y el uso y navegaci\u00f3n del mismo.\" \/>\n<meta name=\"robots\" content=\"noindex, nofollow\" \/>\n<meta property=\"og:locale\" content=\"es_ES\" \/>\n<meta property=\"og:type\" content=\"article\" \/>\n<meta property=\"og:title\" content=\"Aviso Legal\" \/>\n<meta property=\"og:description\" content=\"Conoce nuestro aviso legal vigente para nuestro sitio web y el uso y navegaci\u00f3n del mismo.\" \/>\n<meta property=\"og:url\" content=\"https:\/\/jesanaip.com\/aviso-legal\/\" \/>\n<meta property=\"og:site_name\" content=\"JESANA IP\" \/>\n<meta property=\"article:publisher\" content=\"https:\/\/www.facebook.com\/people\/Jesana-IP\/100063718263842\/\" \/>\n<meta property=\"article:modified_time\" content=\"2022-10-06T13:10:48+00:00\" \/>\n<meta property=\"og:image\" content=\"https:\/\/jesanaip.com\/wp-content\/uploads\/2022\/07\/jesanaip_logo_horizontal.png\" \/>\n\t<meta property=\"og:image:width\" content=\"395\" \/>\n\t<meta property=\"og:image:height\" content=\"102\" \/>\n\t<meta property=\"og:image:type\" content=\"image\/png\" \/>\n<meta name=\"twitter:card\" content=\"summary_large_image\" \/>\n<meta name=\"twitter:site\" content=\"@jesanaip\" \/>\n<meta name=\"twitter:label1\" content=\"Tiempo de lectura\" \/>\n\t<meta name=\"twitter:data1\" content=\"8 minutos\" \/>\n<script type=\"application\/ld+json\" class=\"yoast-schema-graph\">{\"@context\":\"https:\/\/schema.org\",\"@graph\":[{\"@type\":\"WebPage\",\"@id\":\"https:\/\/jesanaip.com\/aviso-legal\/\",\"url\":\"https:\/\/jesanaip.com\/aviso-legal\/\",\"name\":\"Aviso Legal\",\"isPartOf\":{\"@id\":\"https:\/\/jesanaip.com\/#website\"},\"datePublished\":\"2022-10-06T13:10:36+00:00\",\"dateModified\":\"2022-10-06T13:10:48+00:00\",\"description\":\"Conoce nuestro aviso legal vigente para nuestro sitio web y el uso y navegaci\u00f3n del mismo.\",\"breadcrumb\":{\"@id\":\"https:\/\/jesanaip.com\/aviso-legal\/#breadcrumb\"},\"inLanguage\":\"es\",\"potentialAction\":[{\"@type\":\"ReadAction\",\"target\":[\"https:\/\/jesanaip.com\/aviso-legal\/\"]}]},{\"@type\":\"BreadcrumbList\",\"@id\":\"https:\/\/jesanaip.com\/aviso-legal\/#breadcrumb\",\"itemListElement\":[{\"@type\":\"ListItem\",\"position\":1,\"name\":\"Portada\",\"item\":\"https:\/\/jesanaip.com\/\"},{\"@type\":\"ListItem\",\"position\":2,\"name\":\"Aviso Legal\"}]},{\"@type\":\"WebSite\",\"@id\":\"https:\/\/jesanaip.com\/#website\",\"url\":\"https:\/\/jesanaip.com\/\",\"name\":\"JESANA IP\",\"description\":\"Consultores en Propiedad Industrial con +15 a\u00f1os de experiencia. Empresa de registro de Marcas y Patentes, Modelos de utilidad y Dise\u00f1os Industriales\",\"publisher\":{\"@id\":\"https:\/\/jesanaip.com\/#organization\"},\"alternateName\":\"JESANA IP\",\"potentialAction\":[{\"@type\":\"SearchAction\",\"target\":{\"@type\":\"EntryPoint\",\"urlTemplate\":\"https:\/\/jesanaip.com\/?s={search_term_string}\"},\"query-input\":{\"@type\":\"PropertyValueSpecification\",\"valueRequired\":true,\"valueName\":\"search_term_string\"}}],\"inLanguage\":\"es\"},{\"@type\":\"Organization\",\"@id\":\"https:\/\/jesanaip.com\/#organization\",\"name\":\"JESANA PATENTES SL\",\"url\":\"https:\/\/jesanaip.com\/\",\"logo\":{\"@type\":\"ImageObject\",\"inLanguage\":\"es\",\"@id\":\"https:\/\/jesanaip.com\/#\/schema\/logo\/image\/\",\"url\":\"https:\/\/jesanaip.com\/wp-content\/uploads\/2022\/07\/JesanaIP_logo_vertical.png\",\"contentUrl\":\"https:\/\/jesanaip.com\/wp-content\/uploads\/2022\/07\/JesanaIP_logo_vertical.png\",\"width\":300,\"height\":220,\"caption\":\"JESANA PATENTES SL\"},\"image\":{\"@id\":\"https:\/\/jesanaip.com\/#\/schema\/logo\/image\/\"},\"sameAs\":[\"https:\/\/www.facebook.com\/people\/Jesana-IP\/100063718263842\/\",\"https:\/\/x.com\/jesanaip\"]}]}<\/script>\n<!-- \/ Yoast SEO plugin. -->","yoast_head_json":{"title":"Aviso Legal","description":"Conoce nuestro aviso legal vigente para nuestro sitio web y el uso y navegaci\u00f3n del mismo.","robots":{"index":"noindex","follow":"nofollow"},"og_locale":"es_ES","og_type":"article","og_title":"Aviso Legal","og_description":"Conoce nuestro aviso legal vigente para nuestro sitio web y el uso y navegaci\u00f3n del mismo.","og_url":"https:\/\/jesanaip.com\/aviso-legal\/","og_site_name":"JESANA IP","article_publisher":"https:\/\/www.facebook.com\/people\/Jesana-IP\/100063718263842\/","article_modified_time":"2022-10-06T13:10:48+00:00","og_image":[{"width":395,"height":102,"url":"https:\/\/jesanaip.com\/wp-content\/uploads\/2022\/07\/jesanaip_logo_horizontal.png","type":"image\/png"}],"twitter_card":"summary_large_image","twitter_site":"@jesanaip","twitter_misc":{"Tiempo de lectura":"8 minutos"},"schema":{"@context":"https:\/\/schema.org","@graph":[{"@type":"WebPage","@id":"https:\/\/jesanaip.com\/aviso-legal\/","url":"https:\/\/jesanaip.com\/aviso-legal\/","name":"Aviso Legal","isPartOf":{"@id":"https:\/\/jesanaip.com\/#website"},"datePublished":"2022-10-06T13:10:36+00:00","dateModified":"2022-10-06T13:10:48+00:00","description":"Conoce nuestro aviso legal vigente para nuestro sitio web y el uso y navegaci\u00f3n del mismo.","breadcrumb":{"@id":"https:\/\/jesanaip.com\/aviso-legal\/#breadcrumb"},"inLanguage":"es","potentialAction":[{"@type":"ReadAction","target":["https:\/\/jesanaip.com\/aviso-legal\/"]}]},{"@type":"BreadcrumbList","@id":"https:\/\/jesanaip.com\/aviso-legal\/#breadcrumb","itemListElement":[{"@type":"ListItem","position":1,"name":"Portada","item":"https:\/\/jesanaip.com\/"},{"@type":"ListItem","position":2,"name":"Aviso Legal"}]},{"@type":"WebSite","@id":"https:\/\/jesanaip.com\/#website","url":"https:\/\/jesanaip.com\/","name":"JESANA IP","description":"Consultores en Propiedad Industrial con +15 a\u00f1os de experiencia. Empresa de registro de Marcas y Patentes, Modelos de utilidad y Dise\u00f1os Industriales","publisher":{"@id":"https:\/\/jesanaip.com\/#organization"},"alternateName":"JESANA IP","potentialAction":[{"@type":"SearchAction","target":{"@type":"EntryPoint","urlTemplate":"https:\/\/jesanaip.com\/?s={search_term_string}"},"query-input":{"@type":"PropertyValueSpecification","valueRequired":true,"valueName":"search_term_string"}}],"inLanguage":"es"},{"@type":"Organization","@id":"https:\/\/jesanaip.com\/#organization","name":"JESANA PATENTES SL","url":"https:\/\/jesanaip.com\/","logo":{"@type":"ImageObject","inLanguage":"es","@id":"https:\/\/jesanaip.com\/#\/schema\/logo\/image\/","url":"https:\/\/jesanaip.com\/wp-content\/uploads\/2022\/07\/JesanaIP_logo_vertical.png","contentUrl":"https:\/\/jesanaip.com\/wp-content\/uploads\/2022\/07\/JesanaIP_logo_vertical.png","width":300,"height":220,"caption":"JESANA PATENTES SL"},"image":{"@id":"https:\/\/jesanaip.com\/#\/schema\/logo\/image\/"},"sameAs":["https:\/\/www.facebook.com\/people\/Jesana-IP\/100063718263842\/","https:\/\/x.com\/jesanaip"]}]}},"_links":{"self":[{"href":"https:\/\/jesanaip.com\/wp-json\/wp\/v2\/pages\/444","targetHints":{"allow":["GET"]}}],"collection":[{"href":"https:\/\/jesanaip.com\/wp-json\/wp\/v2\/pages"}],"about":[{"href":"https:\/\/jesanaip.com\/wp-json\/wp\/v2\/types\/page"}],"author":[{"embeddable":true,"href":"https:\/\/jesanaip.com\/wp-json\/wp\/v2\/users\/1"}],"replies":[{"embeddable":true,"href":"https:\/\/jesanaip.com\/wp-json\/wp\/v2\/comments?post=444"}],"version-history":[{"count":1,"href":"https:\/\/jesanaip.com\/wp-json\/wp\/v2\/pages\/444\/revisions"}],"predecessor-version":[{"id":445,"href":"https:\/\/jesanaip.com\/wp-json\/wp\/v2\/pages\/444\/revisions\/445"}],"wp:attachment":[{"href":"https:\/\/jesanaip.com\/wp-json\/wp\/v2\/media?parent=444"}],"curies":[{"name":"wp","href":"https:\/\/api.w.org\/{rel}","templated":true}]}}