{"id":551,"date":"2022-10-07T10:49:49","date_gmt":"2022-10-07T10:49:49","guid":{"rendered":"https:\/\/jesanaip.com\/?page_id=551"},"modified":"2022-10-07T10:58:23","modified_gmt":"2022-10-07T10:58:23","slug":"agente-europeo-de-patentes","status":"publish","type":"page","link":"https:\/\/jesanaip.com\/agente-europeo-de-patentes\/","title":{"rendered":"Jes\u00fas Sahuquillo"},"content":{"rendered":"[vc_row column_spacing=\u00bb60&#8243; remove_bottom_col_margin=\u00bbtrue\u00bb local_scroll_id=\u00bbfeatures\u00bb css=\u00bb.vc_custom_1651709476342{padding-top: 100px !important;padding-bottom: 100px !important;}\u00bb][vc_column][vc_row_inner][vc_column_inner width=\u00bb1\/2&#8243;]<figure class=\"vcex-image vcex-module wpex-clr\"><div class=\"vcex-image-inner wpex-relative wpex-inline-block\"><img decoding=\"async\" width=\"600\" height=\"799\" src=\"https:\/\/jesanaip.com\/wp-content\/uploads\/2022\/10\/jesus_sahuquillo_jesana.jpg\" class=\"wpex-align-middle\" alt=\"Jes\u00fas Sahuquillo agente de pantentes\" loading=\"lazy\" srcset=\"https:\/\/jesanaip.com\/wp-content\/uploads\/2022\/10\/jesus_sahuquillo_jesana.jpg 600w, https:\/\/jesanaip.com\/wp-content\/uploads\/2022\/10\/jesus_sahuquillo_jesana-225x300.jpg 225w\" sizes=\"auto, (max-width: 600px) 100vw, 600px\" \/><\/div><\/figure><div class=\"vcex-spacing wpex-w-100 wpex-clear\" style=\"height:20px;\"><\/div>[\/vc_column_inner][vc_column_inner width=\u00bb1\/2&#8243;][vc_column_text font_size=\u00bb28px\u00bb width=\u00bb550px\u00bb text_align=\u00bbleft\u00bb color=\u00bb#383838&#8243; font_family=\u00bbLora\u00bb font_weight=\u00bb800&#8243;]Agente Espa\u00f1ol de la Propiedad Industrial.<\/p>\n<p>Agente de Patentes Europeas cualificado e Ingeniero en Electr\u00f3nica y Autom\u00e1tica Industrial.[\/vc_column_text]<div class=\"vcex-spacing wpex-w-100 wpex-clear\" style=\"height:20px;\"><\/div><div class=\"vcex-module vcex-divider vcex-divider-solid wpex-my-10 vcex-divider-left wpex-float-left wpex-max-w-100 wpex-mx-auto wpex-block wpex-h-0 wpex-border-b wpex-border-solid wpex-border-main\" style=\"width:50px;border-color:#383838;\"><\/div><div class=\"vcex-clear--divider wpex-clear\"><\/div><div class=\"vcex-spacing wpex-w-100 wpex-clear\" style=\"height:30px;\"><\/div>[vc_column_text text_align=\u00bbleft\u00bb font_size=\u00bb15px\u00bb font_family=\u00bbLora\u00bb line_height=\u00bb2.1em\u00bb]Jes\u00fas ha trabajado en diversas empresas punteras del sector de la Propiedad Industrial hasta que en el a\u00f1o 2013 decidi\u00f3 dar el paso de formar Jesana IP, desde donde dirige y trabaja en exclusiva con el fin de dotar de un asesoramiento m\u00e1s personalizado a su cartera de clientes as\u00ed como comenzar una nueva experiencia laboral donde poner en pr\u00e1ctica todos los conocimientos adquiridos durante sus m\u00e1s de quince a\u00f1os de experiencia.<\/p>\n<p>Jes\u00fas compagina la direcci\u00f3n del despacho, con su trabajo de perito en diversos temas de propiedad industrial.<\/p>\n<p>Adem\u00e1s, posee el Diploma en \u201cLitigios de Patentes en Europa\u201d por la Universidad Polit\u00e9cnica de Mil\u00e1n y es miembro del Grupo Espa\u00f1ol del AIPPI.[\/vc_column_text]<div class=\"vcex-spacing wpex-w-100 wpex-clear\" style=\"height:20px;\"><\/div>[vc_column_text text_align=\u00bbleft\u00bb font_size=\u00bb15px\u00bb font_family=\u00bbLora\u00bb line_height=\u00bb2.1em\u00bb]Web: <a href=\"https:\/\/www.coapi.org\/propiedad-industrial\/?q=content\/sahuquillo-huerta-jes%C3%BAs\" target=\"_blank\" rel=\"noopener noreferrer\">COAPI<\/a>[\/vc_column_text][\/vc_column_inner][\/vc_row_inner]<div class=\"vcex-spacing wpex-w-100 wpex-clear\" style=\"height:30px;\"><\/div>[\/vc_column][\/vc_row][vc_row full_width=\u00bbstretch_row\u00bb wpex_bg_overlay=\u00bbdark\u00bb remove_bottom_col_margin=\u00bbtrue\u00bb wpex_fixed_bg=\u00bbfixed\u00bb css=\u00bb.vc_custom_1657815994469{padding-top: 100px !important;padding-bottom: 100px !important;background: #111111 url(https:\/\/jesanaip.com\/wp-content\/uploads\/2016\/04\/girl-phone.jpg?id=64) !important;background-position: center !important;background-repeat: no-repeat !important;background-size: cover !important;}\u00bb wpex_bg_overlay_opacity=\u00bb0.4&#8243;][vc_column css_animation=\u00bbfadeInDown\u00bb]<h2 class=\"vcex-heading vcex-module wpex-text-2xl wpex-font-normal wpex-m-auto wpex-max-w-100 vcex-heading-plain wpex-block wpex-text-center\" style=\"color:#ffffff;font-size:34px;\"><span class=\"vcex-heading-inner wpex-inline-block wpex-clr\">Te ayudamos a crecer<\/span><\/h2><div class=\"vcex-spacing wpex-w-100 wpex-clear\" style=\"height:20px;\"><\/div>[vc_column_text font_size=\u00bb20px\u00bb color=\u00bb#ffffff\u00bb text_align=\u00bbcenter\u00bb font_weight=\u00bb400&#8243;]Ante cualquier duda que te surja, com\u00e9ntanos. Nuestro equipo de profesionales te aportar\u00e1 la soluci\u00f3n m\u00e1s adecuada.[\/vc_column_text]<div class=\"vcex-spacing wpex-w-100 wpex-clear\" style=\"height:20px;\"><\/div><div class=\"theme-button-wrap textcenter wpex-clr\"><a href=\"\/contacto\/\" title=\"Con\u00f3cenos\" class=\"vcex-button theme-button flat black align-center active inline local-scroll-link\" style=\"background:#25afb4;padding-top:14px;padding-right:28px;padding-bottom:14px;padding-left:28px;color:#ffffff;font-size:12px;font-weight:600;border-radius:3px;margin-top:10px;margin-bottom:10px;text-transform:uppercase;\" data-wpex-hover='{&quot;background&quot;:&quot;#000000&quot;,&quot;color&quot;:&quot;#ffffff&quot;}'><span class=\"theme-button-inner\">Contacta Ahora<\/span><\/a><\/div> [\/vc_column][\/vc_row]\n","protected":false},"excerpt":{"rendered":"<p>[vc_row column_spacing=\u00bb60&#8243; remove_bottom_col_margin=\u00bbtrue\u00bb local_scroll_id=\u00bbfeatures\u00bb css=\u00bb.vc_custom_1651709476342{padding-top: 100px !important;padding-bottom: 100px !important;}\u00bb][vc_column][vc_row_inner][vc_column_inner width=\u00bb1\/2&#8243;][\/vc_column_inner][vc_column_inner width=\u00bb1\/2&#8243;][vc_column_text font_size=\u00bb28px\u00bb width=\u00bb550px\u00bb text_align=\u00bbleft\u00bb color=\u00bb#383838&#8243; font_family=\u00bbLora\u00bb font_weight=\u00bb800&#8243;]Agente Espa\u00f1ol de la Propiedad Industrial. Agente de Patentes Europeas cualificado e Ingeniero en Electr\u00f3nica y Autom\u00e1tica Industrial.[\/vc_column_text][vc_column_text text_align=\u00bbleft\u00bb font_size=\u00bb15px\u00bb font_family=\u00bbLora\u00bb line_height=\u00bb2.1em\u00bb]Jes\u00fas ha trabajado en diversas empresas punteras del sector de la Propiedad Industrial hasta que en el a\u00f1o&hellip;<\/p>\n","protected":false},"author":1,"featured_media":0,"parent":0,"menu_order":0,"comment_status":"closed","ping_status":"closed","template":"","meta":{"footnotes":""},"class_list":["post-551","page","type-page","status-publish","hentry","entry","no-media"],"yoast_head":"<!-- This site is optimized with the Yoast SEO plugin v26.4 - https:\/\/yoast.com\/wordpress\/plugins\/seo\/ -->\n<title>Jes\u00fas Sahuquillo, Agente Europeo de Patentes<\/title>\n<meta name=\"description\" content=\"JESANA IP. Technical Manager con m\u00e1s de 15 a\u00f1os de experiencia en Propiedad Industrial: patentes, marcas, dise\u00f1os y modelos de utilidad\" \/>\n<meta name=\"robots\" content=\"index, follow, max-snippet:-1, max-image-preview:large, max-video-preview:-1\" \/>\n<link rel=\"canonical\" href=\"https:\/\/jesanaip.com\/agente-europeo-de-patentes\/\" \/>\n<meta property=\"og:locale\" content=\"es_ES\" \/>\n<meta property=\"og:type\" content=\"article\" \/>\n<meta property=\"og:title\" content=\"Jes\u00fas Sahuquillo, Agente Europeo de Patentes\" \/>\n<meta property=\"og:description\" content=\"JESANA IP. Technical Manager con m\u00e1s de 15 a\u00f1os de experiencia en Propiedad Industrial: patentes, marcas, dise\u00f1os y modelos de utilidad\" \/>\n<meta property=\"og:url\" content=\"https:\/\/jesanaip.com\/agente-europeo-de-patentes\/\" \/>\n<meta property=\"og:site_name\" content=\"JESANA IP\" \/>\n<meta property=\"article:publisher\" content=\"https:\/\/www.facebook.com\/people\/Jesana-IP\/100063718263842\/\" \/>\n<meta property=\"article:modified_time\" content=\"2022-10-07T10:58:23+00:00\" \/>\n<meta property=\"og:image\" content=\"https:\/\/jesanaip.com\/wp-content\/uploads\/2022\/07\/jesanaip_logo_horizontal.png\" \/>\n\t<meta property=\"og:image:width\" content=\"395\" \/>\n\t<meta property=\"og:image:height\" content=\"102\" \/>\n\t<meta property=\"og:image:type\" content=\"image\/png\" \/>\n<meta name=\"twitter:card\" content=\"summary_large_image\" \/>\n<meta name=\"twitter:site\" content=\"@jesanaip\" \/>\n<meta name=\"twitter:label1\" content=\"Tiempo de lectura\" \/>\n\t<meta name=\"twitter:data1\" content=\"2 minutos\" \/>\n<script type=\"application\/ld+json\" class=\"yoast-schema-graph\">{\"@context\":\"https:\/\/schema.org\",\"@graph\":[{\"@type\":\"WebPage\",\"@id\":\"https:\/\/jesanaip.com\/agente-europeo-de-patentes\/\",\"url\":\"https:\/\/jesanaip.com\/agente-europeo-de-patentes\/\",\"name\":\"Jes\u00fas Sahuquillo, Agente Europeo de Patentes\",\"isPartOf\":{\"@id\":\"https:\/\/jesanaip.com\/#website\"},\"datePublished\":\"2022-10-07T10:49:49+00:00\",\"dateModified\":\"2022-10-07T10:58:23+00:00\",\"description\":\"JESANA IP. Technical Manager con m\u00e1s de 15 a\u00f1os de experiencia en Propiedad Industrial: patentes, marcas, dise\u00f1os y modelos de utilidad\",\"breadcrumb\":{\"@id\":\"https:\/\/jesanaip.com\/agente-europeo-de-patentes\/#breadcrumb\"},\"inLanguage\":\"es\",\"potentialAction\":[{\"@type\":\"ReadAction\",\"target\":[\"https:\/\/jesanaip.com\/agente-europeo-de-patentes\/\"]}]},{\"@type\":\"BreadcrumbList\",\"@id\":\"https:\/\/jesanaip.com\/agente-europeo-de-patentes\/#breadcrumb\",\"itemListElement\":[{\"@type\":\"ListItem\",\"position\":1,\"name\":\"Portada\",\"item\":\"https:\/\/jesanaip.com\/\"},{\"@type\":\"ListItem\",\"position\":2,\"name\":\"Jes\u00fas Sahuquillo\"}]},{\"@type\":\"WebSite\",\"@id\":\"https:\/\/jesanaip.com\/#website\",\"url\":\"https:\/\/jesanaip.com\/\",\"name\":\"JESANA IP\",\"description\":\"Consultores en Propiedad Industrial con +15 a\u00f1os de experiencia. Empresa de registro de Marcas y Patentes, Modelos de utilidad y Dise\u00f1os Industriales\",\"publisher\":{\"@id\":\"https:\/\/jesanaip.com\/#organization\"},\"alternateName\":\"JESANA IP\",\"potentialAction\":[{\"@type\":\"SearchAction\",\"target\":{\"@type\":\"EntryPoint\",\"urlTemplate\":\"https:\/\/jesanaip.com\/?s={search_term_string}\"},\"query-input\":{\"@type\":\"PropertyValueSpecification\",\"valueRequired\":true,\"valueName\":\"search_term_string\"}}],\"inLanguage\":\"es\"},{\"@type\":\"Organization\",\"@id\":\"https:\/\/jesanaip.com\/#organization\",\"name\":\"JESANA PATENTES SL\",\"url\":\"https:\/\/jesanaip.com\/\",\"logo\":{\"@type\":\"ImageObject\",\"inLanguage\":\"es\",\"@id\":\"https:\/\/jesanaip.com\/#\/schema\/logo\/image\/\",\"url\":\"https:\/\/jesanaip.com\/wp-content\/uploads\/2022\/07\/JesanaIP_logo_vertical.png\",\"contentUrl\":\"https:\/\/jesanaip.com\/wp-content\/uploads\/2022\/07\/JesanaIP_logo_vertical.png\",\"width\":300,\"height\":220,\"caption\":\"JESANA PATENTES SL\"},\"image\":{\"@id\":\"https:\/\/jesanaip.com\/#\/schema\/logo\/image\/\"},\"sameAs\":[\"https:\/\/www.facebook.com\/people\/Jesana-IP\/100063718263842\/\",\"https:\/\/x.com\/jesanaip\"]}]}<\/script>\n<!-- \/ Yoast SEO plugin. -->","yoast_head_json":{"title":"Jes\u00fas Sahuquillo, Agente Europeo de Patentes","description":"JESANA IP. Technical Manager con m\u00e1s de 15 a\u00f1os de experiencia en Propiedad Industrial: patentes, marcas, dise\u00f1os y modelos de utilidad","robots":{"index":"index","follow":"follow","max-snippet":"max-snippet:-1","max-image-preview":"max-image-preview:large","max-video-preview":"max-video-preview:-1"},"canonical":"https:\/\/jesanaip.com\/agente-europeo-de-patentes\/","og_locale":"es_ES","og_type":"article","og_title":"Jes\u00fas Sahuquillo, Agente Europeo de Patentes","og_description":"JESANA IP. Technical Manager con m\u00e1s de 15 a\u00f1os de experiencia en Propiedad Industrial: patentes, marcas, dise\u00f1os y modelos de utilidad","og_url":"https:\/\/jesanaip.com\/agente-europeo-de-patentes\/","og_site_name":"JESANA IP","article_publisher":"https:\/\/www.facebook.com\/people\/Jesana-IP\/100063718263842\/","article_modified_time":"2022-10-07T10:58:23+00:00","og_image":[{"width":395,"height":102,"url":"https:\/\/jesanaip.com\/wp-content\/uploads\/2022\/07\/jesanaip_logo_horizontal.png","type":"image\/png"}],"twitter_card":"summary_large_image","twitter_site":"@jesanaip","twitter_misc":{"Tiempo de lectura":"2 minutos"},"schema":{"@context":"https:\/\/schema.org","@graph":[{"@type":"WebPage","@id":"https:\/\/jesanaip.com\/agente-europeo-de-patentes\/","url":"https:\/\/jesanaip.com\/agente-europeo-de-patentes\/","name":"Jes\u00fas Sahuquillo, Agente Europeo de Patentes","isPartOf":{"@id":"https:\/\/jesanaip.com\/#website"},"datePublished":"2022-10-07T10:49:49+00:00","dateModified":"2022-10-07T10:58:23+00:00","description":"JESANA IP. Technical Manager con m\u00e1s de 15 a\u00f1os de experiencia en Propiedad Industrial: patentes, marcas, dise\u00f1os y modelos de utilidad","breadcrumb":{"@id":"https:\/\/jesanaip.com\/agente-europeo-de-patentes\/#breadcrumb"},"inLanguage":"es","potentialAction":[{"@type":"ReadAction","target":["https:\/\/jesanaip.com\/agente-europeo-de-patentes\/"]}]},{"@type":"BreadcrumbList","@id":"https:\/\/jesanaip.com\/agente-europeo-de-patentes\/#breadcrumb","itemListElement":[{"@type":"ListItem","position":1,"name":"Portada","item":"https:\/\/jesanaip.com\/"},{"@type":"ListItem","position":2,"name":"Jes\u00fas Sahuquillo"}]},{"@type":"WebSite","@id":"https:\/\/jesanaip.com\/#website","url":"https:\/\/jesanaip.com\/","name":"JESANA IP","description":"Consultores en Propiedad Industrial con +15 a\u00f1os de experiencia. Empresa de registro de Marcas y Patentes, Modelos de utilidad y Dise\u00f1os Industriales","publisher":{"@id":"https:\/\/jesanaip.com\/#organization"},"alternateName":"JESANA IP","potentialAction":[{"@type":"SearchAction","target":{"@type":"EntryPoint","urlTemplate":"https:\/\/jesanaip.com\/?s={search_term_string}"},"query-input":{"@type":"PropertyValueSpecification","valueRequired":true,"valueName":"search_term_string"}}],"inLanguage":"es"},{"@type":"Organization","@id":"https:\/\/jesanaip.com\/#organization","name":"JESANA PATENTES SL","url":"https:\/\/jesanaip.com\/","logo":{"@type":"ImageObject","inLanguage":"es","@id":"https:\/\/jesanaip.com\/#\/schema\/logo\/image\/","url":"https:\/\/jesanaip.com\/wp-content\/uploads\/2022\/07\/JesanaIP_logo_vertical.png","contentUrl":"https:\/\/jesanaip.com\/wp-content\/uploads\/2022\/07\/JesanaIP_logo_vertical.png","width":300,"height":220,"caption":"JESANA PATENTES SL"},"image":{"@id":"https:\/\/jesanaip.com\/#\/schema\/logo\/image\/"},"sameAs":["https:\/\/www.facebook.com\/people\/Jesana-IP\/100063718263842\/","https:\/\/x.com\/jesanaip"]}]}},"_links":{"self":[{"href":"https:\/\/jesanaip.com\/wp-json\/wp\/v2\/pages\/551","targetHints":{"allow":["GET"]}}],"collection":[{"href":"https:\/\/jesanaip.com\/wp-json\/wp\/v2\/pages"}],"about":[{"href":"https:\/\/jesanaip.com\/wp-json\/wp\/v2\/types\/page"}],"author":[{"embeddable":true,"href":"https:\/\/jesanaip.com\/wp-json\/wp\/v2\/users\/1"}],"replies":[{"embeddable":true,"href":"https:\/\/jesanaip.com\/wp-json\/wp\/v2\/comments?post=551"}],"version-history":[{"count":6,"href":"https:\/\/jesanaip.com\/wp-json\/wp\/v2\/pages\/551\/revisions"}],"predecessor-version":[{"id":554,"href":"https:\/\/jesanaip.com\/wp-json\/wp\/v2\/pages\/551\/revisions\/554"}],"wp:attachment":[{"href":"https:\/\/jesanaip.com\/wp-json\/wp\/v2\/media?parent=551"}],"curies":[{"name":"wp","href":"https:\/\/api.w.org\/{rel}","templated":true}]}}